{"id":4585,"date":"2016-11-08T18:23:15","date_gmt":"2016-11-08T17:23:15","guid":{"rendered":"https:\/\/comisiondatransparencia.valedordopobo.gal\/?page_id=4585"},"modified":"2023-10-25T14:03:04","modified_gmt":"2023-10-25T12:03:04","slug":"comision-da-transparencia-de-galicia","status":"publish","type":"page","link":"https:\/\/comisiondatransparencia.valedordopobo.gal\/es\/","title":{"rendered":"Comisi\u00f3n da Transparencia de Galicia"},"content":{"rendered":"<p>[vc_row full_width=\u00bbstretch_row\u00bb foundry_padding=\u00bbpb0&#8243; foundry_parallax=\u00bbnot-parallax\u00bb css=\u00bb.vc_custom_1481806220561{margin-top: 20px !important;margin-bottom: 30px !important;}\u00bb][vc_column offset=\u00bbvc_hidden-sm vc_hidden-xs\u00bb]<div class=\"slider-all-controls\" style=\"height: 550px;\"><ul class=\"slides\">\n\t\t<li class=\"vid-bg image-bg overlay pt240 pb240\" style=\"height: 550px;\">\n\t\t\n\t\t    <div class=\"background-image-holder\">\n\t\t        <img loading=\"lazy\" decoding=\"async\" width=\"957\" height=\"539\" src=\"https:\/\/comisiondatransparencia.valedordopobo.gal\/wp-content\/uploads\/2016\/12\/Captura-Slider-Castellano.jpg\" class=\"background-image\" alt=\"\" srcset=\"https:\/\/comisiondatransparencia.valedordopobo.gal\/wp-content\/uploads\/2016\/12\/Captura-Slider-Castellano.jpg 957w, https:\/\/comisiondatransparencia.valedordopobo.gal\/wp-content\/uploads\/2016\/12\/Captura-Slider-Castellano-300x169.jpg 300w, https:\/\/comisiondatransparencia.valedordopobo.gal\/wp-content\/uploads\/2016\/12\/Captura-Slider-Castellano-768x433.jpg 768w\" sizes=\"auto, (max-width: 957px) 100vw, 957px\" \/>\n\t\t    <\/div>\n\t\t    \n\t\t    <div class=\"fs-vid-background\">\n\t\t        <video muted loop>\n\t\t            <source src=\"https:\/\/comisiondatransparencia.valedordopobo.gal\/wp-content\/uploads\/2016\/12\/COMISIONV5_es.webm\" type=\"video\/webm\">\n\t\t            <source src=\"https:\/\/comisiondatransparencia.valedordopobo.gal\/wp-content\/uploads\/2016\/12\/COMISIONV5_es-converted.mp4\" type=\"video\/mp4\">\n\t\t            <source src=\"https:\/\/comisiondatransparencia.valedordopobo.gal\/wp-content\/uploads\/2016\/12\/COMISIONV5_es.ogv\" type=\"video\/ogg\">\t\n\t\t        <\/video>\n\t\t    <\/div>\n\t\t    \n\t\t    <div class=\"container\">\n\t\t        <div class=\"row\">\n\t\t            <div class=\"col-sm-12\">\n\t\t                \n\t\t            <\/div>\n\t\t        <\/div>\n\t\t    <\/div>\n\t\t    \n\t\t<\/li>\n\t<\/ul><\/div>[\/vc_column][vc_column offset=\u00bbvc_hidden-lg vc_hidden-md\u00bb]\n\t\t\t<div class=\"local-video-container\">\n\t\t\t    <div class=\"background-image-holder\">\n\t\t\t        <img loading=\"lazy\" decoding=\"async\" width=\"957\" height=\"536\" src=\"https:\/\/comisiondatransparencia.valedordopobo.gal\/wp-content\/uploads\/2016\/12\/portada-comision.jpg\" class=\"background-image\" alt=\"\" srcset=\"https:\/\/comisiondatransparencia.valedordopobo.gal\/wp-content\/uploads\/2016\/12\/portada-comision.jpg 957w, https:\/\/comisiondatransparencia.valedordopobo.gal\/wp-content\/uploads\/2016\/12\/portada-comision-300x168.jpg 300w, https:\/\/comisiondatransparencia.valedordopobo.gal\/wp-content\/uploads\/2016\/12\/portada-comision-768x430.jpg 768w, https:\/\/comisiondatransparencia.valedordopobo.gal\/wp-content\/uploads\/2016\/12\/portada-comision-30x17.jpg 30w\" sizes=\"auto, (max-width: 957px) 100vw, 957px\" \/>\n\t\t\t    <\/div>\n\t\t\t    <video controls=\"\">\n\t\t\t        <source src=\"https:\/\/comisiondatransparencia.valedordopobo.gal\/wp-content\/uploads\/2016\/12\/COMISIONV5.webm\" type=\"video\/webm\">\n\t\t\t        <source src=\"https:\/\/comisiondatransparencia.valedordopobo.gal\/wp-content\/uploads\/2016\/12\/COMISIONV5.mp4\" type=\"video\/mp4\">\n\t\t\t        <source src=\"https:\/\/comisiondatransparencia.valedordopobo.gal\/wp-content\/uploads\/2016\/12\/COMISIONV5.ogv\" type=\"video\/ogg\">\t\n\t\t\t    <\/video>\n\t\t\t    <div class=\"play-button\"><\/div>\n\t\t\t<\/div>\n\t\t[\/vc_column][\/vc_row][vc_row full_width=\u00bbstretch_row\u00bb width=\u00bbno_margin\u00bb p_top=\u00bb100&#8243; p_bottom=\u00bb90&#8243; m_top=\u00bb0&#8243; m_bottom=\u00bb0&#8243; css=\u00bb.vc_custom_1481703981813{margin-top: 20px !important;}\u00bb][vc_column][vc_row_inner equal_height=\u00bbyes\u00bb content_placement=\u00bbtop\u00bb][vc_column_inner width=\u00bb1\/6&#8243; offset=\u00bbvc_col-lg-offset-1 vc_hidden-sm vc_hidden-xs\u00bb][vc_empty_space height=\u00bb48px\u00bb][vc_column_text c_id=\u00bb.vc_1480936226425&#8243;]<\/p>\n<h3 style=\"text-align: left;\">Estamos a tu servicio. \u00bfEn qu\u00e9 podemos ayudarte?<\/h3>\n<p>[\/vc_column_text][\/vc_column_inner][vc_column_inner width=\u00bb1\/4&#8243; offset=\u00bbvc_hidden-lg vc_hidden-md\u00bb][vc_column_text c_id=\u00bb.vc_1480936226425&#8243;]<\/p>\n<h3 style=\"text-align: center;\">Estamos a tu servicio. \u00bfEn qu\u00e9 podemos ayudarte?<\/h3>\n<p>[\/vc_column_text][\/vc_column_inner][vc_column_inner width=\u00bb1\/4&#8243;][vc_single_image image=\u00bb6093&#8243; img_size=\u00bbfull\u00bb alignment=\u00bbcenter\u00bb onclick=\u00bbcustom_link\u00bb link=\u00bbhttps:\/\/comisiondatransparencia.valedordopobo.gal\/presentar-unha-reclamacion\/?lang=es\u00bb][vc_column_text c_id=\u00bb.vc_1480960831028&#8243; css=\u00bb.vc_custom_1482162058640{margin-top: -30px !important;}\u00bb]<\/p>\n<h4 class=\"icon-box-title\" style=\"text-align: center;\">PRESENTA UNA RECLAMACI\u00d3N<\/h4>\n<p style=\"text-align: center;\"><span style=\"font-size: 12pt;\">Conoce las v\u00edas para hacerlo<\/span><br \/>\n<a href=\"https:\/\/comisiondatransparencia.valedordopobo.gal\/presentar-unha-reclamacion\/?lang=es\"><strong>Ir &gt;&gt;<\/strong><\/a><\/p>\n<p>[\/vc_column_text][\/vc_column_inner][vc_column_inner width=\u00bb1\/4&#8243;][vc_single_image image=\u00bb6094&#8243; img_size=\u00bbfull\u00bb alignment=\u00bbcenter\u00bb onclick=\u00bbcustom_link\u00bb link=\u00bbhttps:\/\/comisiondatransparencia.valedordopobo.gal\/resolucions-da-comision-da-transparencia\/?lang=es\u00bb][vc_column_text c_id=\u00bb.vc_1480960869916&#8243; css=\u00bb.vc_custom_1553512721959{margin-top: -30px !important;}\u00bb]<\/p>\n<h4 class=\"icon-box-title\" style=\"text-align: center;\">RESOLUCIONES DE LA COMISI\u00d3N<\/h4>\n<p style=\"text-align: center;\"><span style=\"font-size: 12pt;\">As\u00ed concluimos algunas de nuestras actuaciones<\/span><br \/>\n<a href=\"https:\/\/comisiondatransparencia.valedordopobo.gal\/es\/buscador_resoluciones\/\"><strong>Ir &gt;&gt;<\/strong><\/a><\/p>\n<p>[\/vc_column_text][\/vc_column_inner][vc_column_inner width=\u00bb1\/4&#8243;][vc_single_image image=\u00bb6092&#8243; img_size=\u00bbfull\u00bb alignment=\u00bbcenter\u00bb onclick=\u00bbcustom_link\u00bb link=\u00bbhttps:\/\/comisiondatransparencia.valedordopobo.gal\/acceso-a-informacion\/?lang=es\u00bb][vc_column_text c_id=\u00bb.vc_1480961057161&#8243; css=\u00bb.vc_custom_1482162100859{margin-top: -30px !important;}\u00bb]<\/p>\n<h4 style=\"text-align: center;\">ACCESO A LA INFORMACI\u00d3N<\/h4>\n<p style=\"text-align: center;\"><span style=\"font-size: 12pt;\">Canal para solicitar informaci\u00f3n p\u00fablica de la Comisi\u00f3n<br \/>\n<\/span><strong><a href=\"https:\/\/comisiondatransparencia.valedordopobo.gal\/acceso-a-informacion\/?lang=es\">Ir &gt;&gt;<\/a><\/strong><\/p>\n<p>[\/vc_column_text][\/vc_column_inner][\/vc_row_inner][\/vc_column][\/vc_row][vc_row full_width=\u00bbstretch_row\u00bb foundry_background_style=\u00bbbg-secondary\u00bb foundry_padding=\u00bbpt64 pb64&#8243; parallax=\u00bbcontent-moving-fade\u00bb width=\u00bbfull\u00bb bg_color_row=\u00bb#f7f7f7&#8243; p_top=\u00bb40&#8243; p_bottom=\u00bb0&#8243; m_top=\u00bb0&#8243; m_bottom=\u00bb0&#8243;][vc_column width=\u00bb1\/6&#8243;][\/vc_column][vc_column width=\u00bb2\/3&#8243; animation_iteration=\u00bb1&#8243;][vc_column_text c_id=\u00bb.vc_1480940423398&#8243; h1_css=\u00bbfont-weight:300;font-size:50px;line-height:50px;\u00bb h4_css=\u00bbfont-weight:300;color:#999999;font-size:20px;line-height:32px;margin-top:20px;\u00bb h5_css=\u00bbfont-weight:700;color:#1cbac8;font-size:14px;text-transform:uppercase;\u00bb]<\/p>\n<h1 class=\"title-heading\" style=\"text-align: center;\"><span style=\"color: #333333;\"><strong>\u00bfQu\u00e9 es la Comisi\u00f3n da Transparencia de Galicia?<br \/>\n<\/strong><\/span><\/h1>\n<p>[\/vc_column_text][vc_empty_space height=\u00bb20&#8243;][\/vc_column][vc_column width=\u00bb1\/6&#8243;][\/vc_column][vc_column][vc_row_inner equal_height=\u00bbyes\u00bb content_placement=\u00bbmiddle\u00bb boxed=\u00bbyes\u00bb][vc_column_inner width=\u00bb1\/6&#8243; animation_iteration=\u00bb1&#8243;][\/vc_column_inner][vc_column_inner width=\u00bb1\/4&#8243; animation_iteration=\u00bb1&#8243;][vc_column_text c_id=\u00bb.vc_1480960655023&#8243;]<a href=\"https:\/\/comisiondatransparencia.valedordopobo.gal\/que-e\/?lang=es\"><img loading=\"lazy\" decoding=\"async\" class=\"aligncenter wp-image-5111 size-full\" src=\"https:\/\/comisiondatransparencia.valedordopobo.gal\/wp-content\/uploads\/2016\/11\/gif-comision-ok.gif\" alt=\"gif-comision-ok\" width=\"314\" height=\"209\" \/><\/a>[\/vc_column_text][\/vc_column_inner][vc_column_inner width=\u00bb5\/12&#8243; animation_iteration=\u00bb1&#8243; offset=\u00bbvc_hidden-sm vc_hidden-xs\u00bb][vc_column_text c_id=\u00bb.vc_1480940453854&#8243;]<span style=\"font-size: 14pt; color: #333333;\">La <strong class=\"cz-color-10066329\">Comisi\u00f3n da Transparencia<\/strong> se encarga de que las administraciones respeten el derecho de acceso a la informaci\u00f3n p\u00fablica que tienen todas las personas. Para poder protegerlo asume una funci\u00f3n espec\u00edfica que le atribuye la <a href=\"http:\/\/www.xunta.gal\/dog\/Publicados\/2016\/20160215\/AnuncioC3B0-110216-0001_es.html\">ley<\/a>: <strong>RESOLVER las reclamaciones frente a las resoluciones de acceso a la informaci\u00f3n p\u00fablica<\/strong>.<\/span>[\/vc_column_text][vc_btn title=\u00bb<b>Con\u00f3cenos m\u00e1s<\/b>\u00bb style=\u00bboutline-custom\u00bb outline_custom_color=\u00bb#999999&#8243; outline_custom_hover_background=\u00bb#b5ba05&#8243; outline_custom_hover_text=\u00bb#ffffff\u00bb shape=\u00bbround\u00bb align=\u00bbleft\u00bb i_icon_fontawesome=\u00bbfa fa-plus-square-o\u00bb add_icon=\u00bbtrue\u00bb link=\u00bburl:https%3A%2F%2Fcomisiondatransparencia.valedordopobo.gal%2Fes%2Fque-es%2F|||\u00bb][\/vc_column_inner][vc_column_inner offset=\u00bbvc_hidden-lg vc_hidden-md\u00bb][vc_column_text c_id=\u00bb.vc_1480940453854&#8243;]<span style=\"font-size: 14pt; color: #333333;\">La <strong class=\"cz-color-10066329\">Comisi\u00f3n da Transparencia<\/strong> se encarga de que las administraciones respeten el derecho de acceso a la informaci\u00f3n p\u00fablica que tienen todas las personas. Para poder protegerlo asume una funci\u00f3n espec\u00edfica que le atribuye la <a href=\"http:\/\/www.xunta.gal\/dog\/Publicados\/2016\/20160215\/AnuncioC3B0-110216-0001_es.html\">ley<\/a>: <strong>RESOLVER las reclamaciones frente a las resoluciones de acceso a la informaci\u00f3n p\u00fablica<\/strong>.<\/span>[\/vc_column_text][vc_btn title=\u00bb<b>Con\u00f3cenos m\u00e1s<\/b>\u00bb style=\u00bboutline-custom\u00bb outline_custom_color=\u00bb#999999&#8243; outline_custom_hover_background=\u00bb#b5ba05&#8243; outline_custom_hover_text=\u00bb#ffffff\u00bb shape=\u00bbround\u00bb align=\u00bbcenter\u00bb i_icon_fontawesome=\u00bbfa fa-plus-square-o\u00bb add_icon=\u00bbtrue\u00bb link=\u00bburl:http%3A%2F%2Fvl21300.dns-privadas.es%2F~transpar%2Fque-e%2F%3Flang%3Des|||\u00bb][\/vc_column_inner][\/vc_row_inner][\/vc_column][\/vc_row][vc_row full_width=\u00bbstretch_row\u00bb foundry_background_style=\u00bbbg-primary\u00bb width=\u00bbno_margin\u00bb p_top=\u00bb0&#8243; p_bottom=\u00bb0&#8243; m_top=\u00bb0&#8243; m_bottom=\u00bb0&#8243;][vc_column][vc_row_inner equal_height=\u00bbyes\u00bb content_placement=\u00bbmiddle\u00bb p_top=\u00bb20&#8243; css=\u00bb.vc_custom_1481709036842{margin-top: 5px !important;}\u00bb][vc_column_inner width=\u00bb1\/4&#8243; animation_iteration=\u00bb1&#8243;][vc_single_image image=\u00bb7078&#8243; img_size=\u00bbfull\u00bb alignment=\u00bbcenter\u00bb][\/vc_column_inner][vc_column_inner width=\u00bb1\/2&#8243; offset=\u00bbvc_hidden-sm vc_hidden-xs\u00bb][vc_empty_space height=\u00bb40px\u00bb][vc_column_text c_id=\u00bb.vc_1480943950051&#8243;]<\/p>\n<h3 style=\"text-align: left;\"><span style=\"color: #333333;\">La <strong>Comisi\u00f3n da Transparencia de Galicia<\/strong> es un \u00f3rgano colegiado independiente adscrito a la instituci\u00f3n del <strong>Valedor do Pobo<\/strong>.<\/span><\/h3>\n<p>[\/vc_column_text][\/vc_column_inner][vc_column_inner width=\u00bb1\/2&#8243; offset=\u00bbvc_hidden-lg vc_hidden-md\u00bb][vc_column_text c_id=\u00bb.vc_1480943950051&#8243;]<\/p>\n<h3 style=\"text-align: left;\"><span style=\"color: #333333;\">La\u00a0<strong>Comisi\u00f3n da Transparencia de Galicia<\/strong>\u00a0es un \u00f3rgano colegiado independiente adscrito a la instituci\u00f3n del\u00a0<strong>Valedor do Pobo<\/strong>.<\/span><\/h3>\n<p>[\/vc_column_text][\/vc_column_inner][vc_column_inner width=\u00bb1\/4&#8243; offset=\u00bbvc_hidden-sm vc_hidden-xs\u00bb][vc_empty_space height=\u00bb40px\u00bb][vc_btn title=\u00bb<b>Conoce el Valedor do Pobo<\/b>\u00bb shape=\u00bbround\u00bb color=\u00bbwhite\u00bb align=\u00bbleft\u00bb i_icon_fontawesome=\u00bbfa fa-user\u00bb add_icon=\u00bbtrue\u00bb link=\u00bburl:http%3A%2F%2Fwww.valedordopobo.gal%2Fes%2F||target:%20_blank|\u00bb][\/vc_column_inner][vc_column_inner width=\u00bb1\/4&#8243; offset=\u00bbvc_hidden-lg vc_hidden-md\u00bb][vc_btn title=\u00bb<b>Conoce el Valedor do Pobo<\/b>\u00bb shape=\u00bbround\u00bb color=\u00bbwhite\u00bb align=\u00bbcenter\u00bb i_icon_fontawesome=\u00bbfa fa-user\u00bb add_icon=\u00bbtrue\u00bb link=\u00bburl:http%3A%2F%2Fwww.valedordopobo.gal%2Fes%2F||target:%20_blank|\u00bb][\/vc_column_inner][\/vc_row_inner][\/vc_column][\/vc_row]<\/p>\n","protected":false},"excerpt":{"rendered":"<p>[vc_row full_width=\u00bbstretch_row\u00bb foundry_padding=\u00bbpb0&#8243; foundry_parallax=\u00bbnot-parallax\u00bb css=\u00bb.vc_custom_1481806220561{margin-top: 20px !important;margin-bottom: 30px !important;}\u00bb][vc_column offset=\u00bbvc_hidden-sm vc_hidden-xs\u00bb][\/vc_column][vc_column offset=\u00bbvc_hidden-lg vc_hidden-md\u00bb][\/vc_column][\/vc_row][vc_row full_width=\u00bbstretch_row\u00bb width=\u00bbno_margin\u00bb p_top=\u00bb100&#8243; p_bottom=\u00bb90&#8243; m_top=\u00bb0&#8243; m_bottom=\u00bb0&#8243; css=\u00bb.vc_custom_1481703981813{margin-top: 20px&#8230;<\/p>\n","protected":false},"author":1,"featured_media":0,"parent":0,"menu_order":0,"comment_status":"closed","ping_status":"closed","template":"","meta":{"_mc_calendar":[],"footnotes":""},"class_list":["post-4585","page","type-page","status-publish","hentry"],"_links":{"self":[{"href":"https:\/\/comisiondatransparencia.valedordopobo.gal\/es\/wp-json\/wp\/v2\/pages\/4585","targetHints":{"allow":["GET"]}}],"collection":[{"href":"https:\/\/comisiondatransparencia.valedordopobo.gal\/es\/wp-json\/wp\/v2\/pages"}],"about":[{"href":"https:\/\/comisiondatransparencia.valedordopobo.gal\/es\/wp-json\/wp\/v2\/types\/page"}],"author":[{"embeddable":true,"href":"https:\/\/comisiondatransparencia.valedordopobo.gal\/es\/wp-json\/wp\/v2\/users\/1"}],"replies":[{"embeddable":true,"href":"https:\/\/comisiondatransparencia.valedordopobo.gal\/es\/wp-json\/wp\/v2\/comments?post=4585"}],"version-history":[{"count":0,"href":"https:\/\/comisiondatransparencia.valedordopobo.gal\/es\/wp-json\/wp\/v2\/pages\/4585\/revisions"}],"wp:attachment":[{"href":"https:\/\/comisiondatransparencia.valedordopobo.gal\/es\/wp-json\/wp\/v2\/media?parent=4585"}],"curies":[{"name":"wp","href":"https:\/\/api.w.org\/{rel}","templated":true}]}}