{"id":4591,"date":"2016-11-14T19:16:56","date_gmt":"2016-11-14T18:16:56","guid":{"rendered":"https:\/\/comisiondatransparencia.valedordopobo.gal\/?page_id=4591"},"modified":"2016-12-26T15:51:36","modified_gmt":"2016-12-26T14:51:36","slug":"que-es","status":"publish","type":"page","link":"https:\/\/comisiondatransparencia.valedordopobo.gal\/es\/que-es\/","title":{"rendered":"Qu\u00e9 es"},"content":{"rendered":"<p>[vc_row foundry_padding=\u00bbpb0&#8243; p_bottom=\u00bb0&#8243; m_bottom=\u00bb0&#8243;][vc_column][vc_row_inner][vc_column_inner width=\u00bb1\/4&#8243;][vc_column_text c_id=\u00bb.vc_1481107569697&#8243;]<img loading=\"lazy\" decoding=\"async\" class=\"aligncenter size-full wp-image-6197\" src=\"https:\/\/comisiondatransparencia.valedordopobo.gal\/wp-content\/uploads\/2016\/11\/que-e.png\" alt=\"\" width=\"150\" height=\"150\" \/>[\/vc_column_text][\/vc_column_inner][vc_column_inner width=\u00bb3\/4&#8243;][vc_custom_heading text=\u00bbQu\u00e9 es\u00bb font_container=\u00bbtag:h1|font_size:45px|text_align:left\u00bb use_theme_fonts=\u00bbyes\u00bb][vc_separator color=\u00bbcustom\u00bb style=\u00bbdotted\u00bb accent_color=\u00bb#b5ba05&#8243;][\/vc_column_inner][\/vc_row_inner][\/vc_column][\/vc_row][vc_row equal_height=\u00bbyes\u00bb foundry_padding=\u00bbpt64 pb64&#8243; content_placement=\u00bbmiddle\u00bb p_top=\u00bb0&#8243; m_top=\u00bb0&#8243;][vc_column animation_iteration=\u00bb1&#8243; css=\u00bb.vc_custom_1481131095107{margin-top: -5% !important;}\u00bb][vc_column_text c_id=\u00bb.vc_1481107746640&#8243;]<\/p>\n<p class=\"p1\"><span style=\"font-size: 12pt;\">La\u00a0<strong>Comisi\u00f3n da Transparencia de Galicia<\/strong> es un \u00f3rgano colegiado independiente adscrito a la instituci\u00f3n del <strong>Valedor do Pobo<\/strong>. Se trata de un \u00f3rgano constituido por representantes de diferentes entidades p\u00fablicas con el fin de adoptar decisiones conjuntas, justas y equilibradas. Su direcci\u00f3n recae en la instituci\u00f3n del <strong>Valedor do Pobo<\/strong> que pone a su servicio sus dependencias y sus recursos materiales y personales.<\/span><\/p>\n<p class=\"p1\"><span style=\"font-size: 12pt;\">La\u00a0<strong>Comisi\u00f3n da Transparencia<\/strong>\u00a0se encarga de que las administraciones respeten el derecho de acceso a la informaci\u00f3n p\u00fablica que tiene toda persona. Para poder protegerlo asume una funci\u00f3n espec\u00edfica que le atribuye la <a href=\"http:\/\/www.xunta.gal\/dog\/Publicados\/2016\/20160215\/AnuncioC3B0-110216-0001_es.html\">ley<\/a>: RESOLVER las reclamaciones frente a las resoluciones de acceso a la informaci\u00f3n p\u00fablica. As\u00ed, cuando una persona cursa una solicitud de informaci\u00f3n a una entidad p\u00fablica y no es atendida o no recibe la respuesta esperada, puede reclamar ante la <strong>Comisi\u00f3n da Transparencia<\/strong>.<\/span><\/p>\n<p>[\/vc_column_text][\/vc_column][vc_column][vc_separator color=\u00bbcustom\u00bb style=\u00bbdotted\u00bb accent_color=\u00bb#b5ba05&#8243;][vc_column_text c_id=\u00bb.vc_1481061241209&#8243;]<\/p>\n<h3 style=\"text-align: center;\"><em>Todas las personas tienen derecho a acceder a la informaci\u00f3n p\u00fablica. <\/em><\/h3>\n<p>[\/vc_column_text][vc_separator color=\u00bbcustom\u00bb style=\u00bbdotted\u00bb accent_color=\u00bb#b5ba05&#8243;][\/vc_column][\/vc_row]<\/p>\n","protected":false},"excerpt":{"rendered":"<p>[vc_row foundry_padding=\u00bbpb0&#8243; p_bottom=\u00bb0&#8243; m_bottom=\u00bb0&#8243;][vc_column][vc_row_inner][vc_column_inner width=\u00bb1\/4&#8243;][vc_column_text c_id=\u00bb.vc_1481107569697&#8243;][\/vc_column_text][\/vc_column_inner][vc_column_inner width=\u00bb3\/4&#8243;][vc_custom_heading text=\u00bbQu\u00e9 es\u00bb font_container=\u00bbtag:h1|font_size:45px|text_align:left\u00bb use_theme_fonts=\u00bbyes\u00bb][vc_separator color=\u00bbcustom\u00bb style=\u00bbdotted\u00bb accent_color=\u00bb#b5ba05&#8243;][\/vc_column_inner][\/vc_row_inner][\/vc_column][\/vc_row][vc_row equal_height=\u00bbyes\u00bb foundry_padding=\u00bbpt64 pb64&#8243; content_placement=\u00bbmiddle\u00bb p_top=\u00bb0&#8243; m_top=\u00bb0&#8243;][vc_column animation_iteration=\u00bb1&#8243;&#8230;<\/p>\n","protected":false},"author":1,"featured_media":0,"parent":0,"menu_order":0,"comment_status":"closed","ping_status":"closed","template":"","meta":{"_mc_calendar":[],"footnotes":""},"class_list":["post-4591","page","type-page","status-publish","hentry"],"_links":{"self":[{"href":"https:\/\/comisiondatransparencia.valedordopobo.gal\/es\/wp-json\/wp\/v2\/pages\/4591","targetHints":{"allow":["GET"]}}],"collection":[{"href":"https:\/\/comisiondatransparencia.valedordopobo.gal\/es\/wp-json\/wp\/v2\/pages"}],"about":[{"href":"https:\/\/comisiondatransparencia.valedordopobo.gal\/es\/wp-json\/wp\/v2\/types\/page"}],"author":[{"embeddable":true,"href":"https:\/\/comisiondatransparencia.valedordopobo.gal\/es\/wp-json\/wp\/v2\/users\/1"}],"replies":[{"embeddable":true,"href":"https:\/\/comisiondatransparencia.valedordopobo.gal\/es\/wp-json\/wp\/v2\/comments?post=4591"}],"version-history":[{"count":0,"href":"https:\/\/comisiondatransparencia.valedordopobo.gal\/es\/wp-json\/wp\/v2\/pages\/4591\/revisions"}],"wp:attachment":[{"href":"https:\/\/comisiondatransparencia.valedordopobo.gal\/es\/wp-json\/wp\/v2\/media?parent=4591"}],"curies":[{"name":"wp","href":"https:\/\/api.w.org\/{rel}","templated":true}]}}