{"id":4595,"date":"2016-11-14T19:22:48","date_gmt":"2016-11-14T18:22:48","guid":{"rendered":"https:\/\/comisiondatransparencia.valedordopobo.gal\/?page_id=4595"},"modified":"2024-10-09T11:51:22","modified_gmt":"2024-10-09T09:51:22","slug":"quien-somos","status":"publish","type":"page","link":"https:\/\/comisiondatransparencia.valedordopobo.gal\/es\/quien-somos\/","title":{"rendered":"Qui\u00e9nes somos"},"content":{"rendered":"<p>[vc_row foundry_padding=\u00bbpt0 pb0&#8243; p_bottom=\u00bb0&#8243; m_bottom=\u00bb0&#8243;][vc_column][vc_row_inner equal_height=\u00bbyes\u00bb content_placement=\u00bbmiddle\u00bb][vc_column_inner width=\u00bb1\/4&#8243;][vc_column_text c_id=\u00bb.vc_1481109073928&#8243;]<img loading=\"lazy\" decoding=\"async\" class=\"aligncenter size-full wp-image-6198\" src=\"https:\/\/comisiondatransparencia.valedordopobo.gal\/wp-content\/uploads\/2016\/11\/quen-somos.png\" alt=\"\" width=\"150\" height=\"150\" \/>[\/vc_column_text][\/vc_column_inner][vc_column_inner width=\u00bb3\/4&#8243;][vc_custom_heading text=\u00bbQui\u00e9nes somos\u00bb font_container=\u00bbtag:h1|font_size:45px|text_align:left\u00bb use_theme_fonts=\u00bbyes\u00bb][vc_separator color=\u00bbcustom\u00bb style=\u00bbdotted\u00bb accent_color=\u00bb#b5ba05&#8243;][\/vc_column_inner][\/vc_row_inner][\/vc_column][\/vc_row][vc_row foundry_padding=\u00bbpt0&#8243; p_top=\u00bb0&#8243; m_top=\u00bb0&#8243; css=\u00bb.vc_custom_1481130594570{margin-top: -20px !important;}\u00bb][vc_column][vc_column_text c_id=\u00bb.vc_1481061737724&#8243;]<\/p>\n<h3 style=\"text-align: center;\"><span style=\"text-decoration: underline;\">Presidencia<\/span><\/h3>\n<p style=\"text-align: center;\"><span style=\"font-size: 12pt;\">Corresponde a la persona titular del Valedor do Pobo<\/span><\/p>\n<p style=\"text-align: center;\">Correo electr\u00f3nico: <a href=\"mailto:valedor@valedordopobo.gal\">valedor@valedordopobo.gal<\/a><\/p>\n<p>[\/vc_column_text][vc_separator color=\u00bbcustom\u00bb style=\u00bbdotted\u00bb el_width=\u00bb40&#8243; accent_color=\u00bb#b5ba05&#8243;][\/vc_column][vc_column][vc_column_text c_id=\u00bb.vc_1481062033678&#8243;]<\/p>\n<h3 style=\"text-align: center;\"><span style=\"text-decoration: underline;\">Vicepresidencia<\/span><\/h3>\n<p style=\"text-align: center;\"><span style=\"font-size: 12pt;\">La vicepresidenta actual es la adjunta de la oficina del Valedor do Pobo: Mar\u00eda Xos\u00e9 Porteiro Garcia<\/span><\/p>\n<p style=\"text-align: center;\">Correo electr\u00f3nico: maria.xose.porteiro@valedordopobo.gal<\/p>\n<p style=\"text-align: center;\">Suplente: <a href=\"http:\/\/www.valedordopobo.gal\/wp-content\/uploads\/2016\/10\/cv_fernando_gal_10_16.pdf\" target=\"_blank\" rel=\"noopener\">Fernando de Andr\u00e9s Alonso<\/a><\/p>\n<p>[\/vc_column_text][vc_separator color=\u00bbcustom\u00bb style=\u00bbdotted\u00bb el_width=\u00bb40&#8243; accent_color=\u00bb#b5ba05&#8243;][\/vc_column][vc_column][vc_column_text c_id=\u00bb.vc_1481062060413&#8243;]<\/p>\n<h3 style=\"text-align: center;\"><span style=\"text-decoration: underline;\">Vocal\u00edas<\/span><\/h3>\n<p style=\"text-align: center;\"><span style=\"font-size: 12pt;\">Existen cuatro vocal\u00edas ocupadas por representantes de otras cuatro instituciones p\u00fablicas<\/span><\/p>\n<p>[\/vc_column_text][vc_row_inner][vc_column_inner width=\u00bb1\/2&#8243;][vc_column_text c_id=\u00bb.vc_1481062381247&#8243;]<\/p>\n<h4 style=\"text-align: center;\">En representaci\u00f3n del Consello Consultivo<\/h4>\n<p style=\"text-align: center;\"><strong><span style=\"font-size: 12pt;\"><a href=\"https:\/\/comisiondatransparencia.valedordopobo.gal\/wp-content\/uploads\/2018\/04\/vogal_consultivo.doc\">Ana Mar\u00eda L\u00f3pez Guiz\u00e1n<\/a> (suplente: Mar\u00eda Jos\u00e9 Quintana Acebo)<\/span><\/strong><\/p>\n<p>[\/vc_column_text][vc_separator color=\u00bbcustom\u00bb style=\u00bbdotted\u00bb el_width=\u00bb40&#8243; accent_color=\u00bb#b5ba05&#8243;][vc_column_text c_id=\u00bb.vc_1481062366168&#8243;]<\/p>\n<h4 style=\"text-align: center;\">En representaci\u00f3n de la Xunta de\u00a0Galicia (Direcci\u00f3n xeral de Avaliaci\u00f3n e Reforma Administrativa)<\/h4>\n<p style=\"text-align: center;\"><strong><span style=\"font-size: 12pt;\">D. Jos\u00e9 Mar\u00eda Barreiro D\u00edaz \u00a0 (suplente:\u00a0Patricia Bri\u00f3n Cabanelas)<\/span><\/strong><\/p>\n<p>[\/vc_column_text][\/vc_column_inner][vc_column_inner width=\u00bb1\/2&#8243;][vc_column_text c_id=\u00bb.vc_1481062445195&#8243;]<\/p>\n<h4 style=\"text-align: center;\">En representaci\u00f3n del Consello de Contas<\/h4>\n<p style=\"text-align: center;\"><strong><span style=\"font-size: 12pt;\">Manuel Jos\u00e9 Santana Su\u00e1rez (suplente: Isabel Garc\u00eda Garrido)<\/span><\/strong><\/p>\n<p>[\/vc_column_text][vc_separator color=\u00bbcustom\u00bb style=\u00bbdotted\u00bb el_width=\u00bb40&#8243; accent_color=\u00bb#b5ba05&#8243;][vc_column_text c_id=\u00bb.vc_1481062494436&#8243;]<\/p>\n<h4 style=\"text-align: center;\">En representaci\u00f3n de la Federaci\u00f3n Galega de Municipios e Provincias<\/h4>\n<p style=\"text-align: center;\"><strong><span style=\"font-size: 12pt;\">Xos\u00e9 Manuel Rodr\u00edguez M\u00e9ndez (suplente \u00a0Jos\u00e9 Manuel Chapela Seijo)<\/span><\/strong><\/p>\n<p>[\/vc_column_text][\/vc_column_inner][\/vc_row_inner][vc_separator color=\u00bbcustom\u00bb style=\u00bbdotted\u00bb el_width=\u00bb40&#8243; accent_color=\u00bb#b5ba05&#8243;][\/vc_column][vc_column][vc_column_text c_id=\u00bb.vc_1481062548443&#8243;]<\/p>\n<h3 style=\"text-align: center;\"><span style=\"text-decoration: underline;\">Secretar\u00eda<\/span><\/h3>\n<p style=\"text-align: center;\"><span style=\"font-size: 12pt;\">El secretario de la Comisi\u00f3n da Transparencia que act\u00faa con voz pero sin voto es actualmente <a href=\"https:\/\/www.valedordopobo.gal\/wp-content\/uploads\/2023\/10\/Curriculum-Santi-Web-VP-2023-cas.pdf\"><b>Santiago Gonz\u00e1lez Serrano<\/b><\/a>, jefe de servicio de administraci\u00f3n y personal en el Valedor do Pobo.<\/span><\/p>\n<p>[\/vc_column_text][vc_separator color=\u00bbcustom\u00bb style=\u00bbdotted\u00bb el_width=\u00bb40&#8243; accent_color=\u00bb#b5ba05&#8243;][\/vc_column][vc_column animation_iteration=\u00bb1&#8243;][vc_column_text c_id=\u00bb.vc_1481062578794&#8243;]<span style=\"font-size: 12pt;\">El Valedor do Pobo cuenta adem\u00e1s con <strong>personal propio<\/strong> que apoya los trabajos de la Comisi\u00f3n da Transparencia en materia de comunicaci\u00f3n, documentaci\u00f3n y gesti\u00f3n.<\/span>[\/vc_column_text][\/vc_column][\/vc_row]<\/p>\n","protected":false},"excerpt":{"rendered":"<p>[vc_row foundry_padding=\u00bbpt0 pb0&#8243; p_bottom=\u00bb0&#8243; m_bottom=\u00bb0&#8243;][vc_column][vc_row_inner equal_height=\u00bbyes\u00bb content_placement=\u00bbmiddle\u00bb][vc_column_inner width=\u00bb1\/4&#8243;][vc_column_text c_id=\u00bb.vc_1481109073928&#8243;][\/vc_column_text][\/vc_column_inner][vc_column_inner width=\u00bb3\/4&#8243;][vc_custom_heading text=\u00bbQui\u00e9nes somos\u00bb font_container=\u00bbtag:h1|font_size:45px|text_align:left\u00bb use_theme_fonts=\u00bbyes\u00bb][vc_separator color=\u00bbcustom\u00bb style=\u00bbdotted\u00bb accent_color=\u00bb#b5ba05&#8243;][\/vc_column_inner][\/vc_row_inner][\/vc_column][\/vc_row][vc_row foundry_padding=\u00bbpt0&#8243; p_top=\u00bb0&#8243; m_top=\u00bb0&#8243; css=\u00bb.vc_custom_1481130594570{margin-top:&#8230;<\/p>\n","protected":false},"author":1,"featured_media":0,"parent":0,"menu_order":0,"comment_status":"closed","ping_status":"closed","template":"","meta":{"_mc_calendar":[],"footnotes":""},"class_list":["post-4595","page","type-page","status-publish","hentry"],"_links":{"self":[{"href":"https:\/\/comisiondatransparencia.valedordopobo.gal\/es\/wp-json\/wp\/v2\/pages\/4595","targetHints":{"allow":["GET"]}}],"collection":[{"href":"https:\/\/comisiondatransparencia.valedordopobo.gal\/es\/wp-json\/wp\/v2\/pages"}],"about":[{"href":"https:\/\/comisiondatransparencia.valedordopobo.gal\/es\/wp-json\/wp\/v2\/types\/page"}],"author":[{"embeddable":true,"href":"https:\/\/comisiondatransparencia.valedordopobo.gal\/es\/wp-json\/wp\/v2\/users\/1"}],"replies":[{"embeddable":true,"href":"https:\/\/comisiondatransparencia.valedordopobo.gal\/es\/wp-json\/wp\/v2\/comments?post=4595"}],"version-history":[{"count":4,"href":"https:\/\/comisiondatransparencia.valedordopobo.gal\/es\/wp-json\/wp\/v2\/pages\/4595\/revisions"}],"predecessor-version":[{"id":16513,"href":"https:\/\/comisiondatransparencia.valedordopobo.gal\/es\/wp-json\/wp\/v2\/pages\/4595\/revisions\/16513"}],"wp:attachment":[{"href":"https:\/\/comisiondatransparencia.valedordopobo.gal\/es\/wp-json\/wp\/v2\/media?parent=4595"}],"curies":[{"name":"wp","href":"https:\/\/api.w.org\/{rel}","templated":true}]}}