{"id":4601,"date":"2016-11-14T19:30:47","date_gmt":"2016-11-14T18:30:47","guid":{"rendered":"https:\/\/comisiondatransparencia.valedordopobo.gal\/?page_id=4601"},"modified":"2016-12-26T15:50:30","modified_gmt":"2016-12-26T14:50:30","slug":"funciones-comision","status":"publish","type":"page","link":"https:\/\/comisiondatransparencia.valedordopobo.gal\/es\/funciones-comision\/","title":{"rendered":"Funciones de la Comisi\u00f3n"},"content":{"rendered":"<p>[vc_row equal_height=\u00bbyes\u00bb foundry_padding=\u00bbpt0 pb0&#8243; content_placement=\u00bbmiddle\u00bb p_bottom=\u00bb0&#8243; m_bottom=\u00bb0&#8243;][vc_column][vc_row_inner equal_height=\u00bbyes\u00bb content_placement=\u00bbmiddle\u00bb][vc_column_inner width=\u00bb1\/4&#8243;][vc_column_text c_id=\u00bb.vc_1481109291245&#8243;]<img loading=\"lazy\" decoding=\"async\" class=\"aligncenter size-full wp-image-6200\" src=\"https:\/\/comisiondatransparencia.valedordopobo.gal\/wp-content\/uploads\/2016\/11\/funcions-comision.png\" alt=\"\" width=\"150\" height=\"150\" \/>[\/vc_column_text][\/vc_column_inner][vc_column_inner width=\u00bb3\/4&#8243;][vc_custom_heading text=\u00bbFunciones de la Comisi\u00f3n\u00bb font_container=\u00bbtag:h1|font_size:45px|text_align:left\u00bb use_theme_fonts=\u00bbyes\u00bb][vc_separator color=\u00bbcustom\u00bb style=\u00bbdotted\u00bb accent_color=\u00bb#b5ba05&#8243;][\/vc_column_inner][\/vc_row_inner][\/vc_column][\/vc_row][vc_row foundry_padding=\u00bbpt0&#8243; p_top=\u00bb0&#8243; m_top=\u00bb0&#8243; css=\u00bb.vc_custom_1481130732651{margin-top: -20px !important;}\u00bb][vc_column][vc_column_text c_id=\u00bb.vc_1479903709410&#8243;]<\/p>\n<p style=\"text-align: left;\"><span style=\"font-size: 12pt;\">La\u00a0<strong>Comisi\u00f3n da Transparencia<\/strong>\u00a0es un \u00f3rgano colegiado independiente adscrito a la instituci\u00f3n del Valedor do Pobo al que le corresponde resolver las reclamaciones frente a las resoluciones de acceso a la informaci\u00f3n p\u00fablica que establece el art\u00edculo 28 de la <strong><a href=\"http:\/\/www.xunta.gal\/dog\/Publicados\/2016\/20160215\/AnuncioC3B0-110216-0001_es.html\">Ley 1\/2016, de 18 de enero, de transparencia y buen gobierno<\/a><\/strong>.<\/span><\/p>\n<p style=\"text-align: left;\"><span style=\"font-size: 12pt;\">La Comisi\u00f3n tambi\u00e9n desempe\u00f1a un importante trabajo de divulgaci\u00f3n de la cultura de transparencia, al desarrollar tareas de apoyo al\u00a0<strong>Valedor do Pobo<\/strong>, en\u00a0su calidad de <strong>Comisionado da Transparencia<\/strong>, a la hora de emitir recomendaciones o de elaborar informes previos sobre proyectos de ley o de reglamentos en materia de transparencia y buen gobierno.<\/span><\/p>\n<p>[\/vc_column_text][\/vc_column][\/vc_row]<\/p>\n","protected":false},"excerpt":{"rendered":"<p>[vc_row equal_height=\u00bbyes\u00bb foundry_padding=\u00bbpt0 pb0&#8243; content_placement=\u00bbmiddle\u00bb p_bottom=\u00bb0&#8243; m_bottom=\u00bb0&#8243;][vc_column][vc_row_inner equal_height=\u00bbyes\u00bb content_placement=\u00bbmiddle\u00bb][vc_column_inner width=\u00bb1\/4&#8243;][vc_column_text c_id=\u00bb.vc_1481109291245&#8243;][\/vc_column_text][\/vc_column_inner][vc_column_inner width=\u00bb3\/4&#8243;][vc_custom_heading text=\u00bbFunciones de la Comisi\u00f3n\u00bb font_container=\u00bbtag:h1|font_size:45px|text_align:left\u00bb use_theme_fonts=\u00bbyes\u00bb][vc_separator color=\u00bbcustom\u00bb style=\u00bbdotted\u00bb accent_color=\u00bb#b5ba05&#8243;][\/vc_column_inner][\/vc_row_inner][\/vc_column][\/vc_row][vc_row&#8230;<\/p>\n","protected":false},"author":1,"featured_media":0,"parent":0,"menu_order":0,"comment_status":"closed","ping_status":"closed","template":"","meta":{"_mc_calendar":[],"footnotes":""},"class_list":["post-4601","page","type-page","status-publish","hentry"],"_links":{"self":[{"href":"https:\/\/comisiondatransparencia.valedordopobo.gal\/es\/wp-json\/wp\/v2\/pages\/4601","targetHints":{"allow":["GET"]}}],"collection":[{"href":"https:\/\/comisiondatransparencia.valedordopobo.gal\/es\/wp-json\/wp\/v2\/pages"}],"about":[{"href":"https:\/\/comisiondatransparencia.valedordopobo.gal\/es\/wp-json\/wp\/v2\/types\/page"}],"author":[{"embeddable":true,"href":"https:\/\/comisiondatransparencia.valedordopobo.gal\/es\/wp-json\/wp\/v2\/users\/1"}],"replies":[{"embeddable":true,"href":"https:\/\/comisiondatransparencia.valedordopobo.gal\/es\/wp-json\/wp\/v2\/comments?post=4601"}],"version-history":[{"count":0,"href":"https:\/\/comisiondatransparencia.valedordopobo.gal\/es\/wp-json\/wp\/v2\/pages\/4601\/revisions"}],"wp:attachment":[{"href":"https:\/\/comisiondatransparencia.valedordopobo.gal\/es\/wp-json\/wp\/v2\/media?parent=4601"}],"curies":[{"name":"wp","href":"https:\/\/api.w.org\/{rel}","templated":true}]}}