{"id":4623,"date":"2016-11-15T11:06:30","date_gmt":"2016-11-15T10:06:30","guid":{"rendered":"https:\/\/comisiondatransparencia.valedordopobo.gal\/?page_id=4623"},"modified":"2017-02-09T14:01:10","modified_gmt":"2017-02-09T13:01:10","slug":"reglamento","status":"publish","type":"page","link":"https:\/\/comisiondatransparencia.valedordopobo.gal\/es\/reglamento\/","title":{"rendered":"Reglamento"},"content":{"rendered":"<p>[vc_row foundry_padding=\u00bbpt0 pb0&#8243; p_bottom=\u00bb0&#8243; m_bottom=\u00bb0&#8243;][vc_column][vc_row_inner equal_height=\u00bbyes\u00bb content_placement=\u00bbmiddle\u00bb][vc_column_inner width=\u00bb1\/4&#8243;][vc_column_text c_id=\u00bb.vc_1481111132710&#8243;]<img loading=\"lazy\" decoding=\"async\" class=\"aligncenter size-full wp-image-6210\" src=\"https:\/\/comisiondatransparencia.valedordopobo.gal\/wp-content\/uploads\/2016\/11\/regulamento.png\" alt=\"\" width=\"150\" height=\"150\" \/>[\/vc_column_text][\/vc_column_inner][vc_column_inner width=\u00bb3\/4&#8243;][vc_custom_heading text=\u00bbReglamento\u00bb font_container=\u00bbtag:h1|font_size:45px|text_align:left\u00bb use_theme_fonts=\u00bbyes\u00bb][vc_separator color=\u00bbcustom\u00bb style=\u00bbdotted\u00bb accent_color=\u00bb#b5ba05&#8243;][\/vc_column_inner][\/vc_row_inner][\/vc_column][\/vc_row][vc_row equal_height=\u00bbyes\u00bb foundry_padding=\u00bbpt0&#8243; content_placement=\u00bbmiddle\u00bb p_top=\u00bb0&#8243; m_top=\u00bb0&#8243;][vc_column][vc_row_inner][vc_column_inner width=\u00bb3\/4&#8243;][vc_column_text c_id=\u00bb.vc_1481065235600&#8243;]<span style=\"font-size: 12pt;\">En este apartado encontrar\u00e1 el reglamento de funcionamiento de la instituci\u00f3n, el conjunto de reglas que permiten organizar el funcionamiento de la\u00a0<strong>Comisi\u00f3n da Transparencia<\/strong>.<\/span><\/p>\n<p>NOTA: El reglamento descargable no tiene validez jur\u00eddica al tratarse de un texto consolidado de elaboraci\u00f3n propia. Puede acceder aqu\u00ed a publicaci\u00f3n en el Diario Oficial de Galicia del\u00a0<a href=\"http:\/\/www.xunta.gal\/dog\/Publicados\/2016\/20160715\/AnuncioG2022-050716-0001_es.html\" target=\"_blank\">texto original<\/a>\u00a0y de\u00a0<a href=\"http:\/\/www.xunta.gal\/dog\/Publicados\/2016\/20161209\/AnuncioG2022-011216-0001_es.html\">su modificaci\u00f3n<\/a>.[\/vc_column_text][\/vc_column_inner][vc_column_inner width=\u00bb1\/4&#8243;][vc_btn title=\u00bb<b>Reglamento<\/b>\u00bb style=\u00bboutline-custom\u00bb outline_custom_color=\u00bb#b5ba05&#8243; outline_custom_hover_background=\u00bb#999999&#8243; outline_custom_hover_text=\u00bb#ffffff\u00bb shape=\u00bbround\u00bb align=\u00bbleft\u00bb i_icon_fontawesome=\u00bbfa fa-file-pdf-o\u00bb add_icon=\u00bbtrue\u00bb link=\u00bburl:https%3A%2F%2Fcomisiondatransparencia.valedordopobo.gal%2Fwp-content%2Fuploads%2F2016%2F12%2FReglamento-interno-de-la-Comision-da-Transparencia-de-Galicia.pdf||target:%20_blank|\u00bb][\/vc_column_inner][\/vc_row_inner][\/vc_column][\/vc_row]<\/p>\n","protected":false},"excerpt":{"rendered":"<p>[vc_row foundry_padding=\u00bbpt0 pb0&#8243; p_bottom=\u00bb0&#8243; m_bottom=\u00bb0&#8243;][vc_column][vc_row_inner equal_height=\u00bbyes\u00bb content_placement=\u00bbmiddle\u00bb][vc_column_inner width=\u00bb1\/4&#8243;][vc_column_text c_id=\u00bb.vc_1481111132710&#8243;][\/vc_column_text][\/vc_column_inner][vc_column_inner width=\u00bb3\/4&#8243;][vc_custom_heading text=\u00bbReglamento\u00bb font_container=\u00bbtag:h1|font_size:45px|text_align:left\u00bb use_theme_fonts=\u00bbyes\u00bb][vc_separator color=\u00bbcustom\u00bb style=\u00bbdotted\u00bb accent_color=\u00bb#b5ba05&#8243;][\/vc_column_inner][\/vc_row_inner][\/vc_column][\/vc_row][vc_row equal_height=\u00bbyes\u00bb foundry_padding=\u00bbpt0&#8243; content_placement=\u00bbmiddle\u00bb p_top=\u00bb0&#8243; m_top=\u00bb0&#8243;][vc_column][vc_row_inner][vc_column_inner&#8230;<\/p>\n","protected":false},"author":1,"featured_media":0,"parent":0,"menu_order":0,"comment_status":"closed","ping_status":"closed","template":"","meta":{"_mc_calendar":[],"footnotes":""},"class_list":["post-4623","page","type-page","status-publish","hentry"],"_links":{"self":[{"href":"https:\/\/comisiondatransparencia.valedordopobo.gal\/es\/wp-json\/wp\/v2\/pages\/4623","targetHints":{"allow":["GET"]}}],"collection":[{"href":"https:\/\/comisiondatransparencia.valedordopobo.gal\/es\/wp-json\/wp\/v2\/pages"}],"about":[{"href":"https:\/\/comisiondatransparencia.valedordopobo.gal\/es\/wp-json\/wp\/v2\/types\/page"}],"author":[{"embeddable":true,"href":"https:\/\/comisiondatransparencia.valedordopobo.gal\/es\/wp-json\/wp\/v2\/users\/1"}],"replies":[{"embeddable":true,"href":"https:\/\/comisiondatransparencia.valedordopobo.gal\/es\/wp-json\/wp\/v2\/comments?post=4623"}],"version-history":[{"count":0,"href":"https:\/\/comisiondatransparencia.valedordopobo.gal\/es\/wp-json\/wp\/v2\/pages\/4623\/revisions"}],"wp:attachment":[{"href":"https:\/\/comisiondatransparencia.valedordopobo.gal\/es\/wp-json\/wp\/v2\/media?parent=4623"}],"curies":[{"name":"wp","href":"https:\/\/api.w.org\/{rel}","templated":true}]}}