{"id":4655,"date":"2016-11-21T18:46:34","date_gmt":"2016-11-21T17:46:34","guid":{"rendered":"https:\/\/comisiondatransparencia.valedordopobo.gal\/?page_id=4655"},"modified":"2025-01-10T12:17:46","modified_gmt":"2025-01-10T11:17:46","slug":"portal-de-transparencia","status":"publish","type":"page","link":"https:\/\/comisiondatransparencia.valedordopobo.gal\/es\/portal-de-transparencia\/","title":{"rendered":"Portal de Transparencia"},"content":{"rendered":"<p>[vc_row foundry_padding=\u00bbpt0&#8243;][vc_column][vc_custom_heading text=\u00bbPortal de transparencia\u00bb font_container=\u00bbtag:h1|font_size:45px|text_align:left\u00bb use_theme_fonts=\u00bbyes\u00bb][vc_separator color=\u00bbcustom\u00bb style=\u00bbdotted\u00bb accent_color=\u00bb#b5ba05&#8243;][vc_empty_space][vc_row_inner][vc_column_inner width=\u00bb1\/2&#8243;][vc_column_text c_id=\u00bb.vc_1480981740206&#8243;]<span style=\"font-size: 12pt;\">Tanto la Ley 1\/2016, de transparencia y buen gobierno de Galicia como la Ley 19\/2013, de 9 de diciembre, de transparencia, acceso a la informaci\u00f3n p\u00fablica y buen gobierno, tienen por objeto ampliar y reforzar la transparencia de la actividad p\u00fablica, regular y garantizar el derecho de acceso a la informaci\u00f3n de las personas y establecer los deberes de buen gobierno que deben cumplir los responsables p\u00fablicos.<\/span><\/p>\n<p><span style=\"font-size: 12pt;\">Este marco normativo prev\u00e9 qu\u00e9 informaci\u00f3n deben publicar las administraciones p\u00fablicas para conocimiento de la ciudadan\u00eda, c\u00f3mo pueden pedir las personas informaci\u00f3n a las administraciones y cu\u00e1les son las reglas de buen gobierno.<\/span><\/p>\n<p><span style=\"font-size: 12pt;\">Como Comisi\u00f3n da Transparencia promovemos la transparencia de la actividad p\u00fablica, velamos por el cumplimiento de los deberes de publicidad, salvaguardamos el ejercicio del derecho de acceso a la informaci\u00f3n p\u00fablica y garantizamos la observancia de las disposiciones de buen gobierno en la comunidad gallega.<br \/>\n<\/span>[\/vc_column_text][\/vc_column_inner][vc_column_inner width=\u00bb1\/2&#8243;][vc_column_text c_id=\u00bb.vc_1480981757148&#8243;]<span style=\"font-size: 12pt;\">En el presente apartado encontrar\u00e1 informaci\u00f3n relativa a la Comisi\u00f3n da Transparencia que sometemos al r\u00e9gimen de publicidad activa con la periodicidad y actualizaci\u00f3n que le corresponde. De este modo les permitimos conocer la informaci\u00f3n m\u00e1s relevante sobre la actividad de este \u00f3rgano que, a buen seguro, les ser\u00e1 de utilidad.<\/span><\/p>\n<p><span style=\"font-size: 12pt;\">Sin perjuicio del contenido de este portal, algunas de las informaciones incluidas en el mismo figuran tambi\u00e9n en los apartados correspondientes de la p\u00e1gina web de esta Comisi\u00f3n, de acuerdo con su estructura y organizaci\u00f3n.<\/span>[\/vc_column_text][\/vc_column_inner][\/vc_row_inner][vc_separator color=\u00bbcustom\u00bb style=\u00bbdotted\u00bb accent_color=\u00bb#b5ba05&#8243;][\/vc_column][\/vc_row][vc_row full_width=\u00bbstretch_row\u00bb foundry_padding=\u00bbpt0 pb0&#8243;][vc_column css=\u00bb.vc_custom_1481285993660{margin-top: -32px !important;background-color: #fcfcfc !important;}\u00bb][vc_row_inner][vc_column_inner width=\u00bb1\/6&#8243;][vc_column_text c_id=\u00bb.vc_1480981923509&#8243;]<\/p>\n<h3 style=\"text-align: center;\"><a href=\"https:\/\/comisiondatransparencia.valedordopobo.gal\/es\/informacion-institucional-organizativa-planificacion\/\"><img loading=\"lazy\" decoding=\"async\" class=\"size-full wp-image-6152 aligncenter\" src=\"https:\/\/comisiondatransparencia.valedordopobo.gal\/wp-content\/uploads\/2016\/11\/info-institucional.png\" alt=\"\" width=\"150\" height=\"150\" \/><\/a><\/h3>\n<h3 style=\"text-align: center;\"><a href=\"https:\/\/comisiondatransparencia.valedordopobo.gal\/es\/informacion-institucional-organizativa-planificacion\/\">Informaci\u00f3n institucional, organizativa y de planificaci\u00f3n<\/a><\/h3>\n<p>[\/vc_column_text][\/vc_column_inner][vc_column_inner width=\u00bb1\/6&#8243; animation_iteration=\u00bb1&#8243;][vc_column_text c_id=\u00bb.vc_1480982642310&#8243;]<\/p>\n<h3 style=\"text-align: center;\"><a href=\"https:\/\/comisiondatransparencia.valedordopobo.gal\/es\/informacion-de-relevancia-xuridica\/\"><img loading=\"lazy\" decoding=\"async\" class=\"size-full wp-image-6154 aligncenter\" src=\"https:\/\/comisiondatransparencia.valedordopobo.gal\/wp-content\/uploads\/2016\/11\/info-xuridica.png\" alt=\"\" width=\"150\" height=\"150\" \/><\/a><\/h3>\n<h3 style=\"text-align: center;\"><a href=\"https:\/\/comisiondatransparencia.valedordopobo.gal\/es\/informacion-de-relevancia-xuridica\/\">Informaci\u00f3n de relevancia jur\u00eddica<\/a><\/h3>\n<p>[\/vc_column_text][\/vc_column_inner][vc_column_inner width=\u00bb1\/6&#8243;][vc_column_text c_id=\u00bb.vc_1480982686063&#8243;]<\/p>\n<h3 style=\"text-align: center;\"><a href=\"https:\/\/comisiondatransparencia.valedordopobo.gal\/es\/directrices-comunicacions-instrucions-ditadas-pola-comision\/\"><img loading=\"lazy\" decoding=\"async\" class=\"wp-image-6156 size-full aligncenter\" src=\"https:\/\/comisiondatransparencia.valedordopobo.gal\/wp-content\/uploads\/2016\/11\/directrices.png\" width=\"150\" height=\"150\" \/><\/a><\/h3>\n<h3 style=\"text-align: center;\"><a href=\"https:\/\/comisiondatransparencia.valedordopobo.gal\/es\/directrices-comunicacions-instrucions-ditadas-pola-comision\/\">Directrices, comunicaci\u00f3ns, instruci\u00f3ns ditadas por la Comisi\u00f3n<\/a><\/h3>\n<p>[\/vc_column_text][\/vc_column_inner][vc_column_inner width=\u00bb1\/6&#8243;][vc_column_text c_id=\u00bb.vc_1480982705098&#8243;]<\/p>\n<h3 style=\"text-align: center;\"><a href=\"https:\/\/comisiondatransparencia.valedordopobo.gal\/es\/informacion-orzamentaria-economica-e-estatistica\/\"><img loading=\"lazy\" decoding=\"async\" class=\"wp-image-6157 size-full aligncenter\" src=\"https:\/\/comisiondatransparencia.valedordopobo.gal\/wp-content\/uploads\/2016\/11\/info-orzamentaria.png\" width=\"150\" height=\"150\" \/><\/a><\/h3>\n<h3 style=\"text-align: center;\"><a href=\"https:\/\/comisiondatransparencia.valedordopobo.gal\/es\/informacion-orzamentaria-economica-e-estatistica\/\">Informaci\u00f3n presupuestaria, econ\u00f3mica y estad\u00edstica<\/a><\/h3>\n<p>[\/vc_column_text][\/vc_column_inner][vc_column_inner width=\u00bb1\/6&#8243;][vc_column_text c_id=\u00bb.vc_1480982705098&#8243;]<\/p>\n<h3 style=\"text-align: center;\"><a href=\"https:\/\/comisiondatransparencia.valedordopobo.gal\/wp-content\/uploads\/2025\/01\/No-Retribucions-membros-CT.pdf\"><img loading=\"lazy\" decoding=\"async\" class=\"aligncenter wp-image-6157 size-full\" src=\"https:\/\/comisiondatransparencia.valedordopobo.gal\/wp-content\/uploads\/2016\/11\/info-orzamentaria.png\" alt=\"\" width=\"150\" height=\"150\" \/><\/a><\/h3>\n<h3 style=\"text-align: center;\"><a href=\"https:\/\/comisiondatransparencia.valedordopobo.gal\/wp-content\/uploads\/2025\/01\/No-Retribucions-membros-CT.pdf\">Retribuciones miembros de la Comisi\u00f3n de la Transparencia<\/a><\/h3>\n<p>[\/vc_column_text][\/vc_column_inner][vc_column_inner width=\u00bb1\/6&#8243; animation_iteration=\u00bb1&#8243;][vc_column_text c_id=\u00bb.vc_1480981975051&#8243;]<\/p>\n<h3 style=\"text-align: center;\"><a href=\"https:\/\/comisiondatransparencia.valedordopobo.gal\/es\/acceso-a-informacion\/\"><img loading=\"lazy\" decoding=\"async\" class=\"size-full wp-image-6092 aligncenter\" src=\"https:\/\/comisiondatransparencia.valedordopobo.gal\/wp-content\/uploads\/2016\/11\/acceso-informacion.png\" alt=\"\" width=\"150\" height=\"150\" \/><\/a><\/h3>\n<h3 style=\"text-align: center;\"><a href=\"https:\/\/comisiondatransparencia.valedordopobo.gal\/es\/acceso-a-informacion\/\">Acceso a la informaci\u00f3n<\/a><\/h3>\n<p>[\/vc_column_text][\/vc_column_inner][\/vc_row_inner][\/vc_column][\/vc_row]<\/p>\n","protected":false},"excerpt":{"rendered":"<p>[vc_row foundry_padding=\u00bbpt0&#8243;][vc_column][vc_custom_heading text=\u00bbPortal de transparencia\u00bb font_container=\u00bbtag:h1|font_size:45px|text_align:left\u00bb use_theme_fonts=\u00bbyes\u00bb][vc_separator color=\u00bbcustom\u00bb style=\u00bbdotted\u00bb accent_color=\u00bb#b5ba05&#8243;][vc_empty_space][vc_row_inner][vc_column_inner width=\u00bb1\/2&#8243;][vc_column_text c_id=\u00bb.vc_1480981740206&#8243;]Tanto la Ley 1\/2016, de transparencia y buen gobierno de&#8230;<\/p>\n","protected":false},"author":1,"featured_media":0,"parent":0,"menu_order":0,"comment_status":"closed","ping_status":"closed","template":"","meta":{"_mc_calendar":[],"footnotes":""},"class_list":["post-4655","page","type-page","status-publish","hentry"],"_links":{"self":[{"href":"https:\/\/comisiondatransparencia.valedordopobo.gal\/es\/wp-json\/wp\/v2\/pages\/4655","targetHints":{"allow":["GET"]}}],"collection":[{"href":"https:\/\/comisiondatransparencia.valedordopobo.gal\/es\/wp-json\/wp\/v2\/pages"}],"about":[{"href":"https:\/\/comisiondatransparencia.valedordopobo.gal\/es\/wp-json\/wp\/v2\/types\/page"}],"author":[{"embeddable":true,"href":"https:\/\/comisiondatransparencia.valedordopobo.gal\/es\/wp-json\/wp\/v2\/users\/1"}],"replies":[{"embeddable":true,"href":"https:\/\/comisiondatransparencia.valedordopobo.gal\/es\/wp-json\/wp\/v2\/comments?post=4655"}],"version-history":[{"count":2,"href":"https:\/\/comisiondatransparencia.valedordopobo.gal\/es\/wp-json\/wp\/v2\/pages\/4655\/revisions"}],"predecessor-version":[{"id":16522,"href":"https:\/\/comisiondatransparencia.valedordopobo.gal\/es\/wp-json\/wp\/v2\/pages\/4655\/revisions\/16522"}],"wp:attachment":[{"href":"https:\/\/comisiondatransparencia.valedordopobo.gal\/es\/wp-json\/wp\/v2\/media?parent=4655"}],"curies":[{"name":"wp","href":"https:\/\/api.w.org\/{rel}","templated":true}]}}