{"id":4697,"date":"2016-11-22T16:02:22","date_gmt":"2016-11-22T15:02:22","guid":{"rendered":"https:\/\/comisiondatransparencia.valedordopobo.gal\/?page_id=4697"},"modified":"2020-03-09T11:45:22","modified_gmt":"2020-03-09T10:45:22","slug":"acceso-a-informacion","status":"publish","type":"page","link":"https:\/\/comisiondatransparencia.valedordopobo.gal\/es\/acceso-a-informacion\/","title":{"rendered":"Acceso a la informaci\u00f3n"},"content":{"rendered":"<p>[vc_row equal_height=\u00bbyes\u00bb foundry_padding=\u00bbpt0 pb0&#8243; content_placement=\u00bbmiddle\u00bb p_bottom=\u00bb0&#8243; m_bottom=\u00bb0&#8243;][vc_column][vc_row_inner equal_height=\u00bbyes\u00bb content_placement=\u00bbmiddle\u00bb][vc_column_inner width=\u00bb1\/4&#8243;][vc_column_text c_id=\u00bb.vc_1480965550560&#8243;]<img loading=\"lazy\" decoding=\"async\" class=\"size-full wp-image-6092 aligncenter\" src=\"https:\/\/comisiondatransparencia.valedordopobo.gal\/wp-content\/uploads\/2016\/11\/acceso-informacion.png\" alt=\"\" width=\"150\" height=\"150\" \/>[\/vc_column_text][\/vc_column_inner][vc_column_inner width=\u00bb3\/4&#8243;][vc_custom_heading text=\u00bbAcceso a la informaci\u00f3n\u00bb font_container=\u00bbtag:h1|font_size:45px|text_align:left\u00bb use_theme_fonts=\u00bbyes\u00bb][vc_separator color=\u00bbcustom\u00bb style=\u00bbdotted\u00bb accent_color=\u00bb#b5ba05&#8243;][vc_column_text c_id=\u00bb.vc_1479821685074&#8243;]<span style=\"font-size: 12pt;\">De acuerdo con la normativa vigente, todas las personas tienen derecho a acceder a la informaci\u00f3n de car\u00e1cter p\u00fablico. La informaci\u00f3n de la Comisi\u00f3n da Transparencia que es p\u00fablica y est\u00e1 sujeta al derecho de acceso, es la constituida por los contenidos o documentos, en cualquier formato o soporte, que obren en su poder y fueran elaborados o adquiridos en el ejercicio de sus funciones en relaci\u00f3n con sus actividades.<\/span>[\/vc_column_text][vc_separator color=\u00bbcustom\u00bb style=\u00bbdotted\u00bb accent_color=\u00bb#b5ba05&#8243;][\/vc_column_inner][\/vc_row_inner][\/vc_column][\/vc_row][vc_row foundry_padding=\u00bbpt0&#8243; p_top=\u00bb0&#8243; m_top=\u00bb0&#8243;][vc_column width=\u00bb1\/2&#8243; animation_iteration=\u00bb1&#8243; css=\u00bb.vc_custom_1479825726557{background-color: #fcfcfc !important;}\u00bb][vc_column_text c_id=\u00bb.vc_1480980266169&#8243; css=\u00bb.vc_custom_1583750719515{margin-top: 5px !important;}\u00bb]<\/p>\n<h2>C\u00f3mo solicitarlo:<\/h2>\n<ul class=\"vinieta1\">\n<li><span style=\"font-size: 12pt;\">Cumplimente el formulario que encontrar\u00e1 en esta p\u00e1gina con sus datos personales y toda a informaci\u00f3n solicitada.<\/span><\/li>\n<li><span style=\"font-size: 12pt;\"><a href=\"https:\/\/comisiondatransparencia.valedordopobo.gal\/wp-content\/uploads\/2020\/03\/AnuncioG0244-250216-0002_es.pdf\"> Descargue el formulario en papel para cumplimentar<br \/>\n<\/a><\/span><img loading=\"lazy\" decoding=\"async\" class=\"alignnone size-full wp-image-9439\" src=\"http:\/\/www.valedordopobo.gal\/wp-content\/uploads\/2016\/10\/ico_pdf.png\" alt=\"ico_pdf\" width=\"17\" height=\"16\" \/><\/li>\n<\/ul>\n<p>[\/vc_column_text][vc_empty_space][vc_separator color=\u00bbcustom\u00bb style=\u00bbdotted\u00bb accent_color=\u00bb#b5ba05&#8243;][vc_column_text c_id=\u00bb.vc_1480980266169&#8243; css=\u00bb.vc_custom_1538561020852{margin-top: 5px !important;}\u00bb]<\/p>\n<h2>Resoluciones de solicitudes de acceso a la informaci\u00f3n p\u00fablica:<\/h2>\n<p>En esta secci\u00f3n se recogen las resoluciones de las solicitudes de acceso a la informaci\u00f3n p\u00fablica recibidas por la Comisi\u00f3n da Transparencia desde su constituci\u00f3n en mayo de 2016. Antes de publicarlas se procede a la disociaci\u00f3n de los datos de car\u00e1cter personal. En nuestra apuesta por la transparencia publicamos todas las resoluciones, independientemente de que sean estimatorias o desestimatorias.<\/p>\n<p><strong>2017<\/strong><\/p>\n<ul>\n<li>DAIPCT 001\/17 en la que se solicita informaci\u00f3n sobre resoluciones emitidas por la Comisi\u00f3n da Transparencia. Sentido de la resoluci\u00f3n: <a href=\"https:\/\/comisiondatransparencia.valedordopobo.gal\/wp-content\/uploads\/2018\/10\/RESOLUCION-DAIPCT-1-17-PUBLICACION-WEB.pdf\">DESESTIMACI\u00d3N<\/a>.<\/li>\n<li>DAIPTC 002\/2017 en la que se solicita la revisi\u00f3n de 6 resoluciones emitidas por la Comisi\u00f3n da Transparencia. Sentido de la resoluci\u00f3n: <a href=\"https:\/\/comisiondatransparencia.valedordopobo.gal\/wp-content\/uploads\/2017\/08\/RESOLUCION-DAIPCT-2-17-publicacion-web.pdf\" target=\"_blank\" rel=\"noopener\">INADMISI\u00d3N<\/a><\/li>\n<\/ul>\n<p><strong>2016<\/strong><\/p>\n<ul>\n<li>DAIPTC 001\/16 en la que se solicita acceso a las resoluciones de la Comisi\u00f3n da Transparencia. <a href=\"https:\/\/drive.google.com\/open?id=0B1dlTsj2xLRVc2pMNjZ1TzZhbTA\" target=\"_blank\" rel=\"noopener\">RESOLUCI\u00d3N ESTIMATORIA (.doc)<\/a><\/li>\n<li>DAIPTC 002\/2016 en la que\u00a0se solicita informaci\u00f3n sobre el lugar de la web de la Comisi\u00f3n da Transparencia donde se publican las resoluciones de este \u00f3rgano colegiado. <a href=\"https:\/\/drive.google.com\/open?id=0B1dlTsj2xLRVZWdLMkowZU92bXM\" target=\"_blank\" rel=\"noopener\">RESOLUCI\u00d3N ESTIMATORIA (.doc)<\/a><\/li>\n<\/ul>\n<p>[\/vc_column_text][vc_empty_space][vc_separator color=\u00bbcustom\u00bb style=\u00bbdotted\u00bb accent_color=\u00bb#b5ba05&#8243;][vc_column_text c_id=\u00bb.vc_1480979908587&#8243;]<\/p>\n<h2>Puede remitir su solicitud:<\/h2>\n<ul class=\"vinieta1\">\n<li><span style=\"font-size: 12pt;\">Por <strong>correo electr\u00f3nico<\/strong> a: <a href=\"mailto:transparencia@valedordopobo.gal\">transparencia@valedordopobo.gal<\/a><\/span><\/li>\n<li><span style=\"font-size: 12pt;\">Por <strong>carta<\/strong> a: Comisi\u00f3n da Transparencia. R\u00faa do H\u00f3rreo 65. 15700 Santiago de Compostela<\/span><\/li>\n<li><span style=\"font-size: 12pt;\">En <strong>persona<\/strong>: Puede dirigirse a la sede de la Comisi\u00f3n da Transparencia (la misma del Valedor do Pobo) donde ser\u00e1 amablemente atendido: R\u00faa do H\u00f3rreo, n\u00fam. 65. Santiago de Compostela<\/span><\/li>\n<li><span style=\"font-size: 12pt;\"><strong>Horario<\/strong><\/span><span style=\"font-size: 12pt;\">: de 9.00 h. a 14.00 h y de 16.30 a 19 horas<\/span>[\/vc_column_text][vc_empty_space][vc_separator color=\u00bbcustom\u00bb style=\u00bbdotted\u00bb accent_color=\u00bb#b5ba05&#8243;][vc_column_text c_id=\u00bb.vc_1479825676708&#8243;]<br \/>\n<h2>Informaci\u00f3n pr\u00e1ctica<\/h2>\n<p>[\/vc_column_text][vc_tta_accordion][vc_tta_section title=\u00bb\u00bfQu\u00e9 se entiende por informaci\u00f3n p\u00fablica?\u00bb tab_id=\u00bb1479817972348-38e69f83-d8ad\u00bb][vc_column_text c_id=\u00bb.vc_1479825786047&#8243;]<span style=\"font-size: 12pt;\">Se entiende por informaci\u00f3n p\u00fablica los contenidos o documentos, cualquiera que sea su formato o soporte, que consten en poder de alguno de los sujetos incluidos en el \u00e1mbito de aplicaci\u00f3n de la Ley de transparencia y buen gobierno y que fueran elaborados o adquiridos en ejercicio de sus funciones. Asimismo, se considerar\u00e1 informaci\u00f3n p\u00fablica la producida por las entidades que presten servicios p\u00fablicos o ejerzan potestades administrativas, en los t\u00e9rminos previstos en el art\u00edculo 4 de la Ley de transparencia y buen gobierno.<\/span>[\/vc_column_text][\/vc_tta_section][vc_tta_section title=\u00bbDerecho de acceso\u00bb tab_id=\u00bb1479825793619-7b580fc8-4421&#8243;][vc_column_text c_id=\u00bb.vc_1479825810083&#8243;]<span style=\"font-size: 12pt;\">El derecho de acceso a la informaci\u00f3n p\u00fablica se ejerce conforme al procedimiento establecido en la normativa actual, Ley 1\/2016, de 18 de enero, de transparencia y buen gobierno de Galicia y en la Ley 19\/2013, de 9 de diciembre, de transparencia, acceso a la informaci\u00f3n p\u00fablica y bueno gobierno.<\/span>[\/vc_column_text][\/vc_tta_section][vc_tta_section title=\u00bb\u00bfQu\u00e9 garant\u00edas tengo en el acceso a la informaci\u00f3n p\u00fablica?\u00bb tab_id=\u00bb1479825828421-cbf85462-3ecb\u00bb][vc_column_text c_id=\u00bb.vc_1480979962514&#8243;]<span style=\"font-size: 12pt;\">La actual normativa garantiza a la ciudadan\u00eda:<\/span><\/p>\n<ul class=\"vinieta1\">\n<li><span style=\"font-size: 12pt;\"> El uso de la informaci\u00f3n obtenida sin necesidad de autorizaci\u00f3n previa y sin m\u00e1s limitaciones que las derivadas de esta u otras leyes.<\/span><\/li>\n<li><span style=\"font-size: 12pt;\"> La recepci\u00f3n de la informaci\u00f3n p\u00fablica en formato electr\u00f3nico o en papel, seg\u00fan indicase la persona solicitante.<\/span><\/li>\n<li><span style=\"font-size: 12pt;\"> La recepci\u00f3n de la informaci\u00f3n p\u00fablica en la lengua oficial de Galicia en la que la solicite.<\/span><\/li>\n<li><span style=\"font-size: 12pt;\"> El conocimiento de las tasas y precios que, en su caso, sean exigibles para la obtenci\u00f3n de copias o para la transposici\u00f3n de la informaci\u00f3n a formatos diferentes del original.<\/span><\/li>\n<li><span style=\"font-size: 12pt;\"> La realizaci\u00f3n de propuestas y sugerencias tanto alrededor de la informaci\u00f3n demandada y sobre los formatos, programas o lenguajes inform\u00e1ticos empleados.<\/span><\/li>\n<\/ul>\n<p>[\/vc_column_text][\/vc_tta_section][vc_tta_section title=\u00bbEst\u00e1 sometida a publicidad\u00bb tab_id=\u00bb1479826032177-063b7326-98fc\u00bb][vc_column_text c_id=\u00bb.vc_1479826073760&#8243;]<span style=\"font-size: 12pt;\">Gran parte de la informaci\u00f3n p\u00fablica accesible se encuentra publicada en la web institucional. Por esta raz\u00f3n, recomendamos que visites a misma para comprobar que la informaci\u00f3n solicitada no se encuentra disponible all\u00ed.<\/span><\/p>\n<p><span style=\"font-size: 12pt;\">Si dicha informaci\u00f3n ya fue publicada en la web, la resoluci\u00f3n a la solicitud de acceso podr\u00e1 limitarse, en este caso, a facilitar al solicitante la ruta para acceder a ella.<\/span>[\/vc_column_text][\/vc_tta_section][vc_tta_section title=\u00bb\u00bfTiene l\u00edmites el derecho de acceso a la informaci\u00f3n p\u00fablica?\u00bb tab_id=\u00bb1479826097085-d04a93af-9cbf\u00bb][vc_column_text c_id=\u00bb.vc_1480980037486&#8243;]<span style=\"font-size: 12pt;\">Efectivamente tiene l\u00edmites y aparecen se\u00f1alados en el art\u00edculo 14 de la Ley 19\/2013, de 9 de diciembre, de transparencia, cceso a la informaci\u00f3n p\u00fablica y bueno gobierno.<\/span><\/p>\n<p><span style=\"font-size: 12pt;\">As\u00ed, el derecho de acceso podr\u00e1 ser limitado cuando acceder a la informaci\u00f3n suponga un perjuicio para:<\/span><\/p>\n<ul class=\"vinieta1\">\n<li><span style=\"font-size: 12pt;\"> La seguridade nacional.<\/span><\/li>\n<li><span style=\"font-size: 12pt;\"> La defensa.<\/span><\/li>\n<li><span style=\"font-size: 12pt;\"> Las relaciones exteriores.<\/span><\/li>\n<li><span style=\"font-size: 12pt;\"> La seguridad p\u00fablica.<\/span><\/li>\n<li><span style=\"font-size: 12pt;\"> La prevenci\u00f3n, investigaci\u00f3n y sanci\u00f3n de los il\u00edcitos penales, administrativos o disciplinarios.<\/span><\/li>\n<li><span style=\"font-size: 12pt;\"> La igualdad de las partes en los procesos judiciales y la tutela judicial efectiva.<\/span><\/li>\n<li><span style=\"font-size: 12pt;\"> Las funciones administrativas de vigilancia, inspecci\u00f3n y control.<\/span><\/li>\n<li><span style=\"font-size: 12pt;\"> Los intereses econ\u00f3micos y comerciales.<\/span><\/li>\n<li><span style=\"font-size: 12pt;\"> La pol\u00edtica econ\u00f3mica y monetaria.<\/span><\/li>\n<li><span style=\"font-size: 12pt;\"> El secreto profesional y la propiedad intelectual e industrial.<\/span><\/li>\n<li><span style=\"font-size: 12pt;\"> La garant\u00eda de la confidencialidad o el secreto requerido en procesos de toma de decisi\u00f3n.<\/span><\/li>\n<li><span style=\"font-size: 12pt;\"> La protecci\u00f3n del medio ambiente.<\/span><\/li>\n<\/ul>\n<p><span style=\"font-size: 12pt;\"> La aplicaci\u00f3n de los l\u00edmites ser\u00e1 justificada y proporcionada a su objeto y finalidad de protecci\u00f3n y atender\u00e1 a las circunstancias del caso concreto, especialmente a la concurrencia de un inter\u00e9s p\u00fablico o privado superior que justifique el acceso.<\/span>[\/vc_column_text][\/vc_tta_section][vc_tta_section title=\u00bbSolicitud de acceso\u00bb tab_id=\u00bb1479826258448-b871948c-cc29&#8243;][vc_column_text c_id=\u00bb.vc_1479826319639&#8243;]<span style=\"font-size: 12pt;\">El procedimiento para el ejercicio del derecho de acceso se iniciar\u00e1 con la presentaci\u00f3n de la correspondiente solicitud, que deber\u00e1 dirigirse, en este caso, a la Comisi\u00f3n da Transparencia, \u00f3rgano colegiado titular.<br \/>\n<\/span>[\/vc_column_text][\/vc_tta_section][vc_tta_section title=\u00bbEn la solicitud, que podr\u00e1 presentarse por cualquiera medio, debe constar:\u00bb tab_id=\u00bb1479826325091-93cf5b5a-3ee8&#8243;][vc_column_text c_id=\u00bb.vc_1479826357746&#8243;]<\/p>\n<ul class=\"vinieta1\">\n<li><span style=\"font-size: 12pt;\">Identidad del solicitante verificable a trav\u00e9s del DNI o n\u00famero de pasaporte (facilitar copia del documento).<\/span><\/li>\n<li><strong><span style=\"font-size: 12pt;\">Informaci\u00f3n solicitada<\/span><\/strong><\/li>\n<li><span style=\"font-size: 12pt;\">Direcci\u00f3n de contacto, preferiblemente electr\u00f3nica para garantizar la comunicaci\u00f3n.<\/span><\/li>\n<li><span style=\"font-size: 12pt;\">En su caso, la modalidad de env\u00edo (postal o electr\u00f3nico) que se prefiera para acceder a la informaci\u00f3n solicitada.<\/span><\/li>\n<\/ul>\n<p>[\/vc_column_text][\/vc_tta_section][vc_tta_section title=\u00bb\u00bfTengo que motivar mi petici\u00f3n?\u00bb tab_id=\u00bb1479826381785-41dacec0-106e\u00bb][vc_column_text c_id=\u00bb.vc_1479826421829&#8243;]<span style=\"font-size: 12pt;\">El solicitante no est\u00e1 obligado a motivar su solicitud de acceso a la informaci\u00f3n. Con todo, podr\u00e1 exponer los motivos por los que solicita la informaci\u00f3n y que podr\u00e1n ser tenidos en cuenta cuando se dicte la resoluci\u00f3n. Con todo, la ausencia de motivaci\u00f3n no ser\u00e1 por s\u00ed misma causa de rechazo de la solicitud.<br \/>\n<\/span>[\/vc_column_text][\/vc_tta_section][vc_tta_section title=\u00bbCausas de inadmisi\u00f3n\u00bb tab_id=\u00bb1479826568484-9e347f2a-a57d\u00bb][vc_column_text c_id=\u00bb.vc_1480980092377&#8243;]<\/p>\n<ul class=\"vinieta1\">\n<li><span style=\"font-size: 12pt;\">Que la solicitud se refiera a informaci\u00f3n que est\u00e9 en curso de elaboraci\u00f3n o de publicaci\u00f3n general.<\/span><\/li>\n<li><span style=\"font-size: 12pt;\">Que se refiera a informaci\u00f3n que tenga car\u00e1cter auxiliar o de apoyo como la contenida en notas, borradores, opiniones, res\u00famenes, comunicaciones e informes internos o entre \u00f3rganos o entidades administrativas.<\/span><\/li>\n<li><span style=\"font-size: 12pt;\">Relativas la informaci\u00f3n para cuya divulgaci\u00f3n sea necesaria una acci\u00f3n previa de reelaboraci\u00f3n.<\/span><\/li>\n<li><span style=\"font-size: 12pt;\">Dirigidas a un \u00f3rgano en cuyo poder no obre la informaci\u00f3n cuando se desconozca el que s\u00ed es realmente competente.<\/span><\/li>\n<li><span style=\"font-size: 12pt;\">Que sean manifiestamente repetitivas o tengan un car\u00e1cter abusivo no justificado con la finalidad de la normativa de transparencia. <\/span><\/li>\n<\/ul>\n<p>[\/vc_column_text][\/vc_tta_section][vc_tta_section title=\u00bbPlazos de respuesta\u00bb tab_id=\u00bb1479826817088-5332e8f0-a145&#8243;][vc_column_text c_id=\u00bb.vc_1479826844373&#8243;]<span style=\"font-size: 12pt;\">El plazo general de respuesta de contestaci\u00f3n a la solicitud de informaci\u00f3n es de un mes desde su recepci\u00f3n. Este plazo es ampliable a un mes m\u00e1s cuando el volumen o la complejidad de la informaci\u00f3n solicitada lo hagan necesario.<br \/>\n<\/span>[\/vc_column_text][\/vc_tta_section][vc_tta_section title=\u00bb\u00bfY si no estoy de acuerdo con la resoluci\u00f3n de la Comisi\u00f3n da Transparencia?\u00bb tab_id=\u00bb1479826886444-752f67f8-b0fd\u00bb][vc_column_text c_id=\u00bb.vc_1479826935231&#8243;]<span style=\"font-size: 12pt;\">Contra toda resoluci\u00f3n expresa o presunta en materia de acceso dictada por la Comisi\u00f3n s\u00f3lo cabr\u00e1 la interposici\u00f3n de recurso contencioso-administrativo.<br \/>\n<\/span>[\/vc_column_text][\/vc_tta_section][\/vc_tta_accordion][vc_empty_space][\/vc_column][vc_column width=\u00bb1\/2&#8243; animation_iteration=\u00bb1&#8243; css=\u00bb.vc_custom_1479819171418{background-color: #fcfcfc !important;}\u00bb][vc_column_text c_id=\u00bb.vc_1479832680103&#8243; css=\u00bb.vc_custom_1482172731762{margin-top: 5px !important;}\u00bb]<\/p>\n<h2>Formulario en l\u00ednea para solicitar acceso a la informaci\u00f3n p\u00fablica de la Comisi\u00f3n da Transparencia<\/h2>\n<p>[\/vc_column_text]\n<div class=\"wpcf7 no-js\" id=\"wpcf7-f6905-o1\" lang=\"gl-ES\" dir=\"ltr\" data-wpcf7-id=\"6905\">\n<div class=\"screen-reader-response\"><p role=\"status\" aria-live=\"polite\" aria-atomic=\"true\"><\/p> <ul><\/ul><\/div>\n<form action=\"\/es\/wp-json\/wp\/v2\/pages\/4697#wpcf7-f6905-o1\" method=\"post\" class=\"wpcf7-form init\" aria-label=\"Formulario de contacto\" enctype=\"multipart\/form-data\" novalidate=\"novalidate\" data-status=\"init\">\n<fieldset class=\"hidden-fields-container\"><input type=\"hidden\" name=\"_wpcf7\" value=\"6905\" \/><input type=\"hidden\" name=\"_wpcf7_version\" value=\"6.1.5\" \/><input type=\"hidden\" name=\"_wpcf7_locale\" value=\"gl_ES\" \/><input type=\"hidden\" name=\"_wpcf7_unit_tag\" value=\"wpcf7-f6905-o1\" \/><input type=\"hidden\" name=\"_wpcf7_container_post\" value=\"0\" \/><input type=\"hidden\" name=\"_wpcf7_posted_data_hash\" value=\"\" \/>\n<\/fieldset>\n<p>Su nombre, apellidos o raz\u00f3n social (requerido)\n<\/p>\n<p><span class=\"wpcf7-form-control-wrap\" data-name=\"nombre\"><input size=\"40\" maxlength=\"400\" class=\"wpcf7-form-control wpcf7-text wpcf7-validates-as-required\" aria-required=\"true\" aria-invalid=\"false\" value=\"\" type=\"text\" name=\"nombre\" \/><\/span>\n<\/p>\n<p>Su correo electr\u00f3nico (requerido)\n<\/p>\n<p><span class=\"wpcf7-form-control-wrap\" data-name=\"email\"><input size=\"40\" maxlength=\"400\" class=\"wpcf7-form-control wpcf7-email wpcf7-validates-as-required wpcf7-text wpcf7-validates-as-email\" aria-required=\"true\" aria-invalid=\"false\" value=\"\" type=\"email\" name=\"email\" \/><\/span>\n<\/p>\n<p>DNI\/NIE\/NIF o pasaporte (requerido)\n<\/p>\n<p><span class=\"wpcf7-form-control-wrap\" data-name=\"dni\"><input size=\"40\" maxlength=\"400\" class=\"wpcf7-form-control wpcf7-text wpcf7-validates-as-required\" aria-required=\"true\" aria-invalid=\"false\" value=\"\" type=\"text\" name=\"dni\" \/><\/span>\n<\/p>\n<p>La informaci\u00f3n que solicita\n<\/p>\n<p><span class=\"wpcf7-form-control-wrap\" data-name=\"textarea-956\"><textarea cols=\"40\" rows=\"10\" maxlength=\"2000\" class=\"wpcf7-form-control wpcf7-textarea\" aria-invalid=\"false\" name=\"textarea-956\"><\/textarea><\/span>\n<\/p>\n<p>Si desea recibir las comunicaciones por correo postal, introduzca su direcci\u00f3n completa\n<\/p>\n<p><span class=\"wpcf7-form-control-wrap\" data-name=\"recepcion\"><textarea cols=\"40\" rows=\"10\" maxlength=\"2000\" class=\"wpcf7-form-control wpcf7-textarea\" aria-invalid=\"false\" name=\"recepcion\"><\/textarea><\/span>\n<\/p>\n<p>Adjunte copia de DNI, NIF, NIE o Pasaporte (requerido)\n<\/p>\n<p><span class=\"wpcf7-form-control-wrap\" data-name=\"file-301\"><input size=\"40\" class=\"wpcf7-form-control wpcf7-file\" accept=\"audio\/*,video\/*,image\/*\" aria-invalid=\"false\" type=\"file\" name=\"file-301\" \/><\/span><br \/>\n<input type=\"hidden\" name=\"_wpcf7_captcha_challenge_captcha\" value=\"1326125510\" \/><img loading=\"lazy\" decoding=\"async\" class=\"wpcf7-form-control wpcf7-captchac wpcf7-captcha-captcha\" width=\"72\" height=\"24\" alt=\"captcha\" src=\"https:\/\/comisiondatransparencia.valedordopobo.gal\/wp-content\/uploads\/wpcf7_captcha\/1326125510.png\" \/> Introduzca el c\u00f3digo de validaci\u00f3n <span class=\"wpcf7-form-control-wrap\" data-name=\"captcha\"><input size=\"40\" class=\"wpcf7-form-control wpcf7-captchar\" autocomplete=\"off\" aria-invalid=\"false\" value=\"\" type=\"text\" name=\"captcha\" \/><\/span><br \/>\n<div class=\"wpcf7-turnstile cf-turnstile\" data-sitekey=\"0x4AAAAAABik8noqfgNTZos5\" data-response-field-name=\"_wpcf7_turnstile_response\"><\/div>\n<p><span class=\"wpcf7-form-control-wrap\" data-name=\"DOP\"><span class=\"wpcf7-form-control wpcf7-acceptance\"><span class=\"wpcf7-list-item\"><input type=\"checkbox\" name=\"DOP\" value=\"1\" checked=\"checked\" aria-invalid=\"false\" \/><\/span><\/span><\/span> Acepto las condiciones de la LOPD\n<\/p>\n<p><input class=\"wpcf7-form-control wpcf7-submit has-spinner\" type=\"submit\" value=\"Enviar\" \/>\n<\/p><div class=\"wpcf7-response-output\" aria-hidden=\"true\"><\/div>\n<\/form>\n<\/div>\n\r\n\t\t\t\t<script>\r\n\t\t\t\tif ( typeof huOptions !== 'undefined' ) {\r\n\t\t\t\t\tvar huFormData = {\"source\":\"contactform7\",\"id\":6905,\"title\":\"Acceso a la informaci\\u00f3n\",\"fields\":{\"subject\":{\"first_name\":\"your-name\",\"email\":\"your-email\"},\"preferences\":{\"terms\":\"your-consent\"}}};\r\n\t\t\t\t\tvar huFormNode = document.querySelector( '[id^=\"wpcf7-f6905-\"] form' );\r\n\r\n\t\t\t\t\thuFormData['node'] = huFormNode;\r\n\t\t\t\t\thuOptions['forms'].push( huFormData );\r\n\t\t\t\t}\r\n\t\t\t\t<\/script>[\/vc_column][\/vc_row][vc_row][vc_column][vc_column_text]<\/li>\n<\/ul>\n<p>[\/vc_column_text][\/vc_column][\/vc_row]<\/p>\n","protected":false},"excerpt":{"rendered":"<p>[vc_row equal_height=\u00bbyes\u00bb foundry_padding=\u00bbpt0 pb0&#8243; content_placement=\u00bbmiddle\u00bb p_bottom=\u00bb0&#8243; m_bottom=\u00bb0&#8243;][vc_column][vc_row_inner equal_height=\u00bbyes\u00bb content_placement=\u00bbmiddle\u00bb][vc_column_inner width=\u00bb1\/4&#8243;][vc_column_text c_id=\u00bb.vc_1480965550560&#8243;][\/vc_column_text][\/vc_column_inner][vc_column_inner width=\u00bb3\/4&#8243;][vc_custom_heading text=\u00bbAcceso a la informaci\u00f3n\u00bb font_container=\u00bbtag:h1|font_size:45px|text_align:left\u00bb use_theme_fonts=\u00bbyes\u00bb][vc_separator color=\u00bbcustom\u00bb style=\u00bbdotted\u00bb accent_color=\u00bb#b5ba05&#8243;][vc_column_text&#8230;<\/p>\n","protected":false},"author":1,"featured_media":0,"parent":0,"menu_order":0,"comment_status":"closed","ping_status":"closed","template":"","meta":{"_mc_calendar":[],"footnotes":""},"class_list":["post-4697","page","type-page","status-publish","hentry"],"_links":{"self":[{"href":"https:\/\/comisiondatransparencia.valedordopobo.gal\/es\/wp-json\/wp\/v2\/pages\/4697","targetHints":{"allow":["GET"]}}],"collection":[{"href":"https:\/\/comisiondatransparencia.valedordopobo.gal\/es\/wp-json\/wp\/v2\/pages"}],"about":[{"href":"https:\/\/comisiondatransparencia.valedordopobo.gal\/es\/wp-json\/wp\/v2\/types\/page"}],"author":[{"embeddable":true,"href":"https:\/\/comisiondatransparencia.valedordopobo.gal\/es\/wp-json\/wp\/v2\/users\/1"}],"replies":[{"embeddable":true,"href":"https:\/\/comisiondatransparencia.valedordopobo.gal\/es\/wp-json\/wp\/v2\/comments?post=4697"}],"version-history":[{"count":0,"href":"https:\/\/comisiondatransparencia.valedordopobo.gal\/es\/wp-json\/wp\/v2\/pages\/4697\/revisions"}],"wp:attachment":[{"href":"https:\/\/comisiondatransparencia.valedordopobo.gal\/es\/wp-json\/wp\/v2\/media?parent=4697"}],"curies":[{"name":"wp","href":"https:\/\/api.w.org\/{rel}","templated":true}]}}