{"id":4711,"date":"2016-11-22T17:54:53","date_gmt":"2016-11-22T16:54:53","guid":{"rendered":"https:\/\/comisiondatransparencia.valedordopobo.gal\/?page_id=4711"},"modified":"2019-05-06T13:09:10","modified_gmt":"2019-05-06T11:09:10","slug":"informacion-relevancia-juridica","status":"publish","type":"page","link":"https:\/\/comisiondatransparencia.valedordopobo.gal\/es\/informacion-relevancia-juridica\/","title":{"rendered":"Informaci\u00f3n de relevancia jur\u00eddica"},"content":{"rendered":"<p>[vc_row equal_height=\u00bbyes\u00bb foundry_padding=\u00bbpt0 pb0&#8243; content_placement=\u00bbmiddle\u00bb p_bottom=\u00bb0&#8243; m_bottom=\u00bb0&#8243;][vc_column][vc_row_inner equal_height=\u00bbyes\u00bb content_placement=\u00bbmiddle\u00bb][vc_column_inner width=\u00bb1\/4&#8243;][vc_column_text c_id=\u00bb.vc_1480965925291&#8243;]<img loading=\"lazy\" decoding=\"async\" class=\"size-full wp-image-6154 aligncenter\" src=\"https:\/\/comisiondatransparencia.valedordopobo.gal\/wp-content\/uploads\/2016\/11\/info-xuridica.png\" alt=\"\" width=\"150\" height=\"150\" \/>[\/vc_column_text][\/vc_column_inner][vc_column_inner width=\u00bb3\/4&#8243;][vc_custom_heading text=\u00bbInformaci\u00f3n de relevancia jur\u00eddica\u00bb font_container=\u00bbtag:h1|font_size:45px|text_align:left\u00bb use_theme_fonts=\u00bbyes\u00bb][vc_separator color=\u00bbcustom\u00bb style=\u00bbdotted\u00bb accent_color=\u00bb#b5ba05&#8243;][vc_column_text c_id=\u00bb.vc_1479833297359&#8243;]<span style=\"font-size: 12pt;\">De acuerdo con la normativa vigente, los \u00f3rganos p\u00fablicos estamos obligados a publicar toda la informaci\u00f3n jur\u00eddica relevante en el marco de nuestras competencias.<\/span>[\/vc_column_text][vc_separator color=\u00bbcustom\u00bb style=\u00bbdotted\u00bb accent_color=\u00bb#b5ba05&#8243;][\/vc_column_inner][\/vc_row_inner][\/vc_column][\/vc_row][vc_row gap=\u00bb15&#8243; foundry_padding=\u00bbpt0&#8243; p_top=\u00bb0&#8243; m_top=\u00bb0&#8243; css=\u00bb.vc_custom_1481130097902{background-color: #fcfcfc !important;}\u00bb][vc_column width=\u00bb1\/3&#8243; animation_iteration=\u00bb1&#8243; css=\u00bb.vc_custom_1479833664749{background-color: #fcfcfc !important;}\u00bb][vc_icon icon_fontawesome=\u00bbfa fa-file-pdf-o\u00bb color=\u00bbcustom\u00bb size=\u00bblg\u00bb align=\u00bbcenter\u00bb custom_color=\u00bb#b5ba05&#8243; link=\u00bburl:http%3A%2F%2Fwww.xunta.gal%2Fdog%2FPublicados%2F2016%2F20160215%2FAnuncioC3B0-110216-0001_gl.html||target:%20_blank\u00bb][vc_column_text c_id=\u00bb.vc_1479833457822&#8243;]<\/p>\n<h4 style=\"text-align: center;\"><a href=\"http:\/\/www.xunta.gal\/dog\/Publicados\/2016\/20160215\/AnuncioC3B0-110216-0001_gl.html\">Ley 1\/2016, de transparencia y buen gobierno de Galicia<\/a><\/h4>\n<p>[\/vc_column_text][\/vc_column][vc_column width=\u00bb1\/3&#8243; animation_iteration=\u00bb1&#8243; css=\u00bb.vc_custom_1479833656273{background-color: #fcfcfc !important;}\u00bb][vc_icon icon_fontawesome=\u00bbfa fa-file-pdf-o\u00bb color=\u00bbcustom\u00bb size=\u00bblg\u00bb align=\u00bbcenter\u00bb custom_color=\u00bb#b5ba05&#8243; link=\u00bburl:http%3A%2F%2Fwww.boe.es%2Fbuscar%2Fact.php%3Fid%3DBOE-A-2013-12887||target:%20_blank\u00bb][vc_column_text c_id=\u00bb.vc_1479833560819&#8243;]<\/p>\n<h4 style=\"text-align: center;\"><a href=\"http:\/\/www.boe.es\/buscar\/act.php?id=BOE-A-2013-12887\">Ley 19\/2013, de 9 de diciembre, de transparencia, acceso a la informaci\u00f3n p\u00fablica y buen gobierno<\/a><\/h4>\n<p>[\/vc_column_text][\/vc_column][vc_column width=\u00bb1\/3&#8243; animation_iteration=\u00bb1&#8243; css=\u00bb.vc_custom_1479833639840{background-color: #fcfcfc !important;}\u00bb][vc_icon icon_fontawesome=\u00bbfa fa-file-pdf-o\u00bb color=\u00bbcustom\u00bb size=\u00bblg\u00bb align=\u00bbcenter\u00bb custom_color=\u00bb#b5ba05&#8243; link=\u00bburl:http%3A%2F%2Fwww.xunta.gal%2Fdog%2FPublicados%2F2016%2F20160715%2FAnuncioG2022-050716-0001_gl.html||target:%20_blank\u00bb][vc_column_text c_id=\u00bb.vc_1479833583815&#8243;]<\/p>\n<h4 style=\"text-align: center;\"><a href=\"https:\/\/comisiondatransparencia.valedordopobo.gal\/wp-content\/uploads\/2016\/12\/Reglamento-interno-de-la-Comision-da-Transparencia-de-Galicia.pdf\">Reglamento interno de la Comisi\u00f3n da Transparencia de Galicia<\/a><\/h4>\n<p>[\/vc_column_text][\/vc_column][\/vc_row][vc_row][vc_column][vc_column_text c_id=\u00bb.vc_1479833297359&#8243;]OTROS TEXTOS DE INTER\u00c9S:<\/p>\n<ul>\n<li><a href=\"https:\/\/comisiondatransparencia.valedordopobo.gal\/wp-content\/uploads\/2017\/10\/S2017_010823_informe-ao-concello-de-ponteareas-sobre-identidade-e-interese-en-transparencia.pdf\" target=\"_blank\" rel=\"noopener\">Informaci\u00f3n de relevancia jur\u00eddica: Contestaci\u00f3n al recurso potestativo RSCTG 49\/2017 dirigida al Ayuntamiento de Ponteareas en relaci\u00f3n con las garant\u00edas de identidad y concepto de interesado de las personas solicitantes del acceso a la informaci\u00f3n p\u00fablica<\/a><\/li>\n<li><a href=\"http:\/\/www.xunta.gal\/dog\/Publicados\/2017\/20170718\/AnuncioG2022-100717-0002_es.pdf\">RESOLUCI\u00d3N de 10 de julio de 2017 por la que se dispone la publicaci\u00f3n del certificado de la Secretar\u00eda de la Comisi\u00f3n de la Transparencia relativo a una delegaci\u00f3n de competencia.<\/a><\/li>\n<li><a href=\"http:\/\/www.xunta.gal\/dog\/Publicados\/2016\/20161209\/AnuncioG2022-011216-0001_es.pdf\">RESOLUCI\u00d3N de 1 de diciembre de 2016 por la que se dispone la publicaci\u00f3n de la modificaci\u00f3n del Reglamento interno de la Comisi\u00f3n de la Transparencia de Galicia.<\/a><\/li>\n<li><a href=\"http:\/\/www.xunta.gal\/dog\/Publicados\/2016\/20160715\/AnuncioG2022-050716-0001_es.pdf\">RESOLUCI\u00d3N de 5 de julio de 2016 por la que se dispone la publicaci\u00f3n del Reglamento interno de la Comisi\u00f3n de la Transparencia de Galicia.<\/a><\/li>\n<li><a href=\"http:\/\/www.xunta.gal\/dog\/Publicados\/2016\/20160425\/AnuncioG2022-150416-0004_es.pdf\">RESOLUCI\u00d3N de 15 de abril de 2016 por la que se nombran los miembros de la Comisi\u00f3n de Transparencia creada por la Ley 1\/2016, de 18 de enero, de transparencia y buen gobierno.<\/a><\/li>\n<\/ul>\n<p>[\/vc_column_text][\/vc_column][\/vc_row]<\/p>\n","protected":false},"excerpt":{"rendered":"<p>[vc_row equal_height=\u00bbyes\u00bb foundry_padding=\u00bbpt0 pb0&#8243; content_placement=\u00bbmiddle\u00bb p_bottom=\u00bb0&#8243; m_bottom=\u00bb0&#8243;][vc_column][vc_row_inner equal_height=\u00bbyes\u00bb content_placement=\u00bbmiddle\u00bb][vc_column_inner width=\u00bb1\/4&#8243;][vc_column_text c_id=\u00bb.vc_1480965925291&#8243;][\/vc_column_text][\/vc_column_inner][vc_column_inner width=\u00bb3\/4&#8243;][vc_custom_heading text=\u00bbInformaci\u00f3n de relevancia jur\u00eddica\u00bb font_container=\u00bbtag:h1|font_size:45px|text_align:left\u00bb use_theme_fonts=\u00bbyes\u00bb][vc_separator color=\u00bbcustom\u00bb style=\u00bbdotted\u00bb accent_color=\u00bb#b5ba05&#8243;][vc_column_text&#8230;<\/p>\n","protected":false},"author":1,"featured_media":0,"parent":0,"menu_order":0,"comment_status":"closed","ping_status":"closed","template":"","meta":{"_mc_calendar":[],"footnotes":""},"class_list":["post-4711","page","type-page","status-publish","hentry"],"_links":{"self":[{"href":"https:\/\/comisiondatransparencia.valedordopobo.gal\/es\/wp-json\/wp\/v2\/pages\/4711","targetHints":{"allow":["GET"]}}],"collection":[{"href":"https:\/\/comisiondatransparencia.valedordopobo.gal\/es\/wp-json\/wp\/v2\/pages"}],"about":[{"href":"https:\/\/comisiondatransparencia.valedordopobo.gal\/es\/wp-json\/wp\/v2\/types\/page"}],"author":[{"embeddable":true,"href":"https:\/\/comisiondatransparencia.valedordopobo.gal\/es\/wp-json\/wp\/v2\/users\/1"}],"replies":[{"embeddable":true,"href":"https:\/\/comisiondatransparencia.valedordopobo.gal\/es\/wp-json\/wp\/v2\/comments?post=4711"}],"version-history":[{"count":0,"href":"https:\/\/comisiondatransparencia.valedordopobo.gal\/es\/wp-json\/wp\/v2\/pages\/4711\/revisions"}],"wp:attachment":[{"href":"https:\/\/comisiondatransparencia.valedordopobo.gal\/es\/wp-json\/wp\/v2\/media?parent=4711"}],"curies":[{"name":"wp","href":"https:\/\/api.w.org\/{rel}","templated":true}]}}