{"id":4717,"date":"2016-11-22T18:15:51","date_gmt":"2016-11-22T17:15:51","guid":{"rendered":"https:\/\/comisiondatransparencia.valedordopobo.gal\/?page_id=4717"},"modified":"2019-05-06T13:05:54","modified_gmt":"2019-05-06T11:05:54","slug":"directrices-comunicaciones-instruciones-comision","status":"publish","type":"page","link":"https:\/\/comisiondatransparencia.valedordopobo.gal\/es\/directrices-comunicaciones-instruciones-comision\/","title":{"rendered":"Directrices, comunicaciones, instrucciones dictadas por la Comisi\u00f3n"},"content":{"rendered":"<p>[vc_row foundry_padding=\u00bbpt0 pb0&#8243; p_bottom=\u00bb0&#8243; m_bottom=\u00bb0&#8243;][vc_column][vc_row_inner equal_height=\u00bbyes\u00bb content_placement=\u00bbmiddle\u00bb][vc_column_inner width=\u00bb1\/4&#8243;][vc_column_text c_id=\u00bb.vc_1480966621715&#8243;]<img loading=\"lazy\" decoding=\"async\" class=\"size-full wp-image-6156 aligncenter\" src=\"https:\/\/comisiondatransparencia.valedordopobo.gal\/wp-content\/uploads\/2016\/11\/directrices.png\" alt=\"\" width=\"150\" height=\"150\" \/>[\/vc_column_text][\/vc_column_inner][vc_column_inner width=\u00bb3\/4&#8243;][vc_custom_heading text=\u00bbDirectrices, comunicaciones, instrucciones dictadas por la Comisi\u00f3n\u00bb font_container=\u00bbtag:h1|font_size:45px|text_align:left\u00bb use_theme_fonts=\u00bbyes\u00bb][vc_separator color=\u00bbcustom\u00bb style=\u00bbdotted\u00bb accent_color=\u00bb#b5ba05&#8243;][\/vc_column_inner][\/vc_row_inner][\/vc_column][\/vc_row][vc_row foundry_padding=\u00bbpt0&#8243; p_top=\u00bb0&#8243; m_top=\u00bb0&#8243;][vc_column]\t\n\t\t\t\n\t\t<div class=\"row masonry\">\n\t\t\t<div class=\"masonry-item col-md-4 col-sm-6\">\n\t<div class=\"feature bg-secondary p32 pt40 pb40 mb0\">\n\t\n\t\t<span class=\"fade-1-4 mb16 display-block\">mayo 6, 2019 in <a href=\"https:\/\/comisiondatransparencia.valedordopobo.gal\/es\/category\/directrices-instrucciones-y-comunicaciones\/\" rel=\"category tag\">Directrices, instrucciones y comunicaciones<\/a><\/span>\n\t\t\n\t\t<h4 class=\"mb120\">Resoluci\u00f3n para la delegaci\u00f3n en la Presidencia de la Comisi\u00f3n de la resoluci\u00f3n de reclamaciones por desistencia<\/h4>\t\t\n\t\t<a href=\"https:\/\/comisiondatransparencia.valedordopobo.gal\/es\/resolucion-do-28-de-setembro-de-2018-de-delegacion-na-presidencia-da-resolucion-de-reclamacions-por-desistimento\/\" class=\"mb0 right\">\n\t\t\t<h6 class=\"uppercase mb0 color-primary fade-on-hover\">Leer M\u00e1s <i class=\"ti-arrow-right\"><\/i><\/h6>\n\t\t<\/a>\n\t\t\n\t<\/div>\n<\/div><div class=\"masonry-item col-md-4 col-sm-6\">\n\t<div class=\"feature bg-secondary p32 pt40 pb40 mb0\">\n\t\n\t\t<span class=\"fade-1-4 mb16 display-block\">mayo 6, 2019 in <a href=\"https:\/\/comisiondatransparencia.valedordopobo.gal\/es\/category\/directrices-instrucciones-y-comunicaciones\/\" rel=\"category tag\">Directrices, instrucciones y comunicaciones<\/a><\/span>\n\t\t\n\t\t<h4 class=\"mb120\">Resoluci\u00f3n para la delegaci\u00f3n en la Presidencia de las resoluciones de inadmisi\u00f3n de reclamaciones extempor\u00e1neas<\/h4>\t\t\n\t\t<a href=\"https:\/\/comisiondatransparencia.valedordopobo.gal\/es\/resolucion-para-a-delegacion-na-presidencia-das-resolucions-de-inadmision-de-reclamacions-extemporaneas\/\" class=\"mb0 right\">\n\t\t\t<h6 class=\"uppercase mb0 color-primary fade-on-hover\">Leer M\u00e1s <i class=\"ti-arrow-right\"><\/i><\/h6>\n\t\t<\/a>\n\t\t\n\t<\/div>\n<\/div><div class=\"masonry-item col-md-4 col-sm-6\">\n\t<div class=\"feature bg-secondary p32 pt40 pb40 mb0\">\n\t\n\t\t<span class=\"fade-1-4 mb16 display-block\">octubre 28, 2016 in <a href=\"https:\/\/comisiondatransparencia.valedordopobo.gal\/es\/category\/directrices-instrucciones-y-comunicaciones\/\" rel=\"category tag\">Directrices, instrucciones y comunicaciones<\/a><\/span>\n\t\t\n\t\t<h4 class=\"mb120\">Declaraci\u00f3n institucional de la Comisi\u00f3n da Transparencia de Galicia, presidida por la valedora, en el d\u00eda internacional del \u201cDerecho a Saber\u201d<\/h4>\t\t\n\t\t<a href=\"https:\/\/comisiondatransparencia.valedordopobo.gal\/es\/declaracion-institucional-da-comision-da-transparencia-de-galicia-presidida-pola-valedora-no-dia-internacional-dereito-saber\/\" class=\"mb0 right\">\n\t\t\t<h6 class=\"uppercase mb0 color-primary fade-on-hover\">Leer M\u00e1s <i class=\"ti-arrow-right\"><\/i><\/h6>\n\t\t<\/a>\n\t\t\n\t<\/div>\n<\/div>\t\t<\/div>\n\t\t\n\t\t<div class=\"row\">\n\t\t\t\t\t<\/div>\n\t\t\n\t\t\t\t\n[\/vc_column][\/vc_row]<\/p>\n","protected":false},"excerpt":{"rendered":"<p>[vc_row foundry_padding=\u00bbpt0 pb0&#8243; p_bottom=\u00bb0&#8243; m_bottom=\u00bb0&#8243;][vc_column][vc_row_inner equal_height=\u00bbyes\u00bb content_placement=\u00bbmiddle\u00bb][vc_column_inner width=\u00bb1\/4&#8243;][vc_column_text c_id=\u00bb.vc_1480966621715&#8243;][\/vc_column_text][\/vc_column_inner][vc_column_inner width=\u00bb3\/4&#8243;][vc_custom_heading text=\u00bbDirectrices, comunicaciones, instrucciones dictadas por la Comisi\u00f3n\u00bb font_container=\u00bbtag:h1|font_size:45px|text_align:left\u00bb use_theme_fonts=\u00bbyes\u00bb][vc_separator color=\u00bbcustom\u00bb style=\u00bbdotted\u00bb&#8230;<\/p>\n","protected":false},"author":1,"featured_media":0,"parent":0,"menu_order":0,"comment_status":"closed","ping_status":"closed","template":"","meta":{"_mc_calendar":[],"footnotes":""},"class_list":["post-4717","page","type-page","status-publish","hentry"],"_links":{"self":[{"href":"https:\/\/comisiondatransparencia.valedordopobo.gal\/es\/wp-json\/wp\/v2\/pages\/4717","targetHints":{"allow":["GET"]}}],"collection":[{"href":"https:\/\/comisiondatransparencia.valedordopobo.gal\/es\/wp-json\/wp\/v2\/pages"}],"about":[{"href":"https:\/\/comisiondatransparencia.valedordopobo.gal\/es\/wp-json\/wp\/v2\/types\/page"}],"author":[{"embeddable":true,"href":"https:\/\/comisiondatransparencia.valedordopobo.gal\/es\/wp-json\/wp\/v2\/users\/1"}],"replies":[{"embeddable":true,"href":"https:\/\/comisiondatransparencia.valedordopobo.gal\/es\/wp-json\/wp\/v2\/comments?post=4717"}],"version-history":[{"count":0,"href":"https:\/\/comisiondatransparencia.valedordopobo.gal\/es\/wp-json\/wp\/v2\/pages\/4717\/revisions"}],"wp:attachment":[{"href":"https:\/\/comisiondatransparencia.valedordopobo.gal\/es\/wp-json\/wp\/v2\/media?parent=4717"}],"curies":[{"name":"wp","href":"https:\/\/api.w.org\/{rel}","templated":true}]}}