{"id":4744,"date":"2016-11-23T12:55:17","date_gmt":"2016-11-23T11:55:17","guid":{"rendered":"https:\/\/comisiondatransparencia.valedordopobo.gal\/?page_id=4744"},"modified":"2019-05-06T13:10:04","modified_gmt":"2019-05-06T11:10:04","slug":"informacion-presupuestaria-economica-estadistica","status":"publish","type":"page","link":"https:\/\/comisiondatransparencia.valedordopobo.gal\/es\/informacion-presupuestaria-economica-estadistica\/","title":{"rendered":"Informaci\u00f3n presupuestaria, econ\u00f3mica e estad\u00edstica"},"content":{"rendered":"<p>[vc_row equal_height=\u00bbyes\u00bb foundry_padding=\u00bbpt0 pb0&#8243; content_placement=\u00bbmiddle\u00bb p_bottom=\u00bb0&#8243; m_bottom=\u00bb0&#8243;][vc_column][vc_row_inner equal_height=\u00bbyes\u00bb content_placement=\u00bbmiddle\u00bb][vc_column_inner width=\u00bb1\/4&#8243;][vc_column_text c_id=\u00bb.vc_1480967154722&#8243;]<img loading=\"lazy\" decoding=\"async\" class=\"size-full wp-image-6157 aligncenter\" src=\"https:\/\/comisiondatransparencia.valedordopobo.gal\/wp-content\/uploads\/2016\/11\/info-orzamentaria.png\" alt=\"\" width=\"150\" height=\"150\" \/>[\/vc_column_text][\/vc_column_inner][vc_column_inner width=\u00bb3\/4&#8243;][vc_custom_heading text=\u00bbInformaci\u00f3n presupuestaria, econ\u00f3mica e estad\u00edstica\u00bb font_container=\u00bbtag:h1|font_size:45px|text_align:left\u00bb use_theme_fonts=\u00bbyes\u00bb][vc_separator color=\u00bbcustom\u00bb style=\u00bbdotted\u00bb accent_color=\u00bb#b5ba05&#8243;][\/vc_column_inner][\/vc_row_inner][\/vc_column][\/vc_row][vc_row foundry_padding=\u00bbpt0&#8243; p_top=\u00bb0&#8243; m_top=\u00bb0&#8243;][vc_column][vc_column_text c_id=\u00bb.vc_1480982491279&#8243;]<\/p>\n<h2>Informaci\u00f3n presupuestaria\u00a0y econ\u00f3mica<\/h2>\n<p>[\/vc_column_text][\/vc_column][vc_column width=\u00bb1\/2&#8243; animation_iteration=\u00bb1&#8243;][vc_column_text c_id=\u00bb.vc_1480982614543&#8243;]<span style=\"font-size: 12pt;\">El art. 33 de la LEY 1\/2016, de 18 de enero, de transparencia y buen gobierno, crea la Comisi\u00f3n da Transparencia como \u00f3rgano colegiado independiente adscrito al Valedor do Pobo. El art\u00edculo 34 afirma que este \u00f3rgano colegiado actuar\u00e1 con separaci\u00f3n de funciones y medios, es decir, el Comisionado da Transparencia y la Comisi\u00f3n da Transparencia actuar\u00e1n con separaci\u00f3n de sus funciones respecto de las otras que le corresponden al Valedor do Pobo, sin embargo contar\u00e1n con los medios personales y materiales asignados a esta instituci\u00f3n.<\/span><\/p>\n<p>-Ninguno de los miembros de la Comisi\u00f3n da Transparencia percibe <strong>retribuciones ni dietas<\/strong> por formar parte de ella.<\/p>\n<p>-Relaci\u00f3n de <strong>obsequios protocolarios<\/strong>: En la actualidad no se percibieron por parte de la Presidencia, ni de la Vicepresidencia ni de ning\u00fan miembro vocal de la Comisi\u00f3n obsequios protocolarios. En cuanto lleguen, ser\u00e1n inventariados y listados en el presente apartado.[\/vc_column_text][\/vc_column][vc_column width=\u00bb1\/2&#8243; animation_iteration=\u00bb1&#8243;][vc_column_text c_id=\u00bb.vc_1480983361879&#8243;]<span style=\"font-size: 12pt;\">Toda la informaci\u00f3n presupuestaria, econ\u00f3mica y de contrataci\u00f3n, por tanto, es la propia de la instituci\u00f3n del Valedor do Pobo que pueden obtener en los siguientes enlaces: <\/span>[\/vc_column_text][vc_btn title=\u00bb<b>Informaci\u00f3n econ\u00f3mica y presupuestaria<\/b>\u00bb style=\u00bboutline-custom\u00bb outline_custom_color=\u00bb#b5ba05&#8243; outline_custom_hover_background=\u00bb#999999&#8243; outline_custom_hover_text=\u00bb#ffffff\u00bb shape=\u00bbround\u00bb align=\u00bbleft\u00bb i_icon_fontawesome=\u00bbfa fa-plus-square-o\u00bb add_icon=\u00bbtrue\u00bb link=\u00bburl:https%3A%2F%2Fwww.valedordopobo.gal%2Fes%2Ftransparencia-informacion-economica-presupuestaria-y-estadistica%2F||target:%20_blank|\u00bb][vc_btn title=\u00bb<b>Personal<\/b>\u00bb style=\u00bboutline-custom\u00bb outline_custom_color=\u00bb#b5ba05&#8243; outline_custom_hover_background=\u00bb#999999&#8243; outline_custom_hover_text=\u00bb#ffffff\u00bb shape=\u00bbround\u00bb align=\u00bbleft\u00bb i_icon_fontawesome=\u00bbfa fa-plus-square-o\u00bb add_icon=\u00bbtrue\u00bb link=\u00bburl:https%3A%2F%2Fwww.valedordopobo.gal%2Fes%2Ftransparencia-informacion-sobre-personal%2F||target:%20_blank|\u00bb][vc_btn title=\u00bb<b>Informaci\u00f3n patrimonial<\/b>\u00bb style=\u00bboutline-custom\u00bb outline_custom_color=\u00bb#b5ba05&#8243; outline_custom_hover_background=\u00bb#999999&#8243; outline_custom_hover_text=\u00bb#ffffff\u00bb shape=\u00bbround\u00bb align=\u00bbleft\u00bb i_icon_fontawesome=\u00bbfa fa-plus-square-o\u00bb add_icon=\u00bbtrue\u00bb link=\u00bburl:https%3A%2F%2Fwww.valedordopobo.gal%2Fes%2Ftransparencia-informacion-patrimonial%2F||target:%20_blank|\u00bb][vc_btn title=\u00bb<b>Contratos<\/b>\u00bb style=\u00bboutline-custom\u00bb outline_custom_color=\u00bb#b5ba05&#8243; outline_custom_hover_background=\u00bb#999999&#8243; outline_custom_hover_text=\u00bb#ffffff\u00bb shape=\u00bbround\u00bb align=\u00bbleft\u00bb i_icon_fontawesome=\u00bbfa fa-plus-square-o\u00bb add_icon=\u00bbtrue\u00bb link=\u00bburl:https%3A%2F%2Fwww.valedordopobo.gal%2Fes%2Ftransparencia-informacion-sobre-contratacion-publica%2F||target:%20_blank|\u00bb][vc_btn title=\u00bb<b>Convenios<\/b>\u00bb style=\u00bboutline-custom\u00bb outline_custom_color=\u00bb#b5ba05&#8243; outline_custom_hover_background=\u00bb#999999&#8243; outline_custom_hover_text=\u00bb#ffffff\u00bb shape=\u00bbround\u00bb align=\u00bbleft\u00bb i_icon_fontawesome=\u00bbfa fa-plus-square-o\u00bb add_icon=\u00bbtrue\u00bb link=\u00bburl:https%3A%2F%2Fwww.valedordopobo.gal%2Fes%2Ftransparencia-informacion-sobre-convenios%2F||target:%20_blank|\u00bb][vc_btn title=\u00bb<b>Subvenciones y ayudas p\u00fablicas<\/b>\u00bb style=\u00bboutline-custom\u00bb outline_custom_color=\u00bb#b5ba05&#8243; outline_custom_hover_background=\u00bb#999999&#8243; outline_custom_hover_text=\u00bb#ffffff\u00bb shape=\u00bbround\u00bb align=\u00bbleft\u00bb i_icon_fontawesome=\u00bbfa fa-plus-square-o\u00bb add_icon=\u00bbtrue\u00bb link=\u00bburl:https%3A%2F%2Fwww.valedordopobo.gal%2Fes%2Ftransparencia-informacion-sobre-subvenciones-y-ayudas-publicas%2F||target:%20_blank|\u00bb][\/vc_column][vc_column css=\u00bb.vc_custom_1481134290690{margin-bottom: 0px !important;padding-bottom: 0px !important;}\u00bb][vc_separator color=\u00bbcustom\u00bb style=\u00bbdotted\u00bb accent_color=\u00bb#b5ba05&#8243;][\/vc_column][\/vc_row][vc_row foundry_padding=\u00bbpt0&#8243;][vc_column width=\u00bb1\/6&#8243;][\/vc_column][vc_column width=\u00bb2\/3&#8243; css=\u00bb.vc_custom_1481637600264{background-color: #b5ba05 !important;}\u00bb el_class=\u00bbfade-on-hover\u00bb][vc_row_inner equal_height=\u00bbyes\u00bb content_placement=\u00bbmiddle\u00bb][vc_column_inner width=\u00bb1\/3&#8243;][vc_single_image image=\u00bb7022&#8243; img_size=\u00bbfull\u00bb alignment=\u00bbcenter\u00bb onclick=\u00bbcustom_link\u00bb link=\u00bbhttps:\/\/comisiondatransparencia.valedordopobo.gal\/estatisticas-sobre-reclamacions?lang=es\u00bb][\/vc_column_inner][vc_column_inner width=\u00bb2\/3&#8243;][vc_column_text]<\/p>\n<h2><a href=\"https:\/\/comisiondatransparencia.valedordopobo.gal\/es\/estatisticas-sobre-reclamacions\"><span style=\"color: #ffffff;\"><strong>Informaci\u00f3n estad\u00edstica<\/strong><\/span><\/a><\/h2>\n<p><span style=\"color: #ffffff;\"><a style=\"color: #ffffff;\" href=\"https:\/\/comisiondatransparencia.valedordopobo.gal\/estatisticas-sobre-reclamacions\/\">Haga click aqu\u00ed<\/a><\/span>[\/vc_column_text][\/vc_column_inner][\/vc_row_inner][\/vc_column][vc_column width=\u00bb1\/6&#8243;][\/vc_column][\/vc_row]<\/p>\n","protected":false},"excerpt":{"rendered":"<p>[vc_row equal_height=\u00bbyes\u00bb foundry_padding=\u00bbpt0 pb0&#8243; content_placement=\u00bbmiddle\u00bb p_bottom=\u00bb0&#8243; m_bottom=\u00bb0&#8243;][vc_column][vc_row_inner equal_height=\u00bbyes\u00bb content_placement=\u00bbmiddle\u00bb][vc_column_inner width=\u00bb1\/4&#8243;][vc_column_text c_id=\u00bb.vc_1480967154722&#8243;][\/vc_column_text][\/vc_column_inner][vc_column_inner width=\u00bb3\/4&#8243;][vc_custom_heading text=\u00bbInformaci\u00f3n presupuestaria, econ\u00f3mica e estad\u00edstica\u00bb font_container=\u00bbtag:h1|font_size:45px|text_align:left\u00bb use_theme_fonts=\u00bbyes\u00bb][vc_separator color=\u00bbcustom\u00bb style=\u00bbdotted\u00bb&#8230;<\/p>\n","protected":false},"author":1,"featured_media":0,"parent":0,"menu_order":0,"comment_status":"closed","ping_status":"closed","template":"","meta":{"_mc_calendar":[],"footnotes":""},"class_list":["post-4744","page","type-page","status-publish","hentry"],"_links":{"self":[{"href":"https:\/\/comisiondatransparencia.valedordopobo.gal\/es\/wp-json\/wp\/v2\/pages\/4744","targetHints":{"allow":["GET"]}}],"collection":[{"href":"https:\/\/comisiondatransparencia.valedordopobo.gal\/es\/wp-json\/wp\/v2\/pages"}],"about":[{"href":"https:\/\/comisiondatransparencia.valedordopobo.gal\/es\/wp-json\/wp\/v2\/types\/page"}],"author":[{"embeddable":true,"href":"https:\/\/comisiondatransparencia.valedordopobo.gal\/es\/wp-json\/wp\/v2\/users\/1"}],"replies":[{"embeddable":true,"href":"https:\/\/comisiondatransparencia.valedordopobo.gal\/es\/wp-json\/wp\/v2\/comments?post=4744"}],"version-history":[{"count":0,"href":"https:\/\/comisiondatransparencia.valedordopobo.gal\/es\/wp-json\/wp\/v2\/pages\/4744\/revisions"}],"wp:attachment":[{"href":"https:\/\/comisiondatransparencia.valedordopobo.gal\/es\/wp-json\/wp\/v2\/media?parent=4744"}],"curies":[{"name":"wp","href":"https:\/\/api.w.org\/{rel}","templated":true}]}}