{"id":4828,"date":"2016-11-23T19:07:01","date_gmt":"2016-11-23T18:07:01","guid":{"rendered":"https:\/\/comisiondatransparencia.valedordopobo.gal\/?page_id=4828"},"modified":"2022-03-11T13:02:30","modified_gmt":"2022-03-11T12:02:30","slug":"informes","status":"publish","type":"page","link":"https:\/\/comisiondatransparencia.valedordopobo.gal\/es\/informes\/","title":{"rendered":"Informes"},"content":{"rendered":"<p>[vc_row equal_height=\u00bbyes\u00bb foundry_padding=\u00bbpt0 pb0&#8243;][vc_column][vc_row_inner equal_height=\u00bbyes\u00bb][vc_column_inner width=\u00bb1\/4&#8243;][vc_column_text]<img loading=\"lazy\" decoding=\"async\" class=\"aligncenter wp-image-6215 size-full\" src=\"https:\/\/comisiondatransparencia.valedordopobo.gal\/wp-content\/uploads\/2016\/11\/informes.png\" width=\"149\" height=\"150\" \/>[\/vc_column_text][\/vc_column_inner][vc_column_inner width=\u00bb3\/4&#8243;][vc_custom_heading text=\u00bbInformes\u00bb font_container=\u00bbtag:h1|font_size:45px|text_align:left\u00bb use_theme_fonts=\u00bbyes\u00bb][vc_separator color=\u00bbcustom\u00bb style=\u00bbdotted\u00bb accent_color=\u00bb#b5ba05&#8243;][\/vc_column_inner][\/vc_row_inner][\/vc_column][\/vc_row][vc_row foundry_padding=\u00bbpt0&#8243;][vc_column][vc_column_text c_id=\u00bb.vc_1479924413339&#8243;]<span style=\"font-size: 12pt;\">La <strong>Comisi\u00f3n da Transparencia<\/strong>\u00a0(a trav\u00e9s del Comisionado da Transparencia-Valedor do Pobo) elabora un informe anual del seguimiento del control de la transparencia en nuestra comunidad, que se facilita junto con el Informe Ordinario de la actividad del Valedor do Pobo ante el Parlamento de Galicia.\u00a0<\/span><\/p>\n<p>A continuaci\u00f3n ponemos a su disposici\u00f3n los \u00faltimos realizados:<\/p>\n<p>-Informe sobre Transparencia del Informe Ordinario 2020 del Valedor do Pobo al Parlamento de Galicia.\u00a0\u00a0<a href=\"https:\/\/comisiondatransparencia.valedordopobo.gal\/wp-content\/uploads\/2022\/03\/Informe-VP-2020_esp.-Cap\u00edtulo-4.-Informe-transp.pdf\">Texto completo (descargue en .pdf)<\/a>.<\/p>\n<p>-Informe sobre Transparencia del Informe Ordinario 2018 del Valedor do Pobo al Parlamento de Galicia.\u00a0\u00a0<a href=\"https:\/\/comisiondatransparencia.valedordopobo.gal\/wp-content\/uploads\/2019\/12\/Cap\u00edtulo-3-INFORME-VALEDOR-DO-POBO-2018-CASTELLANO.pdf\">Texto completo (descargue en .pdf)<\/a>.<\/p>\n<p>-Informe sobre Transparencia del Informe Ordinario 2017 del Valedor do Pobo al Parlamento de Galicia.\u00a0\u00a0<a href=\"https:\/\/comisiondatransparencia.valedordopobo.gal\/wp-content\/uploads\/2018\/05\/Capitulo-3-Informe-sobre-Transparencia.pdf\">Texto completo (descargue en .pdf)<\/a>.<\/p>\n<p>-Informe sobre Transparencia do Informe Ordinario 2016 do Valedor do Pobo ao Parlamento de Galicia.\u00a0\u00a0<a href=\"https:\/\/comisiondatransparencia.valedordopobo.gal\/wp-content\/uploads\/2017\/03\/Capitulo-3-Informe-sobre-transparencia_castellano.pdf\">Texto completo (descargue en .pdf)<\/a>.[\/vc_column_text][\/vc_column][\/vc_row]<\/p>\n","protected":false},"excerpt":{"rendered":"<p>[vc_row equal_height=\u00bbyes\u00bb foundry_padding=\u00bbpt0 pb0&#8243;][vc_column][vc_row_inner equal_height=\u00bbyes\u00bb][vc_column_inner width=\u00bb1\/4&#8243;][vc_column_text][\/vc_column_text][\/vc_column_inner][vc_column_inner width=\u00bb3\/4&#8243;][vc_custom_heading text=\u00bbInformes\u00bb font_container=\u00bbtag:h1|font_size:45px|text_align:left\u00bb use_theme_fonts=\u00bbyes\u00bb][vc_separator color=\u00bbcustom\u00bb style=\u00bbdotted\u00bb accent_color=\u00bb#b5ba05&#8243;][\/vc_column_inner][\/vc_row_inner][\/vc_column][\/vc_row][vc_row foundry_padding=\u00bbpt0&#8243;][vc_column][vc_column_text c_id=\u00bb.vc_1479924413339&#8243;]La Comisi\u00f3n da Transparencia\u00a0(a trav\u00e9s del Comisionado&#8230;<\/p>\n","protected":false},"author":1,"featured_media":0,"parent":0,"menu_order":0,"comment_status":"closed","ping_status":"closed","template":"","meta":{"_mc_calendar":[],"footnotes":""},"class_list":["post-4828","page","type-page","status-publish","hentry"],"_links":{"self":[{"href":"https:\/\/comisiondatransparencia.valedordopobo.gal\/es\/wp-json\/wp\/v2\/pages\/4828","targetHints":{"allow":["GET"]}}],"collection":[{"href":"https:\/\/comisiondatransparencia.valedordopobo.gal\/es\/wp-json\/wp\/v2\/pages"}],"about":[{"href":"https:\/\/comisiondatransparencia.valedordopobo.gal\/es\/wp-json\/wp\/v2\/types\/page"}],"author":[{"embeddable":true,"href":"https:\/\/comisiondatransparencia.valedordopobo.gal\/es\/wp-json\/wp\/v2\/users\/1"}],"replies":[{"embeddable":true,"href":"https:\/\/comisiondatransparencia.valedordopobo.gal\/es\/wp-json\/wp\/v2\/comments?post=4828"}],"version-history":[{"count":0,"href":"https:\/\/comisiondatransparencia.valedordopobo.gal\/es\/wp-json\/wp\/v2\/pages\/4828\/revisions"}],"wp:attachment":[{"href":"https:\/\/comisiondatransparencia.valedordopobo.gal\/es\/wp-json\/wp\/v2\/media?parent=4828"}],"curies":[{"name":"wp","href":"https:\/\/api.w.org\/{rel}","templated":true}]}}