{"id":6260,"date":"2016-12-09T14:30:05","date_gmt":"2016-12-09T13:30:05","guid":{"rendered":"https:\/\/comisiondatransparencia.valedordopobo.gal\/estatisticas-sobre-reclamacions\/?lang=es"},"modified":"2019-12-26T09:45:38","modified_gmt":"2019-12-26T08:45:38","slug":"estadisticas-sobre-reclamaciones","status":"publish","type":"page","link":"https:\/\/comisiondatransparencia.valedordopobo.gal\/es\/estadisticas-sobre-reclamaciones\/","title":{"rendered":"Estad\u00edsticas sobre reclamaciones"},"content":{"rendered":"<p>[vc_row foundry_padding=\u00bbpt0 pb0&#8243; p_bottom=\u00bb0&#8243; m_bottom=\u00bb0&#8243;][vc_column][vc_row_inner equal_height=\u00bbyes\u00bb content_placement=\u00bbmiddle\u00bb][vc_column_inner width=\u00bb1\/4&#8243;][vc_column_text c_id=\u00bb.vc_1481107569697&#8243;]<img loading=\"lazy\" decoding=\"async\" class=\"aligncenter size-full wp-image-6241\" src=\"https:\/\/comisiondatransparencia.valedordopobo.gal\/wp-content\/uploads\/2016\/12\/info-estadistica.png\" alt=\"\" width=\"150\" height=\"150\" \/>[\/vc_column_text][\/vc_column_inner][vc_column_inner width=\u00bb3\/4&#8243;][vc_custom_heading text=\u00bbEstad\u00edsticas sobre reclamaciones\u00bb font_container=\u00bbtag:h1|font_size:45px|text_align:left\u00bb use_theme_fonts=\u00bbyes\u00bb][vc_separator color=\u00bbcustom\u00bb style=\u00bbdotted\u00bb accent_color=\u00bb#b5ba05&#8243;][vc_column_text]<\/p>\n<h6>En esta p\u00e1gina encontrar\u00e1 las estad\u00edsticas m\u00e1s destacadas del trabajo desplegado por la Comisi\u00f3n da Transparencia. Los datos se incluyen en el momento de concluir el ejercicio estad\u00edstico ( anual) de la Comisi\u00f3n<\/h6>\n<h6><\/h6>\n<h6 style=\"text-align: right;\"><\/h6>\n<p>[\/vc_column_text][vc_separator color=\u00bbcustom\u00bb style=\u00bbdotted\u00bb accent_color=\u00bb#b5ba05&#8243;][\/vc_column_inner][\/vc_row_inner][\/vc_column][\/vc_row][vc_row][vc_column width=\u00bb1\/2&#8243;][vc_column_text]<\/p>\n<h1 style=\"text-align: center;\">2018<\/h1>\n<p>[\/vc_column_text][vc_column_text]En 2018 siguieron increment\u00e1ndose las reclamaciones dirigidas a la Comisi\u00f3n da Transparencia, contra resoluciones, expresas o presuntas, en materia de acceso a la informaci\u00f3n p\u00fablica. Desde la puesta en funcionamiento de la Comisi\u00f3n da Transparencia de Galicia, entre los meses de mayo a diciembre de 2016, se presentaron 55 reclamaciones, de las que se resolvieron 32 en ese a\u00f1o; en 2017 se presentaron 132 reclamaciones de las que se resolvieron 115, y en 2018, se presentaron 148 reclamaciones y se resolvieron 175.<\/p>\n<p>De las reclamaciones resueltas en 2018, m\u00e1s del 47 % fueron estimadas total o parcialmente, el 12 % desestimadas, el 10 % archivadas por desistimiento de la persona o colectivo interesado y 30 % inadmitidas, quedando el 13 % de las reclamaciones presentadas pendientes para su resoluci\u00f3n en 2019.<\/p>\n<p>Los motivos de la inadmisi\u00f3n de reclamaciones fueron por la presentaci\u00f3n de reclamaciones en materias sobre las que la Comisi\u00f3n de Transparencia de Galicia\u00a0 no tiene competencia, por reclamaciones contra actos no susceptibles de recurso, por carencia de fundamento de la reclamaci\u00f3n, por presentaci\u00f3n de solicitudes de acceso repetitivas o abusivas, por existencia de un procedimiento administrativo en curso, por existencia de un r\u00e9gimen jur\u00eddico espec\u00edfico de acceso a la informaci\u00f3n, por presentaci\u00f3n de la reclamaci\u00f3n fuera de plazo y por no ser el asunto susceptible de recurso en materia de acceso a informaci\u00f3n p\u00fablica.<\/p>\n<p>En cuanto al g\u00e9nero de los reclamantes, el 51 % de las reclamaciones se presentaron por hombres, el 14 % por mujeres y el 35 % por colectivos (asociaciones, empresas etc). Respecto al idioma de presentaci\u00f3n, el 55 % de las reclamaciones se presentaron en castellano y el 45 % en gallego. En cuanto a la procedencia de los reclamantes, \u00fanicamente el 6,7 % de las reclamaciones proceden de personas o colectivos residentes fuera de la Comunidad Aut\u00f3noma de Galicia.<\/p>\n<p>El 47 % de las reclamaciones se presentaron a trav\u00e9s de correo electr\u00f3nico, el 34 % por correo postal y el 19% a trav\u00e9s de la p\u00e1gina web de la Comisi\u00f3n da Transparencia de Galicia.<\/p>\n<p>En lo referente al sujeto contra el que se dirige la reclamaci\u00f3n, el 51 % se presentaron contra resoluciones expresas o presuntas de la Administraci\u00f3n Auton\u00f3mica, el 43 % de la Administraci\u00f3n Local y el 6 % contra las resoluciones de otros sujetos obligados (universidades, corporaciones de derecho p\u00fablico, entes instrumentales entre otros).<\/p>\n<p>Respecto a las materias objeto de las reclamaciones, las m\u00e1s numerosas son las referidas a medio ambiente, contrataci\u00f3n p\u00fablica, convenios, subvenciones, urbanismo, funci\u00f3n p\u00fablica, patrimonio, organizaci\u00f3n administrativa y licencias.[\/vc_column_text][\/vc_column][vc_column width=\u00bb1\/2&#8243;][vc_empty_space][vc_column_text]<a href=\"https:\/\/comisiondatransparencia.valedordopobo.gal\/wp-content\/uploads\/2019\/12\/INFORME_GRAFICO_2018_ES.pdf\" class=\"pdfemb-viewer\" style=\"\" data-width=\"max\" data-height=\"max\" data-toolbar=\"bottom\" data-toolbar-fixed=\"off\">tabla actividad comision da transparencia 2018<\/a>[\/vc_column_text][\/vc_column][\/vc_row][vc_row][vc_column width=\u00bb1\/3&#8243;][vc_column_text]<\/p>\n<h2 style=\"text-align: center;\">POR G\u00c9NERO<\/h2>\n<p>[\/vc_column_text][vc_raw_html]JTNDZGl2JTIwc3R5bGUlM0QlMjJwYWRkaW5nJTNBNXB4JTIwNXB4JTIwNXB4JTIwNXB4JTNCJTIyJTNFJTNDJTJGZGl2JTNFJTNDYSUyMGhyZWYlM0QlMjJodHRwcyUzQSUyRiUyRnd3dy5jb21pc2lvbmRhdHJhbnNwYXJlbmNpYS5nYWwlMkZ3cC1jb250ZW50JTJGdXBsb2FkcyUyRjIwMTklMkYxMiUyRnBvcmdlbmVyby5wbmclMjIlMjB0YXJnZXQlM0QlMjJfYmxhbmslMjIlM0UlMjAlM0NpbWclMjBzcmMlM0QlMjJodHRwcyUzQSUyRiUyRnd3dy5jb21pc2lvbmRhdHJhbnNwYXJlbmNpYS5nYWwlMkZ3cC1jb250ZW50JTJGdXBsb2FkcyUyRjIwMTklMkYxMiUyRnBvcmdlbmVyby5wbmclMjIlMjBhbHQlM0QlMjJQb3IlMjBnZW5lcm8lMjIlM0UlMjAlM0MlMkZhJTNF[\/vc_raw_html][\/vc_column][vc_column width=\u00bb1\/3&#8243;][vc_column_text]<\/p>\n<h2 style=\"text-align: center;\">POR IDIOMA<\/h2>\n<p>[\/vc_column_text][vc_raw_html]JTNDZGl2JTIwc3R5bGUlM0QlMjJwYWRkaW5nJTNBNXB4JTIwNXB4JTIwNXB4JTIwNXB4JTNCJTIyJTNFJTNDJTJGZGl2JTNFJTNDYSUyMGhyZWYlM0QlMjJodHRwcyUzQSUyRiUyRnd3dy5jb21pc2lvbmRhdHJhbnNwYXJlbmNpYS5nYWwlMkZ3cC1jb250ZW50JTJGdXBsb2FkcyUyRjIwMTklMkYxMiUyRnBvcmdlbmVyby5wbmclMjIlMjB0YXJnZXQlM0QlMjJfYmxhbmslMjIlM0UlMjAlM0NpbWclMjBzcmMlM0QlMjJodHRwcyUzQSUyRiUyRnd3dy5jb21pc2lvbmRhdHJhbnNwYXJlbmNpYS5nYWwlMkZ3cC1jb250ZW50JTJGdXBsb2FkcyUyRjIwMTklMkYxMiUyRm1lZGlvLnBuZyUyMiUyMGFsdCUzRCUyMlBvciUyMGlkaW9tYSUyMiUzRSUyMCUzQyUyRmElM0U=[\/vc_raw_html][\/vc_column][vc_column width=\u00bb1\/3&#8243;][vc_column_text]<\/p>\n<h2 style=\"text-align: center;\">POR MEDIO<\/h2>\n<p>[\/vc_column_text][vc_raw_html]JTNDZGl2JTIwc3R5bGUlM0QlMjJwYWRkaW5nJTNBNXB4JTIwNXB4JTIwNXB4JTIwNXB4JTNCJTIyJTNFJTNDJTJGZGl2JTNFJTNDYSUyMGhyZWYlM0QlMjJodHRwcyUzQSUyRiUyRnd3dy5jb21pc2lvbmRhdHJhbnNwYXJlbmNpYS5nYWwlMkZ3cC1jb250ZW50JTJGdXBsb2FkcyUyRjIwMTklMkYxMiUyRm1lZGlvLnBuZyUyMiUyMHRhcmdldCUzRCUyMl9ibGFuayUyMiUzRSUyMCUzQ2ltZyUyMHNyYyUzRCUyMmh0dHBzJTNBJTJGJTJGd3d3LmNvbWlzaW9uZGF0cmFuc3BhcmVuY2lhLmdhbCUyRndwLWNvbnRlbnQlMkZ1cGxvYWRzJTJGMjAxOSUyRjEyJTJGbWVkaW8ucG5nJTIyJTIwYWx0JTNEJTIyUG9yJTIwaWRpb21hJTIyJTNFJTIwJTNDJTJGYSUzRQ==[\/vc_raw_html][\/vc_column][\/vc_row][vc_row][vc_column width=\u00bb1\/2&#8243;][vc_column_text]<\/p>\n<h1 style=\"text-align: center;\">2017<\/h1>\n<p>[\/vc_column_text][vc_column_text]<\/p>\n<p class=\"habitual\"><span lang=\"X-NONE\">En 2017 se ha producido un <strong>crecimiento de las reclamaciones<\/strong> dirigidas a la Comisi\u00f3n da Transparencia, que conoce los recursos administrativos contra las resoluciones sobre solicitudes de acceso a la informaci\u00f3n p\u00fablica. Se ha pasado de tramitar 55 expedientes entre los meses de mayo y diciembre de 2016 a la gesti\u00f3n de 132 reclamaciones o recursos para acceder a la informaci\u00f3n p\u00fablica en 2017. Este incremento se debe a un mejor conocimiento del derecho de acceso a la informaci\u00f3n p\u00fablica por parte de la ciudadan\u00eda. Las reclamaciones se promovieron por 81 personas distintas, frente a las 34 de 2016.<\/span><\/p>\n<p class=\"habitual\"><span lang=\"X-NONE\">Durante 2017 la mayor parte de las reclamaciones se han realizado por temas en los que la ley gallega de transparencia no estable obligaciones de publicidad activa, es decir, no requiere publicar directamente la informaci\u00f3n a trav\u00e9s de las webs o portales de transparencia; de las 132 reclamaciones dirigidas a la comisi\u00f3n, 78 se refer\u00edan a temas cuya <strong>publicidad activa no est\u00e1 prevista<\/strong>.<\/span><\/p>\n<p class=\"habitual\"><span lang=\"X-NONE\"> La ciudadan\u00eda de Galicia se ha interesado mayoritariamente por\u00a0<strong>temas de dimensi\u00f3n p\u00fablica<\/strong>, como el urbanismo o las actividades. Los sindicatos y concejales reclaman porque no reciben respuesta por los cauces ordinarios. Tambi\u00e9n reclaman asociaciones de defensa ambiental o del patrimonio hist\u00f3rico, abogados que solicitan informaci\u00f3n p\u00fablica necesaria para su actividad, o participantes en procesos selectivos que quieren obtener datos espec\u00edficos. Tambi\u00e9n son objeto de solicitud datos sobre contratos menores o decisiones municipales sobre v\u00edas p\u00fablicas.<\/span><\/p>\n<p class=\"habitual\"><span lang=\"X-NONE\">De las 132 reclamaciones, 49 se interpusieron frente a la actuaci\u00f3n de <strong>administraciones locales gallegas<\/strong> (ayuntamientos, diputaciones y organismos dependientes). El resto de las reclamaciones, 83 recursos, se refieren a actuaciones del <strong>sector p\u00fablico de la Comunidad Aut\u00f3noma<\/strong>.<\/span><\/p>\n<p class=\"habitual\"><span lang=\"X-NONE\">En 2017 la Comisi\u00f3n da Transparencia se hab\u00eda propuesto responder expresamente en plazo todas las reclamaciones recibidas. Pues bien, a pesar del incremento de las reclamaciones se ha conseguido <strong>responder en plazo<\/strong> en casi todos los casos y a d\u00eda de hoy la comisi\u00f3n no tiene retrasos, salvo supuestos excepcionales.<\/span><\/p>\n<p>[\/vc_column_text][\/vc_column][vc_column width=\u00bb1\/2&#8243;][vc_empty_space][vc_column_text]<a href=\"https:\/\/comisiondatransparencia.valedordopobo.gal\/wp-content\/uploads\/2018\/05\/tabla-actividad-comision-da-transparencia-2017.pdf\" class=\"pdfemb-viewer\" style=\"\" data-width=\"max\" data-height=\"max\" data-toolbar=\"bottom\" data-toolbar-fixed=\"off\">tabla actividad comision da transparencia 2017<\/a>[\/vc_column_text][\/vc_column][\/vc_row][vc_row][vc_column width=\u00bb1\/3&#8243;][vc_column_text]<\/p>\n<h2 style=\"text-align: center;\">POR G\u00c9NERO<\/h2>\n<p>[\/vc_column_text][vc_raw_html]JTNDZGl2JTIwY2xhc3MlM0QlMjJjYW52YS1lbWJlZCUyMiUyMGRhdGEtaGVpZ2h0LXJhdGlvJTNEJTIyMC43MDk1JTIyJTIwZGF0YS1kZXNpZ24taWQlM0QlMjJEQUM1U25KdnhWbyUyMiUyMHN0eWxlJTNEJTIycGFkZGluZyUzQTcwLjk1JTI1JTIwNXB4JTIwNXB4JTIwNXB4JTNCYmFja2dyb3VuZCUzQXJnYmElMjgwJTJDMCUyQzAlMkMwLjAzJTI5JTNCYm9yZGVyLXJhZGl1cyUzQThweCUzQiUyMiUzRSUzQyUyRmRpdiUzRSUzQ3NjcmlwdCUyMGFzeW5jJTIwc3JjJTNEJTIyaHR0cHMlM0ElMkYlMkZzZGsuY2FudmEuY29tJTJGdjElMkZlbWJlZC5qcyUyMiUzRSUzQyUyRnNjcmlwdCUzRSUzQ2ElMjBocmVmJTNEJTIyaHR0cHMlM0ElMkYlMkZ3d3cuY2FudmEuY29tJTJGZGVzaWduJTJGREFDNVNuSnZ4Vm8lMkZ2aWV3JTNGdXRtX2NvbnRlbnQlM0REQUM1U25KdnhWbyUyNnV0bV9jYW1wYWlnbiUzRGRlc2lnbnNoYXJlJTI2dXRtX21lZGl1bSUzRGVtYmVkcyUyNnV0bV9zb3VyY2UlM0RsaW5rJTIyJTIwdGFyZ2V0JTNEJTIyX2JsYW5rJTIyJTNF[\/vc_raw_html][\/vc_column][vc_column width=\u00bb1\/3&#8243;][vc_column_text]<\/p>\n<h2 style=\"text-align: center;\">POR IDIOMA<\/h2>\n<p>[\/vc_column_text][vc_raw_html]JTNDZGl2JTIwY2xhc3MlM0QlMjJjYW52YS1lbWJlZCUyMiUyMGRhdGEtaGVpZ2h0LXJhdGlvJTNEJTIyMC43MDk1JTIyJTIwZGF0YS1kZXNpZ24taWQlM0QlMjJEQUM1U3RkNGJkOCUyMiUyMHN0eWxlJTNEJTIycGFkZGluZyUzQTcwLjk1JTI1JTIwNXB4JTIwNXB4JTIwNXB4JTNCYmFja2dyb3VuZCUzQXJnYmElMjgwJTJDMCUyQzAlMkMwLjAzJTI5JTNCYm9yZGVyLXJhZGl1cyUzQThweCUzQiUyMiUzRSUzQyUyRmRpdiUzRSUzQ3NjcmlwdCUyMGFzeW5jJTIwc3JjJTNEJTIyaHR0cHMlM0ElMkYlMkZzZGsuY2FudmEuY29tJTJGdjElMkZlbWJlZC5qcyUyMiUzRSUzQyUyRnNjcmlwdCUzRSUzQ2ElMjBocmVmJTNEJTIyaHR0cHMlM0ElMkYlMkZ3d3cuY2FudmEuY29tJTJGZGVzaWduJTJGREFDNVN0ZDRiZDglMkZ2aWV3JTNGdXRtX2NvbnRlbnQlM0REQUM1U3RkNGJkOCUyNnV0bV9jYW1wYWlnbiUzRGRlc2lnbnNoYXJlJTI2dXRtX21lZGl1bSUzRGVtYmVkcyUyNnV0bV9zb3VyY2UlM0RsaW5rJTIyJTIwdGFyZ2V0JTNEJTIyX2JsYW5rJTIyJTNF[\/vc_raw_html][\/vc_column][vc_column width=\u00bb1\/3&#8243;][vc_column_text]<\/p>\n<h2 style=\"text-align: center;\">POR MEDIO<\/h2>\n<p>[\/vc_column_text][vc_raw_html]JTNDZGl2JTIwY2xhc3MlM0QlMjJjYW52YS1lbWJlZCUyMiUyMGRhdGEtaGVpZ2h0LXJhdGlvJTNEJTIyMC43MDk1JTIyJTIwZGF0YS1kZXNpZ24taWQlM0QlMjJEQUM1U1pfVXZhdyUyMiUyMHN0eWxlJTNEJTIycGFkZGluZyUzQTcwLjk1JTI1JTIwNXB4JTIwNXB4JTIwNXB4JTNCYmFja2dyb3VuZCUzQXJnYmElMjgwJTJDMCUyQzAlMkMwLjAzJTI5JTNCYm9yZGVyLXJhZGl1cyUzQThweCUzQiUyMiUzRSUzQyUyRmRpdiUzRSUzQ3NjcmlwdCUyMGFzeW5jJTIwc3JjJTNEJTIyaHR0cHMlM0ElMkYlMkZzZGsuY2FudmEuY29tJTJGdjElMkZlbWJlZC5qcyUyMiUzRSUzQyUyRnNjcmlwdCUzRSUzQ2ElMjBocmVmJTNEJTIyaHR0cHMlM0ElMkYlMkZ3d3cuY2FudmEuY29tJTJGZGVzaWduJTJGREFDNVNaX1V2YXclMkZ2aWV3JTNGdXRtX2NvbnRlbnQlM0REQUM1U1pfVXZhdyUyNnV0bV9jYW1wYWlnbiUzRGRlc2lnbnNoYXJlJTI2dXRtX21lZGl1bSUzRGVtYmVkcyUyNnV0bV9zb3VyY2UlM0RsaW5rJTIyJTIwdGFyZ2V0JTNEJTIyX2JsYW5rJTIyJTNF[\/vc_raw_html][\/vc_column][\/vc_row][vc_row][vc_column width=\u00bb1\/3&#8243;][vc_column_text]<\/p>\n<h2 style=\"text-align: center;\">POR RESIDENCIA<\/h2>\n<p>[\/vc_column_text][vc_raw_html]JTNDZGl2JTIwY2xhc3MlM0QlMjJjYW52YS1lbWJlZCUyMiUyMGRhdGEtaGVpZ2h0LXJhdGlvJTNEJTIyMC43MDk1JTIyJTIwZGF0YS1kZXNpZ24taWQlM0QlMjJEQUM1U3ZaVjFLZyUyMiUyMHN0eWxlJTNEJTIycGFkZGluZyUzQTcwLjk1JTI1JTIwNXB4JTIwNXB4JTIwNXB4JTNCYmFja2dyb3VuZCUzQXJnYmElMjgwJTJDMCUyQzAlMkMwLjAzJTI5JTNCYm9yZGVyLXJhZGl1cyUzQThweCUzQiUyMiUzRSUzQyUyRmRpdiUzRSUzQ3NjcmlwdCUyMGFzeW5jJTIwc3JjJTNEJTIyaHR0cHMlM0ElMkYlMkZzZGsuY2FudmEuY29tJTJGdjElMkZlbWJlZC5qcyUyMiUzRSUzQyUyRnNjcmlwdCUzRSUzQ2ElMjBocmVmJTNEJTIyaHR0cHMlM0ElMkYlMkZ3d3cuY2FudmEuY29tJTJGZGVzaWduJTJGREFDNVN2WlYxS2clMkZ2aWV3JTNGdXRtX2NvbnRlbnQlM0REQUM1U3ZaVjFLZyUyNnV0bV9jYW1wYWlnbiUzRGRlc2lnbnNoYXJlJTI2dXRtX21lZGl1bSUzRGVtYmVkcyUyNnV0bV9zb3VyY2UlM0RsaW5rJTIyJTIwdGFyZ2V0JTNEJTIyX2JsYW5rJTIyJTNF[\/vc_raw_html][\/vc_column][vc_column width=\u00bb1\/3&#8243;][vc_column_text]<\/p>\n<h2 style=\"text-align: center;\">POR MODO DE PRESENTACI\u00d3N<\/h2>\n<p>[\/vc_column_text][vc_raw_html]JTNDZGl2JTIwY2xhc3MlM0QlMjJjYW52YS1lbWJlZCUyMiUyMGRhdGEtaGVpZ2h0LXJhdGlvJTNEJTIyMC43MDk1JTIyJTIwZGF0YS1kZXNpZ24taWQlM0QlMjJEQUM1U2xWTmdvMCUyMiUyMHN0eWxlJTNEJTIycGFkZGluZyUzQTcwLjk1JTI1JTIwNXB4JTIwNXB4JTIwNXB4JTNCYmFja2dyb3VuZCUzQXJnYmElMjgwJTJDMCUyQzAlMkMwLjAzJTI5JTNCYm9yZGVyLXJhZGl1cyUzQThweCUzQiUyMiUzRSUzQyUyRmRpdiUzRSUzQ3NjcmlwdCUyMGFzeW5jJTIwc3JjJTNEJTIyaHR0cHMlM0ElMkYlMkZzZGsuY2FudmEuY29tJTJGdjElMkZlbWJlZC5qcyUyMiUzRSUzQyUyRnNjcmlwdCUzRSUzQ2ElMjBocmVmJTNEJTIyaHR0cHMlM0ElMkYlMkZ3d3cuY2FudmEuY29tJTJGZGVzaWduJTJGREFDNVNsVk5nbzAlMkZ2aWV3JTNGdXRtX2NvbnRlbnQlM0REQUM1U2xWTmdvMCUyNnV0bV9jYW1wYWlnbiUzRGRlc2lnbnNoYXJlJTI2dXRtX21lZGl1bSUzRGVtYmVkcyUyNnV0bV9zb3VyY2UlM0RsaW5rJTIyJTIwdGFyZ2V0JTNEJTIyX2JsYW5rJTIyJTNF[\/vc_raw_html][\/vc_column][vc_column width=\u00bb1\/3&#8243;][vc_column_text]<\/p>\n<h2 style=\"text-align: center;\">POR ADMINISTRACI\u00d3N<\/h2>\n<p>[\/vc_column_text][vc_raw_html]JTNDZGl2JTIwY2xhc3MlM0QlMjJjYW52YS1lbWJlZCUyMiUyMGRhdGEtaGVpZ2h0LXJhdGlvJTNEJTIyMC43MDk1JTIyJTIwZGF0YS1kZXNpZ24taWQlM0QlMjJEQUM1U1p2RGpVayUyMiUyMHN0eWxlJTNEJTIycGFkZGluZyUzQTcwLjk1JTI1JTIwNXB4JTIwNXB4JTIwNXB4JTNCYmFja2dyb3VuZCUzQXJnYmElMjgwJTJDMCUyQzAlMkMwLjAzJTI5JTNCYm9yZGVyLXJhZGl1cyUzQThweCUzQiUyMiUzRSUzQyUyRmRpdiUzRSUzQ3NjcmlwdCUyMGFzeW5jJTIwc3JjJTNEJTIyaHR0cHMlM0ElMkYlMkZzZGsuY2FudmEuY29tJTJGdjElMkZlbWJlZC5qcyUyMiUzRSUzQyUyRnNjcmlwdCUzRSUzQ2ElMjBocmVmJTNEJTIyaHR0cHMlM0ElMkYlMkZ3d3cuY2FudmEuY29tJTJGZGVzaWduJTJGREFDNVNadkRqVWslMkZ2aWV3JTNGdXRtX2NvbnRlbnQlM0REQUM1U1p2RGpVayUyNnV0bV9jYW1wYWlnbiUzRGRlc2lnbnNoYXJlJTI2dXRtX21lZGl1bSUzRGVtYmVkcyUyNnV0bV9zb3VyY2UlM0RsaW5rJTIyJTIwdGFyZ2V0JTNEJTIyX2JsYW5rJTIyJTNF[\/vc_raw_html][\/vc_column][\/vc_row][vc_row][vc_column][vc_column_text]<\/p>\n<h1 style=\"text-align: center;\">2016<\/h1>\n<p>[\/vc_column_text][vc_single_image image=\u00bb7807&#8243; img_size=\u00bblarge\u00bb add_caption=\u00bbyes\u00bb style=\u00bbvc_box_shadow_3d\u00bb onclick=\u00bbcustom_link\u00bb img_link_target=\u00bb_blank\u00bb css_animation=\u00bbbounceInLeft\u00bb link=\u00bbhttps:\/\/comisiondatransparencia.valedordopobo.gal\/wp-content\/uploads\/2017\/11\/RECLAMACIONES-2016.pdf\u00bb][\/vc_column][\/vc_row]<\/p>\n","protected":false},"excerpt":{"rendered":"<p>[vc_row foundry_padding=\u00bbpt0 pb0&#8243; p_bottom=\u00bb0&#8243; m_bottom=\u00bb0&#8243;][vc_column][vc_row_inner equal_height=\u00bbyes\u00bb content_placement=\u00bbmiddle\u00bb][vc_column_inner width=\u00bb1\/4&#8243;][vc_column_text c_id=\u00bb.vc_1481107569697&#8243;][\/vc_column_text][\/vc_column_inner][vc_column_inner width=\u00bb3\/4&#8243;][vc_custom_heading text=\u00bbEstad\u00edsticas sobre reclamaciones\u00bb font_container=\u00bbtag:h1|font_size:45px|text_align:left\u00bb use_theme_fonts=\u00bbyes\u00bb][vc_separator color=\u00bbcustom\u00bb style=\u00bbdotted\u00bb accent_color=\u00bb#b5ba05&#8243;][vc_column_text] En esta p\u00e1gina&#8230;<\/p>\n","protected":false},"author":1,"featured_media":0,"parent":0,"menu_order":0,"comment_status":"closed","ping_status":"closed","template":"","meta":{"_mc_calendar":[],"footnotes":""},"class_list":["post-6260","page","type-page","status-publish","hentry"],"_links":{"self":[{"href":"https:\/\/comisiondatransparencia.valedordopobo.gal\/es\/wp-json\/wp\/v2\/pages\/6260","targetHints":{"allow":["GET"]}}],"collection":[{"href":"https:\/\/comisiondatransparencia.valedordopobo.gal\/es\/wp-json\/wp\/v2\/pages"}],"about":[{"href":"https:\/\/comisiondatransparencia.valedordopobo.gal\/es\/wp-json\/wp\/v2\/types\/page"}],"author":[{"embeddable":true,"href":"https:\/\/comisiondatransparencia.valedordopobo.gal\/es\/wp-json\/wp\/v2\/users\/1"}],"replies":[{"embeddable":true,"href":"https:\/\/comisiondatransparencia.valedordopobo.gal\/es\/wp-json\/wp\/v2\/comments?post=6260"}],"version-history":[{"count":0,"href":"https:\/\/comisiondatransparencia.valedordopobo.gal\/es\/wp-json\/wp\/v2\/pages\/6260\/revisions"}],"wp:attachment":[{"href":"https:\/\/comisiondatransparencia.valedordopobo.gal\/es\/wp-json\/wp\/v2\/media?parent=6260"}],"curies":[{"name":"wp","href":"https:\/\/api.w.org\/{rel}","templated":true}]}}