{"id":6603,"date":"2016-12-16T13:37:13","date_gmt":"2016-12-16T12:37:13","guid":{"rendered":"https:\/\/comisiondatransparencia.valedordopobo.gal\/que-e-o-dereito-de-acceso-a-informacion-publica\/?lang=es"},"modified":"2016-12-27T14:41:20","modified_gmt":"2016-12-27T13:41:20","slug":"que-es-derecho-de-acceso-a-informacion-publica","status":"publish","type":"page","link":"https:\/\/comisiondatransparencia.valedordopobo.gal\/es\/que-es-derecho-de-acceso-a-informacion-publica\/","title":{"rendered":"\u00bfQu\u00e9 es el derecho de acceso a la informaci\u00f3n p\u00fablica?"},"content":{"rendered":"<p>[vc_row equal_height=\u00bbyes\u00bb foundry_padding=\u00bbpt0 pb0&#8243; content_placement=\u00bbmiddle\u00bb p_bottom=\u00bb0&#8243; m_bottom=\u00bb0&#8243;][vc_column][vc_row_inner equal_height=\u00bbyes\u00bb content_placement=\u00bbmiddle\u00bb][vc_column_inner width=\u00bb1\/4&#8243;][vc_column_text c_id=\u00bb.vc_1480965550560&#8243;]<img loading=\"lazy\" decoding=\"async\" class=\"aligncenter size-full wp-image-6599\" src=\"https:\/\/comisiondatransparencia.valedordopobo.gal\/wp-content\/uploads\/2016\/12\/que-e-acceso-informacion.png\" alt=\"\" width=\"150\" height=\"150\" \/>[\/vc_column_text][\/vc_column_inner][vc_column_inner width=\u00bb3\/4&#8243;][vc_custom_heading text=\u00bb\u00bfQu\u00e9 es el derecho de acceso a la informaci\u00f3n p\u00fablica?\u00bb font_container=\u00bbtag:h1|font_size:45px|text_align:left\u00bb use_theme_fonts=\u00bbyes\u00bb][vc_separator color=\u00bbcustom\u00bb style=\u00bbdotted\u00bb accent_color=\u00bb#b5ba05&#8243;][vc_column_text c_id=\u00bb.vc_1479821685074&#8243;]<span style=\"font-size: 12pt;\">De acuerdo con la normativa vigente, todas las personas tienen derecho a acceder a la informaci\u00f3n de car\u00e1cter p\u00fablico de las diferentes instituciones de Galicia.<\/span>[\/vc_column_text][vc_separator color=\u00bbcustom\u00bb style=\u00bbdotted\u00bb accent_color=\u00bb#b5ba05&#8243;][\/vc_column_inner][\/vc_row_inner][\/vc_column][\/vc_row][vc_row foundry_padding=\u00bbpt0 pb0&#8243;][vc_column][vc_tta_accordion][vc_tta_section title=\u00bb\u00bfQu\u00e9 se entiende por informaci\u00f3n p\u00fablica?\u00bb tab_id=\u00bb1479817972348-38e69f83-d8ad4de7-5050&#8243;][vc_column_text c_id=\u00bb.vc_1479825786047&#8243;]<span style=\"font-size: 12pt;\">Se entiende por informaci\u00f3n p\u00fablica los contenidos o documentos, cualquiera que sea su formato o soporte, que consten en poder de alguno de los sujetos incluidos en el \u00e1mbito de aplicaci\u00f3n de la Ley de transparencia y buen gobierno y que fueran elaborados o adquiridos en ejercicio de sus funciones. Asimismo, se considerar\u00e1 informaci\u00f3n p\u00fablica la producida por las entidades que presten servicios p\u00fablicos o ejerzan potestades administrativas, en los t\u00e9rminos previstos en el art\u00edculo 4 de la Ley de transparencia y buen gobierno.<\/span>[\/vc_column_text][\/vc_tta_section][vc_tta_section title=\u00bbDerecho de acceso\u00bb tab_id=\u00bb1479825793619-7b580fc8-44214de7-5050&#8243;][vc_column_text c_id=\u00bb.vc_1479825810083&#8243;]<span style=\"font-size: 12pt;\">El derecho de acceso a la informaci\u00f3n p\u00fablica se ejerce conforme al procedimiento establecido en la normativa actual, Ley 1\/2016, de 18 de enero, de transparencia y buen gobierno de Galicia y en la Ley 19\/2013, de 9 de diciembre, de transparencia, acceso a la informaci\u00f3n p\u00fablica y buen gobierno.<\/span>[\/vc_column_text][\/vc_tta_section][vc_tta_section title=\u00bb\u00bfQu\u00e9 garant\u00edas tengo en el acceso a la informaci\u00f3n p\u00fablica?\u00bb tab_id=\u00bb1479825828421-cbf85462-3ecb4de7-5050&#8243;][vc_column_text c_id=\u00bb.vc_1480979962514&#8243;]<span style=\"font-size: 12pt;\">La actual normativa garantiza\u00a0a la ciudadan\u00eda:<\/span><\/p>\n<ul class=\"vinieta1\">\n<li><span style=\"font-size: 12pt;\"> El uso de la informaci\u00f3n obtenida sin necesidad de autorizaci\u00f3n previa y sin m\u00e1s limitaciones que las derivadas de esta u otras leyes.<\/span><\/li>\n<li><span style=\"font-size: 12pt;\"> La recepci\u00f3n de la informaci\u00f3n p\u00fablica en formato electr\u00f3nico o en papel, segundo indicaci\u00f3n de la persona solicitante.<\/span><\/li>\n<li><span style=\"font-size: 12pt;\"> La recepci\u00f3n de la informaci\u00f3n p\u00fablica en la lengua oficial de Galicia en la que la solicite.<\/span><\/li>\n<li><span style=\"font-size: 12pt;\"> El conocimiento de las tasas y precios que, en su caso, sean exigibles para la obtenci\u00f3n de copias o para la transposici\u00f3n de la informaci\u00f3n a formatos diferentes del original.<\/span><\/li>\n<li><span style=\"font-size: 12pt;\"> La realizaci\u00f3n de propuestas y sugerencias tanto alrededor de la informaci\u00f3n demandada y a los formatos, programas o lenguajes inform\u00e1ticos empleados.<\/span><\/li>\n<\/ul>\n<p>[\/vc_column_text][\/vc_tta_section][vc_tta_section title=\u00bbEst\u00e1 sometida a publicidad\u00bb tab_id=\u00bb1479826032177-063b7326-98fc4de7-5050&#8243;][vc_column_text c_id=\u00bb.vc_1479826073760&#8243;]<span style=\"font-size: 12pt;\">Gran parte de la informaci\u00f3n p\u00fablica accesible se encuentra publicada en la web institucional. Por esta raz\u00f3n, recomendamos que visites a misma para comprobar que la informaci\u00f3n solicitada no se encuentra disponible all\u00ed.<\/span><\/p>\n<p><span style=\"font-size: 12pt;\">Si dicha informaci\u00f3n ya fue publicada en la web, la resoluci\u00f3n a la solicitud de acceso podr\u00e1 limitarse, en este caso, a indicar al solicitante c\u00f3mo acceder a ella.<br \/>\n<\/span>[\/vc_column_text][\/vc_tta_section][vc_tta_section title=\u00bb\u00bfTiene l\u00edmites el derecho de acceso a la informaci\u00f3n p\u00fablica?\u00bb tab_id=\u00bb1479826097085-d04a93af-9cbf4de7-5050&#8243;][vc_column_text c_id=\u00bb.vc_1480980037486&#8243;]<span style=\"font-size: 12pt;\">Efectivamente tiene l\u00edmites y aparecen se\u00f1alados en el art\u00edculo 14 de la Ley 19\/2013, de 9 de diciembre, de transparencia, acceso a la informaci\u00f3n p\u00fablica y buen gobierno.<\/span><\/p>\n<p><span style=\"font-size: 12pt;\">As\u00ed, el derecho de acceso podr\u00e1 ser limitado cuando acceder a la informaci\u00f3n suponga un perjuicio para:<\/span><\/p>\n<ul class=\"vinieta1\">\n<li><span style=\"font-size: 12pt;\"> La seguridad nacional.<\/span><\/li>\n<li><span style=\"font-size: 12pt;\"> La defensa.<\/span><\/li>\n<li><span style=\"font-size: 12pt;\"> Las relaciones exteriores.<\/span><\/li>\n<li><span style=\"font-size: 12pt;\"> La seguridad p\u00fablica.<\/span><\/li>\n<li><span style=\"font-size: 12pt;\"> La prevenci\u00f3n, investigaci\u00f3n y sanci\u00f3n de los il\u00edcitos penales, administrativos o disciplinarios.<\/span><\/li>\n<li><span style=\"font-size: 12pt;\"> La igualdad de las partes en los procesos judiciales y la tutela judicial efectiva.<\/span><\/li>\n<li><span style=\"font-size: 12pt;\"> Las funciones administrativas de vigilancia, inspecci\u00f3n y control.<\/span><\/li>\n<li><span style=\"font-size: 12pt;\"> Los intereses econ\u00f3micos y comerciales.<br \/>\n<\/span><\/li>\n<li><span style=\"font-size: 12pt;\"> La pol\u00edtica econ\u00f3mica y monetaria.<\/span><\/li>\n<li><span style=\"font-size: 12pt;\"> El secreto profesional y la propiedad intelectual e industrial.<\/span><\/li>\n<li><span style=\"font-size: 12pt;\"> La garant\u00eda de la confidencialidad o el secreto requerido en procesos de toma de decisi\u00f3n.<\/span><\/li>\n<li><span style=\"font-size: 12pt;\"> La protecci\u00f3n del medio ambiente.<\/span><\/li>\n<li><span style=\"font-size: 12pt;\"> La aplicaci\u00f3n de los l\u00edmites ser\u00e1 justificada y proporcionada a su objeto y finalidad de protecci\u00f3n y atender\u00e1 a las circunstancias del caso concreto, especialmente a la concurrencia de un inter\u00e9s p\u00fablico o privado superior que justifique el acceso.<\/span><\/li>\n<\/ul>\n<p><span style=\"font-size: 12pt;\">El derecho de acceso a la informaci\u00f3n p\u00fablica tambi\u00e9n debe atender a un necesario ejercicio de protecci\u00f3n de datos personales regulado en el art\u00edculo 15 de la Ley 19\/2013, de transparencia, acceso a la informaci\u00f3n p\u00fablica y buen gobierno.[\/vc_column_text][\/vc_tta_section][vc_tta_section title=\u00bbProtecci\u00f3n de datos\u00bb tab_id=\u00bb1482316319122-89fe3c64-d1c2&#8243;][vc_column_text c_id=\u00bb.vc_1479826935231&#8243;]<span style=\"font-size: 12pt;\">El art\u00edculo 15 de la Ley 19\/2013 tambi\u00e9n alude a la necesaria protecci\u00f3n de datos que habr\u00e1 de ejercerse a la hora de otorgar o no el acceso a la informaci\u00f3n p\u00fablica y prev\u00e9, entre otros, mecanismos de consentimiento por parte de terceros que podr\u00edan resultar afectados por la publicidad de los mismos.<\/span>[\/vc_column_text][\/vc_tta_section][vc_tta_section title=\u00bbSolicitud de acceso\u00bb tab_id=\u00bb1479826258448-b871948c-cc294de7-5050&#8243;][vc_column_text c_id=\u00bb.vc_1479826319639&#8243;]<span style=\"font-size: 12pt;\">El procedimiento para el ejercicio del derecho de acceso se iniciar\u00e1 con la presentaci\u00f3n de la correspondiente solicitud, que deber\u00e1 dirigirse a la administraci\u00f3n titular de la informaci\u00f3n.<\/span><\/span><\/p>\n<p><span style=\"font-size: 12pt;\">Como requisitos, la solicitud debe incluir:<\/span><\/p>\n<ul class=\"vinieta1\">\n<li><span style=\"font-size: 12pt;\"> Identidad del solicitante verificable a trav\u00e9s del DNI o n\u00famero de pasaporte (acercar copia del documento).<\/span><\/li>\n<li><span style=\"font-size: 12pt;\"> Informaci\u00f3n solicitada.<\/span><\/li>\n<li><span style=\"font-size: 12pt;\"> Direcci\u00f3n de contacto, preferiblemente electr\u00f3nica para facilitar la comunicaci\u00f3n.<\/span><\/li>\n<li><span style=\"font-size: 12pt;\"> En su caso, la modalidad de env\u00edo (postal o electr\u00f3nico) que se prefiera para acceder a la informaci\u00f3n solicitada.<\/span><\/li>\n<\/ul>\n<p>[\/vc_column_text][\/vc_tta_section][vc_tta_section title=\u00bbEn la solicitud, que podr\u00e1 presentarse por cualquier medio, debe constar:\u00bb tab_id=\u00bb1479826325091-93cf5b5a-3ee84de7-5050&#8243;][vc_column_text c_id=\u00bb.vc_1479826357746&#8243;]<\/p>\n<ul class=\"vinieta1\">\n<li><span style=\"font-size: 12pt;\">Identidad del solicitante verificable a trav\u00e9s del DNI o n\u00famero de pasaporte (facilitar copia del documento).<\/span><\/li>\n<li><strong><span style=\"font-size: 12pt;\">Informaci\u00f3n solicitada<\/span><\/strong><\/li>\n<li><span style=\"font-size: 12pt;\">Direcci\u00f3n de contacto, preferiblemente electr\u00f3nica para facilitar la comunicaci\u00f3n.<\/span><\/li>\n<li><span style=\"font-size: 12pt;\">En su caso, la modalidad de env\u00edo (postal o electr\u00f3nico) que se prefiera para acceder a la informaci\u00f3n solicitada. <\/span><\/li>\n<\/ul>\n<p>[\/vc_column_text][\/vc_tta_section][vc_tta_section title=\u00bb\u00bfTengo que motivar mi petici\u00f3n?\u00bb tab_id=\u00bb1479826381785-41dacec0-106e4de7-5050&#8243;][vc_column_text c_id=\u00bb.vc_1479826421829&#8243;]<span style=\"font-size: 12pt;\">El solicitante no est\u00e1 obligado a motivar su solicitud de acceso a la informaci\u00f3n. Con todo, podr\u00e1 exponer los motivos por los que solicita la informaci\u00f3n y que podr\u00e1n ser tenidos en cuenta cuando se dicte la resoluci\u00f3n. La ausencia de motivaci\u00f3n no ser\u00e1 por se misma causa de rechazo de la solicitud.<\/span>[\/vc_column_text][\/vc_tta_section][vc_tta_section title=\u00bbCausas de inadmisi\u00f3n\u00bb tab_id=\u00bb1479826568484-9e347f2a-a57d4de7-5050&#8243;][vc_column_text c_id=\u00bb.vc_1480980092377&#8243;]<span style=\"font-size: 12pt;\">Si inadmitir\u00e1n a tr\u00e1mite, mediante resoluci\u00f3n motivada, las solicitudes:<\/span><\/p>\n<ul class=\"vinieta1\">\n<li><span style=\"font-size: 12pt;\">Que se refieran la informaci\u00f3n que est\u00e9 en curso de elaboraci\u00f3n o de publicaci\u00f3n general.<\/span><\/li>\n<li><span style=\"font-size: 12pt;\">Referidas la informaci\u00f3n que tenga car\u00e1cter auxiliar o de apoyo como la contenida en notas, borradores, opiniones, res\u00famenes, comunicaciones e informes internos o entre \u00f3rganos o entidades administrativas.<\/span><\/li>\n<li><span style=\"font-size: 12pt;\">Relativas la informaci\u00f3n para cuya divulgaci\u00f3n sea necesaria una acci\u00f3n previa de reelaboraci\u00f3n.<\/span><\/li>\n<li><span style=\"font-size: 12pt;\">Dirigidas a un \u00f3rgano, en cuyo poder no obre la informaci\u00f3n cuando se desconozca el \u00f3rgano competente.<\/span><\/li>\n<li><span style=\"font-size: 12pt;\">Que sean manifiestamente repetitivas o tengan un car\u00e1cter abusivo no justificado con la finalidad de la normativa de transparencia. <\/span><\/li>\n<\/ul>\n<p>[\/vc_column_text][\/vc_tta_section][vc_tta_section title=\u00bbPlazos de respuesta\u00bb tab_id=\u00bb1479826817088-5332e8f0-a1454de7-5050&#8243;][vc_column_text c_id=\u00bb.vc_1479826844373&#8243;]<span style=\"font-size: 12pt;\">El plazo general de respuesta en contestaci\u00f3n a la solicitud de informaci\u00f3n es de un mes desde su recepci\u00f3n. Este plazo es ampliable a un mes m\u00e1s cuando el volumen o la complejidad de la informaci\u00f3n solicitada lo haga necesario.<\/span>[\/vc_column_text][\/vc_tta_section][vc_tta_section title=\u00bbY si no estoy de acuerdo con la resoluci\u00f3n&#8230;\u00bb tab_id=\u00bb1479826886444-752f67f8-b0fd4de7-5050&#8243;][vc_column_text c_id=\u00bb.vc_1479826935231&#8243;]<span style=\"font-size: 12pt;\">Contra toda resoluci\u00f3n expresa o presunta en materia de acceso dictada por cualquier administraci\u00f3n y seg\u00fan lo previsto en la normativa, podr\u00e1 interponerse recurso administrativo o presentar una reclamaci\u00f3n ante esta Comisi\u00f3n da Transparencia de Galicia.<\/span>[\/vc_column_text][\/vc_tta_section][\/vc_tta_accordion][\/vc_column][vc_column][vc_empty_space][\/vc_column][\/vc_row]<\/p>\n","protected":false},"excerpt":{"rendered":"<p>[vc_row equal_height=\u00bbyes\u00bb foundry_padding=\u00bbpt0 pb0&#8243; content_placement=\u00bbmiddle\u00bb p_bottom=\u00bb0&#8243; m_bottom=\u00bb0&#8243;][vc_column][vc_row_inner equal_height=\u00bbyes\u00bb content_placement=\u00bbmiddle\u00bb][vc_column_inner width=\u00bb1\/4&#8243;][vc_column_text c_id=\u00bb.vc_1480965550560&#8243;][\/vc_column_text][\/vc_column_inner][vc_column_inner width=\u00bb3\/4&#8243;][vc_custom_heading text=\u00bb\u00bfQu\u00e9 es el derecho de acceso a la informaci\u00f3n&#8230;<\/p>\n","protected":false},"author":1,"featured_media":0,"parent":0,"menu_order":0,"comment_status":"closed","ping_status":"closed","template":"","meta":{"_mc_calendar":[],"footnotes":""},"class_list":["post-6603","page","type-page","status-publish","hentry"],"_links":{"self":[{"href":"https:\/\/comisiondatransparencia.valedordopobo.gal\/es\/wp-json\/wp\/v2\/pages\/6603","targetHints":{"allow":["GET"]}}],"collection":[{"href":"https:\/\/comisiondatransparencia.valedordopobo.gal\/es\/wp-json\/wp\/v2\/pages"}],"about":[{"href":"https:\/\/comisiondatransparencia.valedordopobo.gal\/es\/wp-json\/wp\/v2\/types\/page"}],"author":[{"embeddable":true,"href":"https:\/\/comisiondatransparencia.valedordopobo.gal\/es\/wp-json\/wp\/v2\/users\/1"}],"replies":[{"embeddable":true,"href":"https:\/\/comisiondatransparencia.valedordopobo.gal\/es\/wp-json\/wp\/v2\/comments?post=6603"}],"version-history":[{"count":0,"href":"https:\/\/comisiondatransparencia.valedordopobo.gal\/es\/wp-json\/wp\/v2\/pages\/6603\/revisions"}],"wp:attachment":[{"href":"https:\/\/comisiondatransparencia.valedordopobo.gal\/es\/wp-json\/wp\/v2\/media?parent=6603"}],"curies":[{"name":"wp","href":"https:\/\/api.w.org\/{rel}","templated":true}]}}