{"id":7123,"date":"2016-12-12T17:25:24","date_gmt":"2016-12-12T16:25:24","guid":{"rendered":"https:\/\/comisiondatransparencia.valedordopobo.gal\/aviso-legal\/?lang=es"},"modified":"2018-05-25T14:00:22","modified_gmt":"2018-05-25T12:00:22","slug":"aviso-legal","status":"publish","type":"page","link":"https:\/\/comisiondatransparencia.valedordopobo.gal\/es\/aviso-legal\/","title":{"rendered":"Aviso legal"},"content":{"rendered":"<p>[vc_row foundry_padding=\u00bbpt0 pb0&#8243; p_bottom=\u00bb0&#8243; m_bottom=\u00bb0&#8243;][vc_column][vc_row_inner][vc_column_inner width=\u00bb1\/4&#8243;][vc_column_text c_id=\u00bb.vc_1481107569697&#8243;]<img loading=\"lazy\" decoding=\"async\" class=\"aligncenter wp-image-6374 size-full\" src=\"https:\/\/comisiondatransparencia.valedordopobo.gal\/wp-content\/uploads\/2016\/12\/aviso-legal.png\" width=\"150\" height=\"150\" \/>[\/vc_column_text][\/vc_column_inner][vc_column_inner width=\u00bb3\/4&#8243;][vc_custom_heading text=\u00bbPol\u00edtica de privacidade, protecci\u00f3n de datos e aviso legal\u00bb font_container=\u00bbtag:h1|font_size:45px|text_align:left\u00bb use_theme_fonts=\u00bbyes\u00bb][vc_separator color=\u00bbcustom\u00bb style=\u00bbdotted\u00bb accent_color=\u00bb#b5ba05&#8243;][\/vc_column_inner][\/vc_row_inner][\/vc_column][\/vc_row][vc_row equal_height=\u00bbyes\u00bb foundry_padding=\u00bbpt0 pb0&#8243; content_placement=\u00bbmiddle\u00bb p_top=\u00bb0&#8243; m_top=\u00bb0&#8243;][vc_column][vc_column_text]<i class=\"fa fa-map-marker\"><\/i><span style=\"font-size: 12pt;\"> R\u00faa do H\u00f3rreo, 65<\/span><br \/>\n<span style=\"font-size: 12pt;\"> 15700, Santiago de Compostela<\/span><br \/>\n<span style=\"font-size: 12pt;\"> A Coru\u00f1a<\/span><\/p>\n<p><span style=\"font-size: 12pt;\"><i class=\"fa fa-phone\"><\/i> <strong>Tel\u00e9fono:<\/strong> 0034 981 569 740 e<\/span><\/p>\n<p><span style=\"font-size: 12pt;\"><i class=\"fa fa-fax\"><\/i> <strong>Fax:<\/strong> 0034 981 572 335<\/span><\/p>\n<p><span style=\"font-size: 12pt;\"><a href=\"mailto:info@comisiondatransparencia.gal\"><i class=\"fa fa-envelope-o\"><\/i> <strong>Informaci\u00f3n:<\/strong> info@comisiondatransparencia.gal<\/a><\/span><\/p>\n<p><span style=\"font-size: 12pt;\"><a href=\"mailto:reclamacions@comisiondatransparencia.gal\"><i class=\"fa fa-envelope-o\"><\/i> <strong>Reclamaci\u00f3ns:<\/strong> reclamacions@comisiondatransparencia.gal<\/a><\/span><\/p>\n<p><span style=\"font-size: 12pt;\"><a href=\"https:\/\/comisiondatransparencia.valedordopobo.gal\/\"><i class=\"fa fa-globe\"><\/i> <strong>Web da Comisi\u00f3n da Transparencia<\/strong>: www.comisiondatransparencia.gal\/<\/a><\/span><br \/>\n<span style=\"font-size: 12pt;\"><a href=\"http:\/\/www.valedordopobo.gal\"><i class=\"fa fa-globe\"><\/i> <strong>Web do Valedor do Pobo<\/strong>: www.valedordopobo.gal<\/a><\/span>[\/vc_column_text][\/vc_column][vc_column][vc_separator color=\u00bbcustom\u00bb style=\u00bbdotted\u00bb accent_color=\u00bb#b5ba05&#8243;][vc_empty_space][\/vc_column][vc_column animation_iteration=\u00bb1&#8243; css=\u00bb.vc_custom_1481131095107{margin-top: -5% !important;}\u00bb][vc_empty_space][vc_column_text c_id=\u00bb.vc_1481107746640&#8243;]<\/p>\n<h1>Pol\u00edtica de privacidade<\/h1>\n<p>A trav\u00e9s deste sitio web non se solicitan datos de car\u00e1cter persoal dos usuarios sen o seu co\u00f1ecemento, nin se ceden a terceiros.<\/p>\n<p>Coa finalidade de ofrecerlle o mellor servizo e co obxecto de facilitar o uso, anal\u00edzanse o n\u00famero de p\u00e1xinas visitadas, o n\u00famero de visitas, as\u00ed como a actividade dos visitantes e a s\u00faa frecuencia de utilizaci\u00f3n. A estes efectos, a Comisi\u00f3n da Transparencia, por medio do Valedor do Pobo utiliza ferramentas est\u00e1ndar de an\u00e1lise estat\u00edstico.<\/p>\n<p>A Comisi\u00f3n da Transparencia non utiliza\u00a0<em>cookies<\/em>\u00a0para recoller informaci\u00f3n dos usuarios, nin rexistra as direcci\u00f3ns IP de acceso.\u00a0As\u00a0<em>cookies<\/em>\u00a0son pequenos ficheros que se descargan no teu equipo a trav\u00e9s do navegador para almacenar informaci\u00f3n e recuperala en posteriores visitas. Na Comisi\u00f3n da Transparencia s\u00f3 utilizamos\u00a0<em>cookies<\/em>\u00a0propias para recordar as t\u00faas preferenzas es mostrarche contidos personalizados e\u00a0<em>cookies<\/em>\u00a0anal\u00edticas para obter estat\u00edsticas sobre o comportamento conxunto dos usuarios. Se non desexa permitir o uso de\u00a0<em>cookies<\/em>\u00a0pode desactivalas e borralas dende o seu navegador. Este axuste encontrase habitualmente no men\u00fa de \u201copci\u00f3ns\u201d ou \u201cpreferenzas\u201d dos principais navegadores.<\/p>\n<p>O portal da Comisi\u00f3n da Transparencia, do que \u00e9 titular o Valedor do Pobo cont\u00e9n ligaz\u00f3ns a sitios web de terceiros, cuxas pol\u00edticas de privacidade son alleas \u00e1s desta instituci\u00f3n. Ao acceder a tales sitios web vostede pode decidir se acepta as s\u00faas pol\u00edticas de privacidade e de cookies. Con car\u00e1cter xeral, se navega pola Internet vostede pode aceptar ou rexeitar as cookies de terceiros desde as opci\u00f3ns de configuraci\u00f3n do seu navegador.<\/p>\n<h1>Protecci\u00f3n de datos<\/h1>\n<p>Os datos recollidos nos nosos ficheiros informatizados, a partir dos facilitados de forma voluntaria por vostede, incorp\u00f3ranse a ficheiros automatizados e\/ou manuais cuxo titular \u00e9\u00a0<strong>Valedor do Pobo.\u00a0<\/strong>Son confidenciais e s\u00f3 poder\u00e1n ser utilizados para cada unha das actividades de tratamento desenvolvidas polo Valedor do Pobo,\u00a0conforme ao previsto no Regulamento (UE) 2016\/679 do parlamento europeo e do consello de 27 de abril de 2016 relativo \u00e1 protecci\u00f3n das persoas f\u00edsicas no que respecta ao tratamento de datos persoais e \u00e1 libre circulaci\u00f3n destes. De acordo con dito regulamento vostede ten os dereitos de acceso, rectificaci\u00f3n, cancelaci\u00f3n e oposici\u00f3n relativos a ditos datos.<\/p>\n<p>O Valedor do Pobo inf\u00f3rmalle de que os\u00a0<span class=\"\">datos<\/span>\u00a0persoais que vostede nos facilita de forma voluntaria a trav\u00e9s dos nosos medios de recollida de informaci\u00f3n ser\u00e1n incorporados a ficheiros automatizados e\/ou manuais que te\u00f1en como finalidade a\u00a0xesti\u00f3n de contactos e xesti\u00f3n de visitas e\/ ou actividades segundo Resoluci\u00f3n\u00a0do Valedor\u00a0do\u00a0Pobo\u00a0do\u00a030 de\u00a0outubro\u00a0de 2014 (DOGA\u00a010-11-2014) e a xesti\u00f3n de queixas e as comunicaci\u00f3ns derivadas das mesmas segundo Resoluci\u00f3n\u00a0do\u00a0Valedor do\u00a0Pobo\u00a0do 1 de decembro do 2008 (\u00a0DOGA\u00a05-12-2008), ademais doutras funci\u00f3ns para o funcionamento interno da instituci\u00f3n.<\/p>\n<p>Pode exercitar os dereitos de acceso, rectificaci\u00f3n, cancelaci\u00f3n e oposici\u00f3n ao tratamento dos seus\u00a0<span class=\"\">datos<\/span>\u00a0persoais en calquera momento remitindo un escrito acompa\u00f1ado de copia do seu DNI a Valedor do Pobo, R\u00faa do H\u00f3rreo 65. 15700-Santiago de Compostela (A Coru\u00f1a).<\/p>\n<h1>Aviso legal<\/h1>\n<p>Este portal, cuxo titular \u00e9 o Valedor do Pobo, con NIF S6500009C, enderezo na R\u00faa do H\u00f3rreo 65 15700 Santiago de Compostela, e tel\u00e9fono 981 569 740, est\u00e1 constitu\u00eddo polos sitios web asociados aos dominios valedordopobo.gal e comisiondatransparencia.gal.<\/p>\n<p>O dese\u00f1o do portal e os seus c\u00f3digos fonte, as\u00ed como os logos, marcas e demais signos distintivos que aparecen no mesmo pertencen a Valedor do Pobo e est\u00e1n protexidos polos correspondentes dereitos de propiedade intelectual e industrial.<\/p>\n<p>Os textos, normativa e en xeral calquera informaci\u00f3n contida nas p\u00e1xinas desta web te\u00f1en car\u00e1cter meramente informativo, polo que suxerimos comprobe a vixencia e exactitude dos datos nas fontes administrativas oficiais correspondentes. O Valedor do Pobo de Galicia res\u00e9rvase o dereito a realizar cambios na web sen previo aviso, co obxecto de actualizar, corrixir, modificar, engadir ou eliminar os contidos da web ou do seu dese\u00f1o.<\/p>\n<p>O Valedor do Pobo non se fai responsable da legalidade doutros sitios web de terceiros desde os que poida accederse ao portal. O Valedor do Pobo tampouco responde pola legalidade doutros sitios web de terceiros, que puidesen estar vencellados desde este portal.<\/p>\n<p>O Valedor do Pobo non ser\u00e1 responsable do uso que terceiros fagan da informaci\u00f3n publicada no portal, nin tampouco dos danos sufridos ou perdas econ\u00f3micas que, de forma directa ou indirecta, produzan ou poidan producir prexu\u00edzos econ\u00f3micos, materiais ou sobre datos, provocados polo uso da devandita informaci\u00f3n.<\/p>\n<h1>Portal de transparencia<\/h1>\n<p>A trav\u00e9s da informaci\u00f3n publicada no portal de transparencia, a Comisi\u00f3n da Transparencia atende de forma peri\u00f3dica e actualizada o principio de publicidade activa establecido\u00a0pola Lei 1\/2016, de transparencia e bo goberno de Galicia (complementaria da Lei 19\/2013, do 9 de decembro, de transparencia, acceso \u00e1 informaci\u00f3n p\u00fablica e bo goberno)\u00a0cos mecanismos axeitados para facilitar a accesibilidade, a interoperabilidade, a calidade e a reutilizaci\u00f3n da informaci\u00f3n, as\u00ed como a s\u00faa identificaci\u00f3n e localizaci\u00f3n.<\/p>\n<p>O portal de transparencia da acceso \u00e1 cidadan\u00eda a toda a informaci\u00f3n institucional, organizativa, de planificaci\u00f3n, de relevancia xur\u00eddica, econ\u00f3mica, orzamentaria e estat\u00edstica das instituci\u00f3ns e organismos p\u00fablicos.<\/p>\n<p>Como Comisi\u00f3n promovemos a transparencia da actividade p\u00fablica, velamos polo cumprimento das obrigas de publicidade, salvagardamos o exercicio do dereito de acceso \u00e1 informaci\u00f3n p\u00fablica e garantimos a observancia das disposici\u00f3ns de bo goberno na comunidade galega.[\/vc_column_text][\/vc_column][vc_column][vc_separator color=\u00bbcustom\u00bb style=\u00bbdotted\u00bb accent_color=\u00bb#b5ba05&#8243;][vc_empty_space][\/vc_column][vc_column][\/vc_column][\/vc_row]<\/p>\n","protected":false},"excerpt":{"rendered":"<p>[vc_row foundry_padding=\u00bbpt0 pb0&#8243; p_bottom=\u00bb0&#8243; m_bottom=\u00bb0&#8243;][vc_column][vc_row_inner][vc_column_inner width=\u00bb1\/4&#8243;][vc_column_text c_id=\u00bb.vc_1481107569697&#8243;][\/vc_column_text][\/vc_column_inner][vc_column_inner width=\u00bb3\/4&#8243;][vc_custom_heading text=\u00bbPol\u00edtica de privacidade, protecci\u00f3n de datos e aviso legal\u00bb font_container=\u00bbtag:h1|font_size:45px|text_align:left\u00bb use_theme_fonts=\u00bbyes\u00bb][vc_separator color=\u00bbcustom\u00bb style=\u00bbdotted\u00bb&#8230;<\/p>\n","protected":false},"author":1,"featured_media":0,"parent":0,"menu_order":0,"comment_status":"closed","ping_status":"closed","template":"","meta":{"_mc_calendar":[],"footnotes":""},"class_list":["post-7123","page","type-page","status-publish","hentry"],"_links":{"self":[{"href":"https:\/\/comisiondatransparencia.valedordopobo.gal\/es\/wp-json\/wp\/v2\/pages\/7123","targetHints":{"allow":["GET"]}}],"collection":[{"href":"https:\/\/comisiondatransparencia.valedordopobo.gal\/es\/wp-json\/wp\/v2\/pages"}],"about":[{"href":"https:\/\/comisiondatransparencia.valedordopobo.gal\/es\/wp-json\/wp\/v2\/types\/page"}],"author":[{"embeddable":true,"href":"https:\/\/comisiondatransparencia.valedordopobo.gal\/es\/wp-json\/wp\/v2\/users\/1"}],"replies":[{"embeddable":true,"href":"https:\/\/comisiondatransparencia.valedordopobo.gal\/es\/wp-json\/wp\/v2\/comments?post=7123"}],"version-history":[{"count":0,"href":"https:\/\/comisiondatransparencia.valedordopobo.gal\/es\/wp-json\/wp\/v2\/pages\/7123\/revisions"}],"wp:attachment":[{"href":"https:\/\/comisiondatransparencia.valedordopobo.gal\/es\/wp-json\/wp\/v2\/media?parent=7123"}],"curies":[{"name":"wp","href":"https:\/\/api.w.org\/{rel}","templated":true}]}}