{"id":8506,"date":"2019-02-28T15:32:23","date_gmt":"2019-02-28T14:32:23","guid":{"rendered":"https:\/\/comisiondatransparencia.valedordopobo.gal\/?page_id=8506"},"modified":"2019-03-11T15:49:52","modified_gmt":"2019-03-11T14:49:52","slug":"buscador_resoluciones","status":"publish","type":"page","link":"https:\/\/comisiondatransparencia.valedordopobo.gal\/es\/buscador_resoluciones\/","title":{"rendered":"Buscador Resoluciones de la Comisi\u00f3n da Transparencia"},"content":{"rendered":"<h1>Resoluciones de la Comisi\u00f3n<\/h1>\n<p>En esta p\u00e1gina publicamos las resoluciones de las reclamaciones presentadas por la ciudadan\u00eda ante la Comisi\u00f3n de la Transparencia de Galicia. Como pueden apreciar est\u00e1n organizadas por a\u00f1os y meses y se permite el acceso la cada una de ellas por medio de un archivo en formato reutilizable donde figura el contenido \u00edntegro de las mismas.<\/p>\n<p>La publicaci\u00f3n se realiza una vez comprobada la recepci\u00f3n del documento por parte de las personas promotoras de las reclamaciones. El contenido del escrito de resoluci\u00f3n se difunde conforme la actual normativa con la anonimizaci\u00f3n de los datos personales que puedan aparecer.<\/p>\n<p>&nbsp;<\/p>\n<div id=\"uwpqsf_id\"><form id=\"uwpqsffrom_8493\" method=\"get\" action=\"https:\/\/comisiondatransparencia.valedordopobo.gal\/es\/\"><div class=\"uform_title\">Buscador de resoluciones<\/div><input type=\"hidden\" name=\"unonce\" value=\"ae0b9e8d6e\" \/><input type=\"hidden\" name=\"uformid\" value=\"8493\"><input type=\"hidden\" name=\"s\" value=\"uwpsfsearchtrg\" \/><div class=\"uwpqsf_class \" id=\"tax-select-0\"><span class=\"taxolabel-0\">MES<\/span><input  type=\"hidden\" name=\"taxo[0][name]\" value=\"post_tag\"><input  type=\"hidden\" name=\"taxo[0][opt]\" value=\"3\"><select id=\"tdp-0\" class=\"tdp-class-0\" name=\"taxo[0][term]\"><option selected value=\"uwpqsftaxoall\">Todos<\/option><option value=\"01-enero\" >01.Enero<\/option><option value=\"02-febrero\" >02.Febrero<\/option><option value=\"03-marzo-es\" >03.Marzo<\/option><option value=\"04-abril-es\" >04.Abril<\/option><option value=\"05-mayo\" >05.Mayo<\/option><option value=\"06-junio\" >06.Junio<\/option><option value=\"07-julio\" >07.Julio<\/option><option value=\"08-agosto-es\" >08.Agosto<\/option><option value=\"09-septiembre\" >09.Septiembre<\/option><option value=\"10-octube\" >10.Octubre<\/option><option value=\"11-noviembre\" >11.Noviembre<\/option><option value=\"12-diciembre\" >12.Diciembre<\/option><option value=\"2022-2-es\" >2022<\/option><option value=\"2023-es\" >2023<\/option><option value=\"2024-es\" >2024<\/option><option value=\"retroaccion\" >Retroacci\u00f3n<\/option><option value=\"se\" >se<\/option><\/select><\/div><div class=\"uwpqsf_class \" id=\"tax-select-1\"><span class=\"taxolabel-1\">A\u00d1O<\/span><input  type=\"hidden\" name=\"taxo[1][name]\" value=\"post_tag\"><input  type=\"hidden\" name=\"taxo[1][opt]\" value=\"3\"><select id=\"tdp-1\" class=\"tdp-class-1\" name=\"taxo[1][term]\"><option selected value=\"uwpqsftaxoall\">Todos<\/option><option value=\"2016-es\" >2016<\/option><option value=\"2017-es\" >2017<\/option><option value=\"2018-es\" >2018<\/option><option value=\"2019-es\" >2019<\/option><option value=\"2020-es\" >2020<\/option><option value=\"2021-es\" >2021<\/option><option value=\"2022\" >2022<\/option><option value=\"2022-2-es\" >2022<\/option><option value=\"2023-es\" >2023<\/option><option value=\"2024-es\" >2024<\/option><option value=\"retroaccion\" >Retroacci\u00f3n<\/option><option value=\"se\" >se<\/option><\/select><\/div><div class=\"uwpqsf_class \" id=\"tax-select-2\"><span class=\"taxolabel-2\">RESULTADO<\/span><input  type=\"hidden\" name=\"taxo[2][name]\" value=\"post_tag\"><input  type=\"hidden\" name=\"taxo[2][opt]\" value=\"3\"><select id=\"tdp-2\" class=\"tdp-class-2\" name=\"taxo[2][term]\"><option selected value=\"uwpqsftaxoall\">Todos<\/option><option value=\"2022-2-es\" >2022<\/option><option value=\"2023-es\" >2023<\/option><option value=\"2024-es\" >2024<\/option><option value=\"con-estimacion-formal-es\" >Con estimaci\u00f3n formal<\/option><option value=\"con-estimacion-parcial-es\" >Con estimaci\u00f3n parcial<\/option><option value=\"con-estimacion-total-es\" >Con estimaci\u00f3n total<\/option><option value=\"desestimacion-es\" >Desestimaci\u00f3n<\/option><option value=\"estimacion-para-retroaccion-es\" >Estimaci\u00f3n para retroacci\u00f3n<\/option><option value=\"inadmision-es\" >Inadmisi\u00f3n<\/option><option value=\"retroaccion\" >Retroacci\u00f3n<\/option><option value=\"se\" >se<\/option><\/select><\/div><div class=\"uwpqsf_class \"><label class=\"uwpqsf_class -keyword\">PUEDE BUSCAR DIRECTAMENTE LA RESOLUCI\u00d3N POR N\u00daMERO (Ejemplos: 123 o 123\/18) O SI PREFIERE, HACER UNA B\u00daSQUEDA POR TEXTO LIBRE. EJ: CONTRATACI\u00d3N<\/label><input id=\"uwpqsf_id_key\" type=\"text\" name=\"skeyword\" class=\"uwpqsftext\" value=\"\" \/><\/div><div class=\"uwpqsf_class  uwpqsf_submit\" id=\"uwpqsf_btn\"><input type=\"submit\" id=\"uwpqsf_id_btn\" value=\"Buscar\" alt=\"[Submit]\" class=\"usfbtn \" \/><\/div><div style=\"clear:both\"><\/div><\/form><\/div>\n<p>&nbsp;<\/p>\n<h4>\u00daltimas 5 resoluciones:<\/h4>\n<style>.wp-show-posts-columns#wpsp-8511 {margin-left: -2em; }.wp-show-posts-columns#wpsp-8511 .wp-show-posts-inner {margin: 0 0 2em 2em; }<\/style><section id=\"wpsp-8511\" class=\" wp-show-posts\" style=\"\"><article class=\" wp-show-posts-single wpsp-clearfix post-18917 post type-post status-publish format-standard hentry category-resoluciones-de-la-comision-de-la-transparencia tag-05-mayo tag-2024-es tag-con-estimacion-total-es\" itemtype=\"http:\/\/schema.org\/CreativeWork\" itemscope><div class=\"wp-show-posts-inner\" style=\"\">\t\t\t\t\t\t<header class=\"wp-show-posts-entry-header\">\n\t\t\t\t\t\t\t<h5 class=\"wp-show-posts-entry-title\" itemprop=\"headline\"><a href=\"https:\/\/comisiondatransparencia.valedordopobo.gal\/es\/rsctg-66-24\/\" rel=\"bookmark\">RSCTG 66\/24<\/a><\/h5><div class=\"wp-show-posts-entry-meta wp-show-posts-entry-meta-below-title post-meta-inline\"><span class=\"wp-show-posts-posted-on wp-show-posts-meta\">\n\t\t\t\t\t<a href=\"https:\/\/comisiondatransparencia.valedordopobo.gal\/es\/rsctg-66-24\/\" title=\"2:56 pm\" rel=\"bookmark\"><time class=\"wp-show-posts-entry-date published\" datetime=\"2026-03-11T14:56:26+01:00\" itemprop=\"datePublished\">11 marzo, 2026<\/time><\/a>\n\t\t\t\t<\/span><\/div>\t\t\t\t\t\t<\/header><!-- .entry-header -->\n\t\t\t\t\t\t\t\t\t\t\t<div class=\"wp-show-posts-entry-content\" itemprop=\"text\">\n\t\t\t\t\t\t\t<p><strong>RSCTG 66\/24 <\/strong><a href=\"https:\/\/comisiondatransparencia.valedordopobo.gal\/wp-content\/uploads\/2026\/03\/Resolucion-RSCTG-66-24-Adm-Censurado.pdf\">Acceso a la informaci\u00f3n p\u00fablica de la Conseller\u00eda de Sanidade sobre los datos relativos a la demora media entre la solicitud de consulta y la primera cita presencial en atenci\u00f3n primaria disponible durante el a\u00f1o 2023, desglosados por centro de salud de Galicia.<\/a><\/p>\n<p>Resultado: <strong>Estimaci\u00f3n<\/strong><\/p>\n\t\t\t\t\t\t<\/div><!-- .entry-content -->\n\t\t\t\t\t<\/div><!-- wp-show-posts-inner --><div class=\"wpsp-clear\"><\/div><\/article><article class=\" wp-show-posts-single wpsp-clearfix post-18915 post type-post status-publish format-standard hentry category-resoluciones-de-la-comision-de-la-transparencia tag-05-mayo tag-2024-es tag-desestimacion-es\" itemtype=\"http:\/\/schema.org\/CreativeWork\" itemscope><div class=\"wp-show-posts-inner\" style=\"\">\t\t\t\t\t\t<header class=\"wp-show-posts-entry-header\">\n\t\t\t\t\t\t\t<h5 class=\"wp-show-posts-entry-title\" itemprop=\"headline\"><a href=\"https:\/\/comisiondatransparencia.valedordopobo.gal\/es\/rsctg-65-24\/\" rel=\"bookmark\">RSCTG 65\/24<\/a><\/h5><div class=\"wp-show-posts-entry-meta wp-show-posts-entry-meta-below-title post-meta-inline\"><span class=\"wp-show-posts-posted-on wp-show-posts-meta\">\n\t\t\t\t\t<a href=\"https:\/\/comisiondatransparencia.valedordopobo.gal\/es\/rsctg-65-24\/\" title=\"2:47 pm\" rel=\"bookmark\"><time class=\"wp-show-posts-entry-date published\" datetime=\"2026-03-11T14:47:34+01:00\" itemprop=\"datePublished\">11 marzo, 2026<\/time><\/a>\n\t\t\t\t<\/span><\/div>\t\t\t\t\t\t<\/header><!-- .entry-header -->\n\t\t\t\t\t\t\t\t\t\t\t<div class=\"wp-show-posts-entry-content\" itemprop=\"text\">\n\t\t\t\t\t\t\t<p><strong>RSCTG 65\/24 <\/strong><a href=\"https:\/\/comisiondatransparencia.valedordopobo.gal\/wp-content\/uploads\/2026\/03\/Resolucion-RSCTG-65-24-Adm-Censurado.pdf\">Acceso a la informaci\u00f3n p\u00fablica de la Vicepresidencia Primeira e Conseller\u00eda de Presidencia, Xustiza e Deportes sobre las peticiones de reembolsos efectuadas por los ciudadanos por los votos emitidos desde el extranjero en las elecciones al Parlamento de Galicia del 12 de julio de 2020. <\/a><\/p>\n<p>Resultado: <strong>Desestimaci\u00f3n<\/strong><\/p>\n\t\t\t\t\t\t<\/div><!-- .entry-content -->\n\t\t\t\t\t<\/div><!-- wp-show-posts-inner --><div class=\"wpsp-clear\"><\/div><\/article><article class=\" wp-show-posts-single wpsp-clearfix post-18905 post type-post status-publish format-standard hentry category-resoluciones-de-la-comision-de-la-transparencia tag-05-mayo tag-2024-es tag-archivo\" itemtype=\"http:\/\/schema.org\/CreativeWork\" itemscope><div class=\"wp-show-posts-inner\" style=\"\">\t\t\t\t\t\t<header class=\"wp-show-posts-entry-header\">\n\t\t\t\t\t\t\t<h5 class=\"wp-show-posts-entry-title\" itemprop=\"headline\"><a href=\"https:\/\/comisiondatransparencia.valedordopobo.gal\/es\/rsctg-64-24\/\" rel=\"bookmark\">RSCTG 64\/24<\/a><\/h5><div class=\"wp-show-posts-entry-meta wp-show-posts-entry-meta-below-title post-meta-inline\"><span class=\"wp-show-posts-posted-on wp-show-posts-meta\">\n\t\t\t\t\t<a href=\"https:\/\/comisiondatransparencia.valedordopobo.gal\/es\/rsctg-64-24\/\" title=\"2:32 pm\" rel=\"bookmark\"><time class=\"wp-show-posts-entry-date published\" datetime=\"2026-03-11T14:32:33+01:00\" itemprop=\"datePublished\">11 marzo, 2026<\/time><\/a>\n\t\t\t\t<\/span><\/div>\t\t\t\t\t\t<\/header><!-- .entry-header -->\n\t\t\t\t\t\t\t\t\t\t\t<div class=\"wp-show-posts-entry-content\" itemprop=\"text\">\n\t\t\t\t\t\t\t<p><strong>RSCTG 64\/24 <\/strong><a href=\"https:\/\/comisiondatransparencia.valedordopobo.gal\/wp-content\/uploads\/2026\/03\/Resolucion-RSCTG-64-24-Adm-Censurado.pdf\">Acceso a la informaci\u00f3n p\u00fablica de la Direcci\u00f3n Xeral de Mobilidade sobre el estudio licitado relativo a la l\u00ednea ferroviaria A Coru\u00f1a-Ferrol<\/a>.<\/p>\n<p>Resultado: <strong>Archivo<\/strong><\/p>\n\t\t\t\t\t\t<\/div><!-- .entry-content -->\n\t\t\t\t\t<\/div><!-- wp-show-posts-inner --><div class=\"wpsp-clear\"><\/div><\/article><article class=\" wp-show-posts-single wpsp-clearfix post-18903 post type-post status-publish format-standard hentry category-resoluciones-de-la-comision-de-la-transparencia tag-05-mayo tag-2024-es tag-con-estimacion-total-es\" itemtype=\"http:\/\/schema.org\/CreativeWork\" itemscope><div class=\"wp-show-posts-inner\" style=\"\">\t\t\t\t\t\t<header class=\"wp-show-posts-entry-header\">\n\t\t\t\t\t\t\t<h5 class=\"wp-show-posts-entry-title\" itemprop=\"headline\"><a href=\"https:\/\/comisiondatransparencia.valedordopobo.gal\/es\/rsctg-63-24\/\" rel=\"bookmark\">RSCTG 63\/24<\/a><\/h5><div class=\"wp-show-posts-entry-meta wp-show-posts-entry-meta-below-title post-meta-inline\"><span class=\"wp-show-posts-posted-on wp-show-posts-meta\">\n\t\t\t\t\t<a href=\"https:\/\/comisiondatransparencia.valedordopobo.gal\/es\/rsctg-63-24\/\" title=\"2:28 pm\" rel=\"bookmark\"><time class=\"wp-show-posts-entry-date published\" datetime=\"2026-03-11T14:28:06+01:00\" itemprop=\"datePublished\">11 marzo, 2026<\/time><\/a>\n\t\t\t\t<\/span><\/div>\t\t\t\t\t\t<\/header><!-- .entry-header -->\n\t\t\t\t\t\t\t\t\t\t\t<div class=\"wp-show-posts-entry-content\" itemprop=\"text\">\n\t\t\t\t\t\t\t<p><strong>RSCTG 63\/24 <\/strong><a href=\"https:\/\/comisiondatransparencia.valedordopobo.gal\/wp-content\/uploads\/2026\/03\/Resolucion-RSCTG-63-24-Concello_CENSURADO.pdf\">Acceso a la informaci\u00f3n p\u00fablica del Ayuntamiento de A Coru\u00f1a sobre el cierre del complejo deportivo de La Torre para la realizaci\u00f3n de un acto relativo a la campa\u00f1a electoral.<\/a><\/p>\n<p>Resultado: <strong>Estimaci\u00f3n<\/strong><\/p>\n\t\t\t\t\t\t<\/div><!-- .entry-content -->\n\t\t\t\t\t<\/div><!-- wp-show-posts-inner --><div class=\"wpsp-clear\"><\/div><\/article><article class=\" wp-show-posts-single wpsp-clearfix post-18893 post type-post status-publish format-standard hentry category-resoluciones-de-la-comision-de-la-transparencia tag-04-abril-es tag-2024-es tag-con-estimacion-formal-es\" itemtype=\"http:\/\/schema.org\/CreativeWork\" itemscope><div class=\"wp-show-posts-inner\" style=\"\">\t\t\t\t\t\t<header class=\"wp-show-posts-entry-header\">\n\t\t\t\t\t\t\t<h5 class=\"wp-show-posts-entry-title\" itemprop=\"headline\"><a href=\"https:\/\/comisiondatransparencia.valedordopobo.gal\/es\/rsctg-62-24\/\" rel=\"bookmark\">RSCTG 62\/24<\/a><\/h5><div class=\"wp-show-posts-entry-meta wp-show-posts-entry-meta-below-title post-meta-inline\"><span class=\"wp-show-posts-posted-on wp-show-posts-meta\">\n\t\t\t\t\t<a href=\"https:\/\/comisiondatransparencia.valedordopobo.gal\/es\/rsctg-62-24\/\" title=\"2:23 pm\" rel=\"bookmark\"><time class=\"wp-show-posts-entry-date published\" datetime=\"2026-03-11T14:23:31+01:00\" itemprop=\"datePublished\">11 marzo, 2026<\/time><\/a>\n\t\t\t\t<\/span><\/div>\t\t\t\t\t\t<\/header><!-- .entry-header -->\n\t\t\t\t\t\t\t\t\t\t\t<div class=\"wp-show-posts-entry-content\" itemprop=\"text\">\n\t\t\t\t\t\t\t<p><strong>RSCTG 62\/24 <\/strong><a href=\"https:\/\/comisiondatransparencia.valedordopobo.gal\/wp-content\/uploads\/2026\/03\/Resolucion-RSCTG-62-24-Concello_CENSURADO.pdf\">Acceso a la informaci\u00f3n p\u00fablica del Ayuntamiento de Ourense sobre los acuerdos de los plenos municipales para cambiar los nombres relacionados con la Guerra Civil en el callejero de la ciudad.<\/a><\/p>\n<p>Resultado: <strong>Estimaci\u00f3n formal<\/strong><\/p>\n\t\t\t\t\t\t<\/div><!-- .entry-content -->\n\t\t\t\t\t<\/div><!-- wp-show-posts-inner --><div class=\"wpsp-clear\"><\/div><\/article><\/section><!-- .wp-show-posts -->\n","protected":false},"excerpt":{"rendered":"<p>Resoluciones de la Comisi\u00f3n En esta p\u00e1gina publicamos las resoluciones de las reclamaciones presentadas por la ciudadan\u00eda ante la Comisi\u00f3n de&#8230;<\/p>\n","protected":false},"author":2,"featured_media":0,"parent":0,"menu_order":0,"comment_status":"closed","ping_status":"closed","template":"","meta":{"_mc_calendar":[],"footnotes":""},"class_list":["post-8506","page","type-page","status-publish","hentry"],"_links":{"self":[{"href":"https:\/\/comisiondatransparencia.valedordopobo.gal\/es\/wp-json\/wp\/v2\/pages\/8506","targetHints":{"allow":["GET"]}}],"collection":[{"href":"https:\/\/comisiondatransparencia.valedordopobo.gal\/es\/wp-json\/wp\/v2\/pages"}],"about":[{"href":"https:\/\/comisiondatransparencia.valedordopobo.gal\/es\/wp-json\/wp\/v2\/types\/page"}],"author":[{"embeddable":true,"href":"https:\/\/comisiondatransparencia.valedordopobo.gal\/es\/wp-json\/wp\/v2\/users\/2"}],"replies":[{"embeddable":true,"href":"https:\/\/comisiondatransparencia.valedordopobo.gal\/es\/wp-json\/wp\/v2\/comments?post=8506"}],"version-history":[{"count":0,"href":"https:\/\/comisiondatransparencia.valedordopobo.gal\/es\/wp-json\/wp\/v2\/pages\/8506\/revisions"}],"wp:attachment":[{"href":"https:\/\/comisiondatransparencia.valedordopobo.gal\/es\/wp-json\/wp\/v2\/media?parent=8506"}],"curies":[{"name":"wp","href":"https:\/\/api.w.org\/{rel}","templated":true}]}}